{"id":55117,"date":"2025-03-31T14:08:23","date_gmt":"2025-03-31T12:08:23","guid":{"rendered":"https:\/\/historicrooms.com\/de\/produkt\/hotel-villa-westend\/"},"modified":"2025-03-31T16:54:46","modified_gmt":"2025-03-31T14:54:46","slug":"hotel-villa-westend","status":"publish","type":"product","link":"https:\/\/historicrooms.com\/en\/product\/hotel-villa-westend\/","title":{"rendered":"Hotel Villa Westend"},"content":{"rendered":"<p>Unser\u00a0Hotel im Zentrum von Meran\u00a0ist nur wenige Minuten von der geschichtstr\u00e4chtigen Innenstadt der S\u00fcdtiroler Kurstadt entfernt und liegt direkt an der ber\u00fchmten Passer-Promenade. Dank der herrlichen und weitl\u00e4ufigen Gartenlandschaft, die uns umgibt, werden Sie die n\u00f6tige Ruhe f\u00fcr einen erholsamen Aufenthalt finden: Die perfekte Unterkunft f\u00fcr einen\u00a0einzigartigen Urlaub in Meran.<\/p>\n<p>In the Hotel Villa Westend, built in 1890, one can feel a touch of bygone eras: high ceilings, antique parquet floors and some original \"Art Nouveau\" interior furnishings. Various pieces of furniture from the furniture factory J &amp; J Herrmann, founded in 1878, can be found in the hotel rooms of the Westend. This world-famous furniture factory produced high-quality pieces based on artistic designs, including French and English styles, and participated in various exhibitions, including at the Austrian Museum of Art and Industry, now known as the MAK.<\/p>\n<p>Nostalgics and romantics will fall in love with our little \"Art Nouveau\" gem on the Passer promenade in Merano.<\/p>","protected":false},"excerpt":{"rendered":"<p>Unser\u00a0Hotel im Zentrum von Meran\u00a0ist nur wenige Minuten von der geschichtstr\u00e4chtigen Innenstadt der S\u00fcdtiroler Kurstadt entfernt und liegt direkt an der ber\u00fchmten Passer-Promenade. Dank der herrlichen und weitl\u00e4ufigen Gartenlandschaft, die uns umgibt, werden Sie die n\u00f6tige Ruhe f\u00fcr einen erholsamen Aufenthalt finden: Die perfekte Unterkunft f\u00fcr einen\u00a0einzigartigen Urlaub in Meran. Im Hotel Villa Westend aus [&hellip;]<\/p>\n","protected":false},"featured_media":0,"comment_status":"open","ping_status":"closed","template":"","meta":[],"product_brand":[],"product_cat":[22],"product_tag":[],"class_list":{"0":"post-55117","1":"product","2":"type-product","3":"status-publish","5":"product_cat-listeo-booking","7":"first","8":"instock","9":"virtual","10":"sold-individually","11":"taxable","12":"purchasable","13":"product-type-listing_booking"},"_links":{"self":[{"href":"https:\/\/historicrooms.com\/en\/wp-json\/wp\/v2\/product\/55117","targetHints":{"allow":["GET"]}}],"collection":[{"href":"https:\/\/historicrooms.com\/en\/wp-json\/wp\/v2\/product"}],"about":[{"href":"https:\/\/historicrooms.com\/en\/wp-json\/wp\/v2\/types\/product"}],"replies":[{"embeddable":true,"href":"https:\/\/historicrooms.com\/en\/wp-json\/wp\/v2\/comments?post=55117"}],"wp:attachment":[{"href":"https:\/\/historicrooms.com\/en\/wp-json\/wp\/v2\/media?parent=55117"}],"wp:term":[{"taxonomy":"product_brand","embeddable":true,"href":"https:\/\/historicrooms.com\/en\/wp-json\/wp\/v2\/product_brand?post=55117"},{"taxonomy":"product_cat","embeddable":true,"href":"https:\/\/historicrooms.com\/en\/wp-json\/wp\/v2\/product_cat?post=55117"},{"taxonomy":"product_tag","embeddable":true,"href":"https:\/\/historicrooms.com\/en\/wp-json\/wp\/v2\/product_tag?post=55117"}],"curies":[{"name":"wp","href":"https:\/\/api.w.org\/{rel}","templated":true}]}}