{"id":53964,"date":"2025-01-14T12:17:12","date_gmt":"2025-01-14T11:17:12","guid":{"rendered":"https:\/\/historicrooms.com\/de\/produkt\/schloss-wasserburg\/"},"modified":"2026-01-18T19:27:16","modified_gmt":"2026-01-18T18:27:16","slug":"schloss-wasserburg","status":"publish","type":"product","link":"https:\/\/historicrooms.com\/en\/product\/schloss-wasserburg\/","title":{"rendered":"Wasserburg Castle"},"content":{"rendered":"<p>The castle is located 45 km west of Vienna, near the picturesque Danube Valley of Wachau, renowned for its vineyards, monasteries, castles, and charming old villages \u2013 perfect for sightseeing tours. Dating back to the 12th century, the castle now presents itself as a romantic Baroque chateau, surrounded by a pond filled with fish, ducks, and other waterfowl. Thoroughbred horses graze in the historic park under ancient trees, which offer numerous romantic picnic spots. The historic stone garden features a large swimming pool (22 x 14 m) with a bathhouse and a sand tennis court. For golf enthusiasts, several beautiful golf courses are nearby.<\/p>\n<p><strong>The Castle<\/strong><\/p>\n<p>On the ground floor, you will find a small entrance hall, a large hall with an open fireplace, a vestibule, a cozy lounge and a sauna. On the first floor, there is a spacious salon, a summer breakfast room, a library with an open fireplace, a Chinese dining room, a vast kitchen and a hall for various occasions. The guest rooms are located on the second floor. Experience the charm and comfort of this historic castle and let its unique atmosphere enchant you.<\/p>\n<p><strong>For up to 20 guests<\/strong><\/p>\n<p>The castle can accommodate up to 20 guests. There are 10 double rooms (up to 13 rooms available upon request), 4 of which have en-suite bathrooms. The remaining 6 double rooms share 3 bathrooms. The rooms are elegantly furnished in an English country style, offering spacious and comfortable accommodations.<\/p>\n<h2>Around Wasserburg Castle<\/h2>\n<p><strong>Cultural experiences:<\/strong> Herzogenburg Abbey, G\u00f6ttweig Abbey, Melk Abbey, Schallaburg Castle, events at the Festspielhaus St. P\u00f6lten, the annual Danube Festival in Wachau every June, rotating exhibitions in Krems, Tulln, and Schallaburg, as well as in the Wachau region and much more.<\/p>\n<p><strong>Outdoor sports activities: <\/strong>Cycle paths, especially in the Wachau region, hiking, tennis in the castle park, swimming in the castle park, horse riding in the surrounding area, golf, table tennis, trampoline jumping, boating, fishing, inline skating<br \/>\nSkiing in:<br \/>\nLilienfeld (approx. 30 min), T\u00fcrnitz (approx. 45 min), Annaberg, Josefsberg (approx. 50 min), \u00d6tscher (approx. 1 hr) \u2013 great snow conditions guaranteed!, Mariazell (approx. 1 hr), cross-country skiing and skiing in the beautiful Fadental (approx. 1 hr).<\/p>\n<p>&nbsp;<\/p>\n<p>&nbsp;<\/p>","protected":false},"excerpt":{"rendered":"<p>Das Schloss liegt 45 km westlich von Wien, in der N\u00e4he des malerischen Donautals Wachau, bekannt f\u00fcr seine Weinberge, Kl\u00f6ster, Schl\u00f6sser und charmanten alten D\u00f6rfer \u2013 ideal f\u00fcr Sightseeing-Touren. Das Schloss stammt aus dem 12. Jahrhundert und pr\u00e4sentiert sich heute als romantisches Barockschloss, umgeben von einem Teich mit Fischen, Enten und anderen Wasserv\u00f6geln. Vollblutpferde grasen [&hellip;]<\/p>\n","protected":false},"featured_media":0,"comment_status":"open","ping_status":"closed","template":"","meta":[],"product_brand":[],"product_cat":[22],"product_tag":[],"class_list":{"0":"post-53964","1":"product","2":"type-product","3":"status-publish","5":"product_cat-listeo-booking","7":"first","8":"instock","9":"virtual","10":"sold-individually","11":"taxable","12":"purchasable","13":"product-type-listing_booking"},"_links":{"self":[{"href":"https:\/\/historicrooms.com\/en\/wp-json\/wp\/v2\/product\/53964","targetHints":{"allow":["GET"]}}],"collection":[{"href":"https:\/\/historicrooms.com\/en\/wp-json\/wp\/v2\/product"}],"about":[{"href":"https:\/\/historicrooms.com\/en\/wp-json\/wp\/v2\/types\/product"}],"replies":[{"embeddable":true,"href":"https:\/\/historicrooms.com\/en\/wp-json\/wp\/v2\/comments?post=53964"}],"wp:attachment":[{"href":"https:\/\/historicrooms.com\/en\/wp-json\/wp\/v2\/media?parent=53964"}],"wp:term":[{"taxonomy":"product_brand","embeddable":true,"href":"https:\/\/historicrooms.com\/en\/wp-json\/wp\/v2\/product_brand?post=53964"},{"taxonomy":"product_cat","embeddable":true,"href":"https:\/\/historicrooms.com\/en\/wp-json\/wp\/v2\/product_cat?post=53964"},{"taxonomy":"product_tag","embeddable":true,"href":"https:\/\/historicrooms.com\/en\/wp-json\/wp\/v2\/product_tag?post=53964"}],"curies":[{"name":"wp","href":"https:\/\/api.w.org\/{rel}","templated":true}]}}