{"id":51637,"date":"2024-05-11T11:58:15","date_gmt":"2024-05-11T09:58:15","guid":{"rendered":"https:\/\/historicrooms.com\/product\/schlossgut-gundersdorf-2\/"},"modified":"2024-07-02T07:47:03","modified_gmt":"2024-07-02T05:47:03","slug":"schlossgut-gundersdorf-2","status":"publish","type":"product","link":"https:\/\/historicrooms.com\/en\/product\/schlossgut-gundersdorf-2\/","title":{"rendered":"Schlossgut Gundersdorf"},"content":{"rendered":"<p>In <strong>the heart of Carinthia<\/strong>, in the village of Magdalensberg near Klagenfurt, we offer spacious rooms and 2 holiday appartements in our carefully restored 16th century castle manor.\u00a0<span class=\"Apple-converted-space\">\u00a0<\/span><\/p>\n<h3><strong>Quick in the city - holiday in the countryside<\/strong><\/h3>\n<p>Klagenfurt am W\u00f6rthersee is easily reached for a shopping tour or a stroll through the historic old town with its southern flair and Europe's largest inland beach on the famous W\u00f6rther See is not far away either! Walk or cycle through the charming countryside of our village, the historical excavations on the Magdalensberg prove that even the Romans appreciated the mild climate south of the Alps and the beauty of the Carinthian surroundings. The medieval castle ruins of Zeiselburg are within easy walking distance.<\/p>\n<p>Our <strong>guest rooms with their high ceilings<\/strong> offer space for up to 10 people. They are furnished with antique solid wood furniture, have old tiled stoves and original lamps, stucco work or parquet floors and fascinate with their unique charm. Each room has its own small bathroom and satellite TV; WLAN throughout the house. On request, we are also happy to provide our guests with baby cots. The metre-thick castle walls keep the rooms pleasantly cool in summer and ensure a restful sleep, while in winter a modern woodchip heating system brings comfort. A rich breakfast with homemade products and specialities from the region is served in the dining room with barrel vault and ensures the perfect start into the day.<\/p>\n<p><strong>Plenty of space<\/strong><br \/>\nAround the house, the large garden offers plenty of space to play and unwind. Fragrant herbs, fruit and vegetables grow here - the basic ingredients for our handmade products, which are always available in the self-service farm shop.<br \/>\n<strong>Children<\/strong> are especially welcome here: whether jumping into the pool or playing in the garden - being loud is allowed here! Our young guests can expect a playground, many petting animals and a play corner.<\/p>","protected":false},"excerpt":{"rendered":"<p>Im Herzen K\u00e4rntens, in der Gemeinde Magdalensberg nahe Klagenfurt, bieten wir Ihnen gro\u00dfz\u00fcgige Zimmer und 2 Ferienwohnungen in unserem liebevoll restaurierten Schlossgut aus dem 16. Jahrhundert.\u00a0\u00a0 Schnell in der Stadt &#8211; Urlaub am Land Klagenfurt am W\u00f6rthersee ist schnell f\u00fcr einen Einkaufsbummel oder einen Spaziergang durch die historische Altstadt mit seinem s\u00fcdlichen Flair erreichbar und [&hellip;]<\/p>\n","protected":false},"featured_media":0,"comment_status":"open","ping_status":"closed","template":"","meta":[],"product_brand":[],"product_cat":[22],"product_tag":[],"class_list":{"0":"post-51637","1":"product","2":"type-product","3":"status-publish","5":"product_cat-listeo-booking","7":"first","8":"instock","9":"virtual","10":"sold-individually","11":"taxable","12":"purchasable","13":"product-type-listing_booking"},"_links":{"self":[{"href":"https:\/\/historicrooms.com\/en\/wp-json\/wp\/v2\/product\/51637","targetHints":{"allow":["GET"]}}],"collection":[{"href":"https:\/\/historicrooms.com\/en\/wp-json\/wp\/v2\/product"}],"about":[{"href":"https:\/\/historicrooms.com\/en\/wp-json\/wp\/v2\/types\/product"}],"replies":[{"embeddable":true,"href":"https:\/\/historicrooms.com\/en\/wp-json\/wp\/v2\/comments?post=51637"}],"wp:attachment":[{"href":"https:\/\/historicrooms.com\/en\/wp-json\/wp\/v2\/media?parent=51637"}],"wp:term":[{"taxonomy":"product_brand","embeddable":true,"href":"https:\/\/historicrooms.com\/en\/wp-json\/wp\/v2\/product_brand?post=51637"},{"taxonomy":"product_cat","embeddable":true,"href":"https:\/\/historicrooms.com\/en\/wp-json\/wp\/v2\/product_cat?post=51637"},{"taxonomy":"product_tag","embeddable":true,"href":"https:\/\/historicrooms.com\/en\/wp-json\/wp\/v2\/product_tag?post=51637"}],"curies":[{"name":"wp","href":"https:\/\/api.w.org\/{rel}","templated":true}]}}