{"id":51621,"date":"2024-05-11T11:58:09","date_gmt":"2024-05-11T09:58:09","guid":{"rendered":"https:\/\/historicrooms.com\/product\/schloss-englar-2\/"},"modified":"2026-03-26T11:10:48","modified_gmt":"2026-03-26T10:10:48","slug":"schloss-englar-2","status":"publish","type":"product","link":"https:\/\/historicrooms.com\/en\/product\/schloss-englar-2\/","title":{"rendered":"Englar Castle"},"content":{"rendered":"<p class=\"western\"><span style=\"font-family: Avenir Next\"><span style=\"font-size: medium\"><span style=\"color: #4e4123\">In a charming hillside location at the foot of the Mendel Mountains and surrounded by old trees, you will find the Gothic castle with its idyllic chapel and extensive estate.<\/span><\/span><\/span><\/p>\n<p><span style=\"font-family: Avenir Next\"><span style=\"font-size: medium\"><span style=\"color: #4e4123\">Over the centuries and through the turbulences of time, it has retained its special charm and today opens its doors to guests who appreciate the exceptional ambience and cosy atmosphere of historic walls.<\/span><\/span><\/span><br \/>\n<span style=\"font-family: Avenir Next\"><span style=\"font-size: medium\"><span style=\"color: #4e4123\">The complex, lovingly restored in 2015, offers a family flair in unique surroundings with its guest rooms, the large knights' hall with open fireplace and the sunny gardens with outdoor swimming pool.<\/span><\/span><\/span><\/p>\n<h3>How to stay with us<\/h3>\n<p><span style=\"font-family: Avenir Next\"><span style=\"font-size: medium\"><span style=\"color: #4e4123\">Our house has 8 charming rooms, situated on 3 floors and lovingly furnished individually by the lady of the castle. Each room has its own special character, which combines a timeless elegance with the historic furniture of the castle.<\/span><\/span><\/span><br \/>\n<span style=\"font-family: Avenir Next\"><span style=\"font-size: medium\"><span style=\"color: #4e4123\">On each floor there is a junior suite next to a double room. The large tower room on the 3rd floor with living room and bedroom enchants with a hidden balcony between the steep roofs.<\/span><\/span><\/span><\/p>\n<p><span style=\"font-family: Avenir Next\"><span style=\"font-size: medium\"><span style=\"color: #4e4123\">Some rooms have baroque stucco ceilings, others have carved wooden ceilings from the Renaissance; each room is different and incomparable in its atmosphere - old charm and modern comfort.<\/span><\/span><\/span><br \/>\n<span style=\"font-family: Avenir Next\"><span style=\"font-size: medium\"><span style=\"color: #4e4123\">All rooms and bathrooms were completely renovated in 2015 and brought up to today's standards.<\/span><\/span><\/span><br \/>\n<span style=\"font-family: Avenir Next\"><span style=\"font-size: medium\"><span style=\"color: #4e4123\">Due to construction, we do not have a lift in the house. All rooms have a free Wi-Fi connection.<\/span><\/span><\/span><br \/>\n<span style=\"font-family: Avenir Next\"><span style=\"font-size: medium\"><span style=\"color: #4e4123\">Our seasonal offers are a special feature: Write to us and we will be happy to send you a special offer.<\/span><\/span><\/span><\/p>","protected":false},"excerpt":{"rendered":"<p>In charmanter H\u00fcgellage am Fu\u00dfe des Mendelgebirges und von alten B\u00e4umen umgeben, steht das gotische Schloss mit idyllischer Kapelle und ausgedehntem Gutshof. Es hat im Verlauf der Jahrhunderte und durch die Wirren der Zeiten seine besondere Attraktivit\u00e4t erhalten und \u00f6ffnet heute seine Tore den Reisenden, die das au\u00dfergew\u00f6hnliche Ambiente und die behagliche Atmosph\u00e4re von historischen [&hellip;]<\/p>\n","protected":false},"featured_media":0,"comment_status":"open","ping_status":"closed","template":"","meta":[],"product_brand":[],"product_cat":[22],"product_tag":[],"class_list":{"0":"post-51621","1":"product","2":"type-product","3":"status-publish","5":"product_cat-listeo-booking","7":"first","8":"instock","9":"virtual","10":"sold-individually","11":"taxable","12":"purchasable","13":"product-type-listing_booking"},"_links":{"self":[{"href":"https:\/\/historicrooms.com\/en\/wp-json\/wp\/v2\/product\/51621","targetHints":{"allow":["GET"]}}],"collection":[{"href":"https:\/\/historicrooms.com\/en\/wp-json\/wp\/v2\/product"}],"about":[{"href":"https:\/\/historicrooms.com\/en\/wp-json\/wp\/v2\/types\/product"}],"replies":[{"embeddable":true,"href":"https:\/\/historicrooms.com\/en\/wp-json\/wp\/v2\/comments?post=51621"}],"wp:attachment":[{"href":"https:\/\/historicrooms.com\/en\/wp-json\/wp\/v2\/media?parent=51621"}],"wp:term":[{"taxonomy":"product_brand","embeddable":true,"href":"https:\/\/historicrooms.com\/en\/wp-json\/wp\/v2\/product_brand?post=51621"},{"taxonomy":"product_cat","embeddable":true,"href":"https:\/\/historicrooms.com\/en\/wp-json\/wp\/v2\/product_cat?post=51621"},{"taxonomy":"product_tag","embeddable":true,"href":"https:\/\/historicrooms.com\/en\/wp-json\/wp\/v2\/product_tag?post=51621"}],"curies":[{"name":"wp","href":"https:\/\/api.w.org\/{rel}","templated":true}]}}