{"id":51619,"date":"2024-05-11T11:58:08","date_gmt":"2024-05-11T09:58:08","guid":{"rendered":"https:\/\/historicrooms.com\/product\/burg-feistritz-alte-reitschule\/"},"modified":"2026-01-18T19:39:29","modified_gmt":"2026-01-18T18:39:29","slug":"burg-feistritz-alte-reitschule","status":"publish","type":"product","link":"https:\/\/historicrooms.com\/en\/product\/burg-feistritz-alte-reitschule\/","title":{"rendered":"Burg Feistritz &amp; The Old Riding School"},"content":{"rendered":"<p>Only 80 km south of Vienna, Burg Feistritz is nestled in the green hills of the Wechselland. For many years, it has opened its doors to larger, closed groups looking for a private, cultivated and historic ambience for a shared experience.<br \/>\nCenturies of development, careful renovations and cultural wealth have influenced the fortress and turned it into an inviting and stately castle.<br \/>\nCharming historic rooms and a variety of beautiful, comfortable guest rooms invite creative gatherings, exchange of ideas, and collaborative endeavors. The old stone stairs of the arcade-adorned courtyard lead to the <strong><strong>Knight\u2019s Hall with a B\u00f6sendorfer grand piano, the castle chapel, terraces, studios, and seminar rooms<strong><\/strong> as well as to the castle\u2019s individual guest rooms and dining rooms accommodating up to 60 guests.<\/p>\n<h3><strong>A special location for corporate events, seminars and workshops<\/strong><\/h3>\n<p>Burg Feistritz offers an attractive, inspiring and exclusive ambience for seminars, meetings and conferences of business, art and science. The private atmosphere, the comfortable guest rooms, the seminar rooms with modern technical equipment, the personal service and the possibility of private catering make your meeting a special event.<br \/>\nIn den Sommermonaten bieten sich gro\u00dfz\u00fcgige Atelierr\u00e4ume f\u00fcr Kurse und Workshops in Handwerk & Kunst an. In diesen Wochen wohnen die Teilnehmer und K\u00fcnstler gemeinsam in der Burg und lassen sich durch die malerische Umgebung und die besondere Atmosph\u00e4re inspirieren.<\/p>\n<h3><strong>Weddings<\/strong><\/h3>\n<p>Feistritz Castle offers a charming and unique setting to make your big day extra special.\u00a0A selection of beautiful rooms and places are available for your ceremony, such as the festive Knights' Hall, the baroque castle chapel or the romantic castle park.\u00a0The Old Riding School provides the atmospheric setting for large banquets and celebrations.<br \/>\nThe two cavalier houses and the rooms and flats (up to 60 people) in the castle are available for overnight stays of your guests.<\/p>\n<h3><strong>Old Riding School<\/strong><\/h3>\n<p>The Old Riding School with its rustic beam structure was built in the early 19th century on the former tournament grounds. It offers a very large and atmospheric space for parties, workshops, exhibitions and concerts. Equipped with a large stage and catering facilities, the Old Riding School is also the venue for the annual Summer Music Festival.<\/p>\n<h3 class=\"translation-block\"><strong>Castle park &amp; Garden<\/strong><\/h3>\n<p>Feistritz Castle is surrounded by a charming historical park, which was designed in the early 19th century in the style of an English landscape garden. During your event, stroll through the park with its old trees, open green spaces, ponds, sculptures and various elements of romantic garden architecture.<\/p>\n<h3><strong>Catering<\/strong><\/h3>\n<h4><strong>Burg Feistritz als \u201ccatered castle\u201d<\/strong><\/h4>\n<p>Burg Feistritz specialises in accommodation for groups, where overnight stays are always offered with breakfast. Depending on the size and wishes of the group, catering from simple to festive meals can also be arranged.<br \/>\nSelf-catering is possible in the two cavalier houses, which have well-equipped kitchens.<\/p>\n<h3><strong>Burg & Kavalierh\u00e4user<\/strong><\/h3>\n<p>\u00dcbernachtungen auf Burg Feistritz sind f\u00fcr Gruppen bis zu 60 Personen in komfortablen Einzel- und Doppelzimmern m\u00f6glich. Die Zimmer verteilen sich \u00fcber die alte Burg und die zwei Kavaliersh\u00e4user.\u00a0Neben der Alten Burg bzw. neben der Veranstaltungslocation \u2018Reithalle\u2019 stehen die beiden charmante Kavaliersh\u00e4user zur Verf\u00fcgung, die viel Privatsph\u00e4re f\u00fcr kleine Seminare oder f\u00fcr Zusammenk\u00fcnfte von Freunden und gro\u00dfen Familien bieten. Diese H\u00e4user verf\u00fcgen \u00fcber ger\u00e4umige Wohn- und\/oder Arbeitsbereiche, gut ausger\u00fcstete K\u00fcchen, sowie \u00fcber private Terrassen mit freier Aussicht \u00fcber die Ortschaft Feistritz am Wechsel.<br \/>\n14 comfortable double rooms (7 double rooms per house).<\/p>","protected":false},"excerpt":{"rendered":"<p>Nur 80 km s\u00fcdlich von Wien liegt Burg Feistritz eingebettet in die gr\u00fcnen H\u00fcgel des Wechsellandes. Seit vielen Jahren \u00f6ffnet sie die Tore f\u00fcr gr\u00f6\u00dfere, geschlossene Gruppen, die ein privates, kultiviertes und historisches Ambiente f\u00fcr ein gemeinsames Erlebnis suchen. Jahrhunderte der Entwicklung, behutsame Umbauten und kultureller Reichtum haben die Festung gepr\u00e4gt und in ein einladendes [&hellip;]<\/p>\n","protected":false},"featured_media":0,"comment_status":"open","ping_status":"closed","template":"","meta":[],"product_brand":[],"product_cat":[22],"product_tag":[],"class_list":{"0":"post-51619","1":"product","2":"type-product","3":"status-publish","5":"product_cat-listeo-booking","7":"first","8":"instock","9":"virtual","10":"sold-individually","11":"taxable","12":"purchasable","13":"product-type-listing_booking"},"_links":{"self":[{"href":"https:\/\/historicrooms.com\/en\/wp-json\/wp\/v2\/product\/51619","targetHints":{"allow":["GET"]}}],"collection":[{"href":"https:\/\/historicrooms.com\/en\/wp-json\/wp\/v2\/product"}],"about":[{"href":"https:\/\/historicrooms.com\/en\/wp-json\/wp\/v2\/types\/product"}],"replies":[{"embeddable":true,"href":"https:\/\/historicrooms.com\/en\/wp-json\/wp\/v2\/comments?post=51619"}],"wp:attachment":[{"href":"https:\/\/historicrooms.com\/en\/wp-json\/wp\/v2\/media?parent=51619"}],"wp:term":[{"taxonomy":"product_brand","embeddable":true,"href":"https:\/\/historicrooms.com\/en\/wp-json\/wp\/v2\/product_brand?post=51619"},{"taxonomy":"product_cat","embeddable":true,"href":"https:\/\/historicrooms.com\/en\/wp-json\/wp\/v2\/product_cat?post=51619"},{"taxonomy":"product_tag","embeddable":true,"href":"https:\/\/historicrooms.com\/en\/wp-json\/wp\/v2\/product_tag?post=51619"}],"curies":[{"name":"wp","href":"https:\/\/api.w.org\/{rel}","templated":true}]}}