{"id":51615,"date":"2024-05-11T11:58:06","date_gmt":"2024-05-11T09:58:06","guid":{"rendered":"https:\/\/historicrooms.com\/product\/chateau-le-vigneau-2\/"},"modified":"2024-05-13T11:32:48","modified_gmt":"2024-05-13T09:32:48","slug":"chateau-le-vigneau-2","status":"publish","type":"product","link":"https:\/\/historicrooms.com\/en\/product\/chateau-le-vigneau-2\/","title":{"rendered":"Ch\u00e2teau Le Vigneau"},"content":{"rendered":"<p><span style=\"font-family: Avenir\"><span style=\"font-size: medium\"><span style=\"color: #262626\"><sub>The whole ch\u00e2teau is an extremely bright and friendly building dating from the end of the 18th century. The rooms are very spacious, with parquet or plank floors, high ceilings and large, old windows. A beautiful mix of antique, modern and comfortable furniture and paintings gives the house a homely and familiar atmosphere.<\/sub><\/span><\/span><\/span><br \/>\n<span style=\"font-family: Avenir\"><span style=\"font-size: medium\"><span style=\"color: #262626\"><sub>Die Zimmer (11 DZ und 2 EZ) sind <\/sub><\/span><span style=\"color: #262626\"><sub>furnished<\/sub><\/span><span style=\"color: #262626\"><sub> to match the architectural <\/sub><\/span><span style=\"color: #262626\"><sub>style of classicism<\/sub><\/span><span style=\"color: #262626\"><sub>, they <\/sub><\/span><span style=\"color: #262626\"><sub>are <\/sub><\/span><span style=\"color: #262626\"><sub>completely newly<\/sub><\/span> <span style=\"color: #262626\"><sub>adapted to today's <\/sub><\/span><span style=\"color: #262626\"><sub>modern <\/sub><\/span><span style=\"color: #262626\"><sub>requirements and <\/sub><\/span><span style=\"color: #262626\"><sub>are <\/sub><\/span><span style=\"color: #262626\"><sub>convenient for large families or groups of friends. <\/sub><\/span><\/span><\/span><br \/>\n<span style=\"font-family: Avenir\"><span style=\"font-size: medium\"><span style=\"color: #262626\"><sub>A large, comfortable room on the ground floor with adjoining bathroom, accessible without steps, is particularly suitable for elderly or disabled persons.<\/sub><\/span><\/span><\/span><br \/>\n<span style=\"font-family: Avenir\"><span style=\"font-size: medium\"><span style=\"color: #262626\"><sub>Highchairs and cots for children under 2 years are available.<\/sub><\/span><\/span><\/span><br \/>\n<span style=\"font-family: Avenir\"><span style=\"font-size: medium\"><span style=\"color: #262626\"><sub>The huge dining room has a table that can be extended to seat at least 24 people. The 2 living rooms are a great place to relax, read, play or simply enjoy an aperitif.\u00a0\u00a0<\/sub><\/span><\/span><\/span><span style=\"font-family: Avenir\"><span style=\"font-size: medium\"><span style=\"color: #262626\"><sub>The kitchen is perfectly equipped to cook for many people. <\/sub><\/span><span style=\"color: #262626\"><sub>The <\/sub><\/span><span style=\"color: #262626\"><sub>k<\/sub><\/span><span style=\"color: #262626\"><sub>itchen is perfectly equipped to cook for many people.\u00a0Depending on the season, the house's own vegetable garden offers wonderful fresh products - to harvest yourself! You are welcome to ask for kitchen help.\u00a0\u00a0<\/sub><\/span><\/span><\/span><span style=\"font-family: Avenir\"><span style=\"font-size: medium\"><span style=\"color: #262626\"><sub>In the library of the house, many books in German and French are available for your stay. For a change of pace, play at the antique billiard table, enjoy the refreshing water in the new pool or play a game of table tennis with the whole family. The pool is fenced in; there is playground equipment, several hammocks and some outdoor games such as bocce or croquet,... <\/sub><\/span><\/span><\/span><br \/>\n<span style=\"font-family: Avenir\"><span style=\"font-size: medium\"><span style=\"color: #262626\"><sub>Even a small chapel in the castle invites you to linger.\u00a0 <\/sub><\/span><span style=\"color: #262626\"><sub>In the evening you can enjoy the view with the evening sun that winks in your face.<\/sub><\/span><\/span><\/span><\/p>\n<p>&nbsp;<\/p>","protected":false},"excerpt":{"rendered":"<p>Das ganze Schloss ist ein ungemein helles und freundliches Geb\u00e4ude aus dem Ende des 18.Jahrhundert. Die Zimmer sind sehr ger\u00e4umig, mit Parkett- oder Dielenboden, hohen Decken und gro\u00dfen, alten Fenstern. Eine wundersch\u00f6ne Mischung aus antiken, modernen und bequemen M\u00f6beln und Bildern gibt dem Haus ein heimeliges und famili\u00e4res Ambiente. Die Zimmer (11 DZ und 2 [&hellip;]<\/p>\n","protected":false},"featured_media":0,"comment_status":"open","ping_status":"closed","template":"","meta":[],"product_brand":[],"product_cat":[22],"product_tag":[],"class_list":{"0":"post-51615","1":"product","2":"type-product","3":"status-publish","5":"product_cat-listeo-booking","7":"first","8":"instock","9":"virtual","10":"sold-individually","11":"taxable","12":"purchasable","13":"product-type-listing_booking"},"_links":{"self":[{"href":"https:\/\/historicrooms.com\/en\/wp-json\/wp\/v2\/product\/51615","targetHints":{"allow":["GET"]}}],"collection":[{"href":"https:\/\/historicrooms.com\/en\/wp-json\/wp\/v2\/product"}],"about":[{"href":"https:\/\/historicrooms.com\/en\/wp-json\/wp\/v2\/types\/product"}],"replies":[{"embeddable":true,"href":"https:\/\/historicrooms.com\/en\/wp-json\/wp\/v2\/comments?post=51615"}],"wp:attachment":[{"href":"https:\/\/historicrooms.com\/en\/wp-json\/wp\/v2\/media?parent=51615"}],"wp:term":[{"taxonomy":"product_brand","embeddable":true,"href":"https:\/\/historicrooms.com\/en\/wp-json\/wp\/v2\/product_brand?post=51615"},{"taxonomy":"product_cat","embeddable":true,"href":"https:\/\/historicrooms.com\/en\/wp-json\/wp\/v2\/product_cat?post=51615"},{"taxonomy":"product_tag","embeddable":true,"href":"https:\/\/historicrooms.com\/en\/wp-json\/wp\/v2\/product_tag?post=51615"}],"curies":[{"name":"wp","href":"https:\/\/api.w.org\/{rel}","templated":true}]}}