{"id":51614,"date":"2024-05-11T11:58:06","date_gmt":"2024-05-11T09:58:06","guid":{"rendered":"https:\/\/historicrooms.com\/product\/schlosshotel-see-villa-tacoli-2\/"},"modified":"2026-01-11T14:24:34","modified_gmt":"2026-01-11T13:24:34","slug":"schlosshotel-see-villa-tacoli-2","status":"publish","type":"product","link":"https:\/\/historicrooms.com\/en\/product\/schlosshotel-see-villa-tacoli-2\/","title":{"rendered":"Schlosshotel &#8216;See-Villa Tacoli&#8217;"},"content":{"rendered":"<p align=\"left\"><span style=\"color: #000000\"><span style=\"font-family: Avenir Next\"><span style=\"font-size: medium\">This small, elegant castle hotel, located directly on the beautiful Millst\u00e4ttersee in Carinthia, combines culinary delights with a historical, cozy ambience. The See-Villa is particularly popular as a wedding and celebration location because of its incredibly beautiful location right on the lake. The restaurant, which has been awarded by Falstaff, spoils its guests with freshly caught fish, game from our own hunt, herbs from our own garden and many regional products and specialties. And after the party, you can relax and fall asleep in one of the historic rooms.<\/span><\/span><\/span><\/p>\n<p align=\"left\"><span style=\"color: #000000\"><span style=\"font-family: Avenir Next\"><span style=\"font-size: medium\">Due to the history and age of the castle hotel, its most striking feature is the diversity of the rooms: no two rooms are alike and every space and every piece of furniture has its own history. Many of the furniture origin from 1884. This composition gives the guest a unique, homely feeling that still makes the house so unique today.<\/span><\/span><\/span><\/p>\n<p align=\"left\"><span style=\"color: #000000\"><span style=\"font-family: Avenir Next\"><span style=\"font-size: medium\">The See-Villa offers plenty of opportunities as relaxation on the private beach, water sports, garden games, golf on the nearby golf course, cultural highlights (theatres, concerts, exhibitions) directly in Millstatt and the surrounding area and various themed weeks, such as bridge holidays, wine and enjoyment by the lake, fasting by the lake, classic car, vehicle and motorbike meets. Dinner with the host, Count Tacoli, is also possible.<\/span><\/span><\/span><\/p>","protected":false},"excerpt":{"rendered":"<p>Das direkt am wundersch\u00f6nen Millst\u00e4ttersee in K\u00e4rnten gelegene kleine, elegante Schlosshotel vereint den kulinarischen Hochgenuss mit dem historisch, gem\u00fctlichen Ambiente. Speziell als Hochzeits- und Feier-Location ist die See-Villa wegen ihrer unglaublich sch\u00f6nen Lage direkt am See sehr beliebt. Das von Falstaff ausgezeichnete Restaurant verw\u00f6hnt die G\u00e4ste mit fangfrischem Fisch, Wild aus Eigenjagd, Kr\u00e4utern aus dem [&hellip;]<\/p>\n","protected":false},"featured_media":0,"comment_status":"open","ping_status":"closed","template":"","meta":[],"product_brand":[],"product_cat":[22],"product_tag":[],"class_list":{"0":"post-51614","1":"product","2":"type-product","3":"status-publish","5":"product_cat-listeo-booking","7":"first","8":"instock","9":"virtual","10":"sold-individually","11":"taxable","12":"purchasable","13":"product-type-listing_booking"},"_links":{"self":[{"href":"https:\/\/historicrooms.com\/en\/wp-json\/wp\/v2\/product\/51614","targetHints":{"allow":["GET"]}}],"collection":[{"href":"https:\/\/historicrooms.com\/en\/wp-json\/wp\/v2\/product"}],"about":[{"href":"https:\/\/historicrooms.com\/en\/wp-json\/wp\/v2\/types\/product"}],"replies":[{"embeddable":true,"href":"https:\/\/historicrooms.com\/en\/wp-json\/wp\/v2\/comments?post=51614"}],"wp:attachment":[{"href":"https:\/\/historicrooms.com\/en\/wp-json\/wp\/v2\/media?parent=51614"}],"wp:term":[{"taxonomy":"product_brand","embeddable":true,"href":"https:\/\/historicrooms.com\/en\/wp-json\/wp\/v2\/product_brand?post=51614"},{"taxonomy":"product_cat","embeddable":true,"href":"https:\/\/historicrooms.com\/en\/wp-json\/wp\/v2\/product_cat?post=51614"},{"taxonomy":"product_tag","embeddable":true,"href":"https:\/\/historicrooms.com\/en\/wp-json\/wp\/v2\/product_tag?post=51614"}],"curies":[{"name":"wp","href":"https:\/\/api.w.org\/{rel}","templated":true}]}}