{"id":51612,"date":"2024-05-11T11:58:05","date_gmt":"2024-05-11T09:58:05","guid":{"rendered":"https:\/\/historicrooms.com\/product\/schlosshotel-see-villa\/"},"modified":"2026-02-23T19:02:54","modified_gmt":"2026-02-23T18:02:54","slug":"schlosshotel-see-villa","status":"publish","type":"product","link":"https:\/\/historicrooms.com\/en\/product\/schlosshotel-see-villa\/","title":{"rendered":"Schlosshotel &#8216;See-Villa&#8217;"},"content":{"rendered":"<p>Located directly on the beautiful Millst\u00e4ttersee in Carinthia, this small, elegant castle hotel combines culinary delights with a historic, cosy ambience.<br \/>\nDue to the history and age of the castle hotel, its most striking feature is the diversity of the rooms: no two rooms are alike and every space and every piece of furniture has its own history. Many of the furniture origin from 1884. This composition gives the guest a unique, homely feeling that still makes the house so unique today.<\/p>\n<p>The Falstaff award-winning restaurant spoils guests with freshly caught fish, game from its own hunt and herbs from its own garden as well as many regional products and specialities.<\/p>\n<p>The See-Villa offers plenty of opportunities as relaxation on the private beach, water sports, garden games, golf on the nearby golf course, cultural highlights (theatres, concerts, exhibitions) directly in Millstatt and the surrounding area and various themed weeks, such as bridge holidays, wine and enjoyment by the lake, fasting by the lake, classic car, vehicle and motorbike meets. Dinner with the host, Count Tacoli, is also possible.<br \/>\nBecause of its exceptionally beautiful location directly on the lake, See-Villa is very popular as a wedding and party venue.<\/p>","protected":false},"excerpt":{"rendered":"<p>Das direkt am wundersch\u00f6nen Millst\u00e4ttersee in K\u00e4rnten gelegene kleine, elegante Schlosshotel vereint den kulinarischen Hochgenuss mit dem historisch, gem\u00fctlichen Ambiente. Aufgrund der Historie und des Alters des Schlosshotels ist die Unterschiedlichkeit der Zimmer wohl das markanteste Merkmal. Kein Zimmer gleicht dem anderen und jeder Raum und jedes Einrichtungsst\u00fcck hat seine eigene Geschichte. Viele der M\u00f6bel [&hellip;]<\/p>\n","protected":false},"featured_media":0,"comment_status":"open","ping_status":"closed","template":"","meta":[],"product_brand":[],"product_cat":[22],"product_tag":[],"class_list":{"0":"post-51612","1":"product","2":"type-product","3":"status-publish","5":"product_cat-listeo-booking","7":"first","8":"instock","9":"virtual","10":"sold-individually","11":"taxable","12":"purchasable","13":"product-type-listing_booking"},"_links":{"self":[{"href":"https:\/\/historicrooms.com\/en\/wp-json\/wp\/v2\/product\/51612","targetHints":{"allow":["GET"]}}],"collection":[{"href":"https:\/\/historicrooms.com\/en\/wp-json\/wp\/v2\/product"}],"about":[{"href":"https:\/\/historicrooms.com\/en\/wp-json\/wp\/v2\/types\/product"}],"replies":[{"embeddable":true,"href":"https:\/\/historicrooms.com\/en\/wp-json\/wp\/v2\/comments?post=51612"}],"wp:attachment":[{"href":"https:\/\/historicrooms.com\/en\/wp-json\/wp\/v2\/media?parent=51612"}],"wp:term":[{"taxonomy":"product_brand","embeddable":true,"href":"https:\/\/historicrooms.com\/en\/wp-json\/wp\/v2\/product_brand?post=51612"},{"taxonomy":"product_cat","embeddable":true,"href":"https:\/\/historicrooms.com\/en\/wp-json\/wp\/v2\/product_cat?post=51612"},{"taxonomy":"product_tag","embeddable":true,"href":"https:\/\/historicrooms.com\/en\/wp-json\/wp\/v2\/product_tag?post=51612"}],"curies":[{"name":"wp","href":"https:\/\/api.w.org\/{rel}","templated":true}]}}