{"id":51609,"date":"2024-05-11T11:58:04","date_gmt":"2024-05-11T09:58:04","guid":{"rendered":"https:\/\/historicrooms.com\/product\/schloss-stainz-2\/"},"modified":"2025-06-09T19:21:54","modified_gmt":"2025-06-09T17:21:54","slug":"schloss-stainz-2","status":"publish","type":"product","link":"https:\/\/historicrooms.com\/en\/product\/schloss-stainz-2\/","title":{"rendered":"Schloss Stainz"},"content":{"rendered":"<p><span style=\"font-family: Avenir Next\"><span style=\"font-size: medium\">Hold your <\/span><\/span><span style=\"font-family: Avenir Next\"><span style=\"font-size: medium\">church wedding <\/span><\/span><span style=\"font-family: Avenir Next\"><span style=\"font-size: medium\">in the <strong>Church<\/strong> of St\u00a0Catherine, which belonged to the former monastery. The church, which was constructed in 1229 and extended in 1605, impresses with its baroque interior and rich stucco decoration. <\/span><\/span><\/p>\n<p><span style=\"font-family: Avenir Next\"><span style=\"font-size: medium\">For the reception, you have the choice of the <strong>Castle courtyard<\/strong> with its picturesque <strong>Arcade<\/strong>, the <strong>Gazebo<\/strong> or the <strong>Castle Terrace<\/strong> with the two powder towers and medieval foundation walls. Both, the Castle Courtyard and the Castle Terrace are available for almost any number of guests.<\/span><\/span><\/p>\n<p><span style=\"font-family: Avenir Next\"><span style=\"font-size: medium\">For <\/span><\/span><strong><span style=\"font-family: Avenir Next\"><span style=\"font-size: medium\">civil weddings and receptions <\/span><\/span><\/strong><span style=\"font-family: Avenir Next\"><span style=\"font-size: medium\">you have the choice of the Castle Courtyard, Gazebo or Castle Terrace with their fairy-tale settings.<\/span><\/span><br \/>\n<span style=\"font-family: Avenir Next\"><span style=\"font-size: medium\">T<\/span><\/span><span style=\"font-family: Avenir Next\"><span style=\"font-size: medium\">he <\/span><\/span><strong><span style=\"font-family: Avenir Next\"><span style=\"font-size: medium\">Refectory<\/span><\/span><\/strong><span style=\"font-family: Avenir Next\"><span style=\"font-size: medium\">, the old monks\u2019 dining room, <\/span><\/span><span style=\"font-family: Avenir Next\"><span style=\"font-size: medium\">offers an elegant backdrop for your banquet.<\/span><\/span><span style=\"font-family: Avenir Next\"><span style=\"font-size: medium\"> The four historic frescos are by Mathias Echter and show the Wedding at Cana, the wonderful Feeding of the Five Thousand, the Banquet at the House of Simon and the Last Supper.<\/span><\/span><br \/>\n<span style=\"font-family: Avenir Next\"><span style=\"font-size: medium\">The maximum number of guests is 150 for seated dinners or 250 with theatre-style seating. We are happy to provide our chairs for you with or without covers for a romantic dinner. An internal spiral staircase leads down from the Refectory to the historic wine cellar which is also available for all kinds of celebration. For your dream wedding you can bring any caterer you wish. We are also happy to help you by providing a list of caterers who are already familiar with the facilities.<\/span><\/span><\/p>","protected":false},"excerpt":{"rendered":"<p>Zelebrieren sie Ihre kirchliche Trauung in der Kirche der Heiligen Katharina des ehemaligen Chorherrenstifts. Die 1229 erbaute und 1605 vergr\u00f6\u00dferte Kirche besticht durch ihre barocke Innenausstattung und eine reichhaltige Stuckdekoration. F\u00fcr den Empfang bieten sich der Schlosshof mit seinem malerischen Arkadengang, das Salettl oder die Schlossterrasse mit den beiden Pulvert\u00fcrmen und den Grundmauern aus dem [&hellip;]<\/p>\n","protected":false},"featured_media":0,"comment_status":"open","ping_status":"closed","template":"","meta":[],"product_brand":[],"product_cat":[22],"product_tag":[],"class_list":{"0":"post-51609","1":"product","2":"type-product","3":"status-publish","5":"product_cat-listeo-booking","7":"first","8":"instock","9":"virtual","10":"sold-individually","11":"taxable","12":"purchasable","13":"product-type-listing_booking"},"_links":{"self":[{"href":"https:\/\/historicrooms.com\/en\/wp-json\/wp\/v2\/product\/51609","targetHints":{"allow":["GET"]}}],"collection":[{"href":"https:\/\/historicrooms.com\/en\/wp-json\/wp\/v2\/product"}],"about":[{"href":"https:\/\/historicrooms.com\/en\/wp-json\/wp\/v2\/types\/product"}],"replies":[{"embeddable":true,"href":"https:\/\/historicrooms.com\/en\/wp-json\/wp\/v2\/comments?post=51609"}],"wp:attachment":[{"href":"https:\/\/historicrooms.com\/en\/wp-json\/wp\/v2\/media?parent=51609"}],"wp:term":[{"taxonomy":"product_brand","embeddable":true,"href":"https:\/\/historicrooms.com\/en\/wp-json\/wp\/v2\/product_brand?post=51609"},{"taxonomy":"product_cat","embeddable":true,"href":"https:\/\/historicrooms.com\/en\/wp-json\/wp\/v2\/product_cat?post=51609"},{"taxonomy":"product_tag","embeddable":true,"href":"https:\/\/historicrooms.com\/en\/wp-json\/wp\/v2\/product_tag?post=51609"}],"curies":[{"name":"wp","href":"https:\/\/api.w.org\/{rel}","templated":true}]}}