{"id":51604,"date":"2024-05-11T11:58:03","date_gmt":"2024-05-11T09:58:03","guid":{"rendered":"https:\/\/historicrooms.com\/product\/schloss-freybuehel\/"},"modified":"2024-05-11T11:58:03","modified_gmt":"2024-05-11T09:58:03","slug":"schloss-freybuehel","status":"publish","type":"product","link":"https:\/\/historicrooms.com\/en\/product\/schloss-freybuehel\/","title":{"rendered":"Schloss Freyb\u00fchel"},"content":{"rendered":"<h2>Staying in the castle near the golfers' paradise of Murst\u00e4tten<\/h2>\n<p class=\"translation-block\">Located on the southern slope of the Buchkogel, the castle is surrounded by wild vines and is a spacious and well-maintained castle that combines elegant antique furniture, original tiled stoves and a comfortable library with a billiard table with a state-of-the-art kitchen and a TV &amp; media room. The courtyard is surrounded by a long arcaded gallery. In the castle courtyard, guests can sunbathe and relax, enjoy snacks, teatime or aperitifs, and play with the children.<\/p>\n<p class=\"translation-block\">The location is ideal especially for guests interested in golf. The Golf Club Gut Murst\u00e4tten is only a few kilometers away and is considered a golfer's paradise. The nature experience at the golf club is as varied as the golfing experience that awaits you on the internationally award-winning 36-hole course in the middle of idyllic southern Styria. The nearby A2 motorway connects the castle with Graz, Maribor and many other interesting excursion destinations such as the popular South Styrian Wine Route and many cultural adventures.<\/p>\n<p class=\"translation-block\">Guests have 4 spacious double rooms with modern ensuite bathrooms at their disposal. An additional children's room with 3 beds has a direct connecting door to the 'parents' room'.<\/p>\n<p>&nbsp;<\/p>\n<p>Rent:<\/p>\n<p>For 4-5 people, 100\u20ac per person per night<br \/>\nFrom 6 to 9 persons, 80\u20ac per person per night<br \/>\nMinimum 3 nights<br \/>\nFinal cleaning 200\u20ac<\/p>\n<p>&nbsp;<\/p>\n<p>The food for your first breakfast is waiting for you in the fridge.<br \/>\nBreakfast on order with delivery possible, 20\u20ac p.p<\/p>\n<p>&nbsp;<\/p>\n<p><span style=\"font-family: Avenir Next\"><span style=\"font-size: medium\"><b><span style=\"color: #000000\">Distances:<\/span><\/b><\/span><\/span><\/p>\n<p><span style=\"font-family: Avenir Next\"><span style=\"font-size: medium\"><span style=\"color: #000000\">Railwaystation: Lebring 5km<\/span><\/span><\/span><\/p>\n<p><span style=\"font-family: Avenir Next\"><span style=\"font-size: medium\"><span style=\"color: #000000\">Airport: Graz Thalerhof 30km<\/span><\/span><\/span><\/p>\n<p><span style=\"font-family: Avenir Next\"><span style=\"font-size: medium\"><span style=\"color: #000000\">Shopping\/next village: Lebring 5km<\/span><\/span><\/span><\/p>","protected":false},"excerpt":{"rendered":"<p>Wohnen im Schloss nahe dem Golferparadies Murst\u00e4tten Das von wildem Wein umrankte Schloss liegt am S\u00fcdhang des Buchkogels, ist ein ger\u00e4umiges und gut erhaltenes Schloss, das elegante antike M\u00f6bel, originale Kachel\u00f6fen und eine komfortable Bibliothek mit einem Billardtisch mit einer hochmodernen K\u00fcche und einem Fernseh- &amp; Medienraum kombiniert. Der Hof ist von einer\u00a0langen Arkadengalerie umgeben. [&hellip;]<\/p>\n","protected":false},"featured_media":0,"comment_status":"open","ping_status":"closed","template":"","meta":[],"product_brand":[],"product_cat":[],"product_tag":[],"class_list":{"0":"post-51604","1":"product","2":"type-product","3":"status-publish","6":"first","7":"instock","8":"taxable","9":"shipping-taxable","10":"product-type-simple"},"_links":{"self":[{"href":"https:\/\/historicrooms.com\/en\/wp-json\/wp\/v2\/product\/51604","targetHints":{"allow":["GET"]}}],"collection":[{"href":"https:\/\/historicrooms.com\/en\/wp-json\/wp\/v2\/product"}],"about":[{"href":"https:\/\/historicrooms.com\/en\/wp-json\/wp\/v2\/types\/product"}],"replies":[{"embeddable":true,"href":"https:\/\/historicrooms.com\/en\/wp-json\/wp\/v2\/comments?post=51604"}],"wp:attachment":[{"href":"https:\/\/historicrooms.com\/en\/wp-json\/wp\/v2\/media?parent=51604"}],"wp:term":[{"taxonomy":"product_brand","embeddable":true,"href":"https:\/\/historicrooms.com\/en\/wp-json\/wp\/v2\/product_brand?post=51604"},{"taxonomy":"product_cat","embeddable":true,"href":"https:\/\/historicrooms.com\/en\/wp-json\/wp\/v2\/product_cat?post=51604"},{"taxonomy":"product_tag","embeddable":true,"href":"https:\/\/historicrooms.com\/en\/wp-json\/wp\/v2\/product_tag?post=51604"}],"curies":[{"name":"wp","href":"https:\/\/api.w.org\/{rel}","templated":true}]}}