{"id":51602,"date":"2024-05-11T11:58:03","date_gmt":"2024-05-11T09:58:03","guid":{"rendered":"https:\/\/historicrooms.com\/product\/cottage-am-waldrand-2\/"},"modified":"2025-01-24T12:06:51","modified_gmt":"2025-01-24T11:06:51","slug":"cottage-am-waldrand-2","status":"publish","type":"product","link":"https:\/\/historicrooms.com\/en\/product\/cottage-am-waldrand-2\/","title":{"rendered":"Forest\u2019s Edge Cottage"},"content":{"rendered":"<p>This rustic cottage, which dates from the 16th century, is the former vicarage of the village of Klein St. Veit. At an altitude of 650 m, it is located on the edge of a forest and guarantees tranquillity with a wonderful distant view  over the Klagenfurt basin.<br \/>\nWith great attention to detail, the owner, Lilli Reutter, has renovated and technically updated the vicarage in recent years.<br \/>\nThis is a fabulous place for a holiday for 4-6 guests. Minimum rental: 3 nights.<\/p>\n<p>The house has 2\u00a0double bedrooms with ensuite bathrooms and a connecting room with 2\u00a0single beds.<br \/>\nIn every respect the furnishings in the house are of a high standard. The rooms are decorated individually and the bedding: fine linen.<br \/>\nA beautiful, tiled floor downstairs and cosy wooden flooring in the bedrooms accentuate the sophisticated style of the property.<\/p>","protected":false},"excerpt":{"rendered":"<p>Dieses urige, aus dem 16 Jahrhundert stammende H\u00e4uschen, war der ehemalige Pfarrhof der Gemeinde Klein St. Veit. Es liegt auf 650m Seeh\u00f6he an einem Waldrand und garantiert Ruhe mit wunderbarem Fernblick \u00fcber das Klagenfurter Becken. Die Eigent\u00fcmerin Lilli Reutter hat das Pfarrhaus in den letzten Jahren mit viel Liebe zu den Details renoviert und technisch [&hellip;]<\/p>\n","protected":false},"featured_media":0,"comment_status":"open","ping_status":"closed","template":"","meta":[],"product_brand":[],"product_cat":[22],"product_tag":[],"class_list":{"0":"post-51602","1":"product","2":"type-product","3":"status-publish","5":"product_cat-listeo-booking","7":"first","8":"instock","9":"virtual","10":"sold-individually","11":"taxable","12":"purchasable","13":"product-type-listing_booking"},"_links":{"self":[{"href":"https:\/\/historicrooms.com\/en\/wp-json\/wp\/v2\/product\/51602","targetHints":{"allow":["GET"]}}],"collection":[{"href":"https:\/\/historicrooms.com\/en\/wp-json\/wp\/v2\/product"}],"about":[{"href":"https:\/\/historicrooms.com\/en\/wp-json\/wp\/v2\/types\/product"}],"replies":[{"embeddable":true,"href":"https:\/\/historicrooms.com\/en\/wp-json\/wp\/v2\/comments?post=51602"}],"wp:attachment":[{"href":"https:\/\/historicrooms.com\/en\/wp-json\/wp\/v2\/media?parent=51602"}],"wp:term":[{"taxonomy":"product_brand","embeddable":true,"href":"https:\/\/historicrooms.com\/en\/wp-json\/wp\/v2\/product_brand?post=51602"},{"taxonomy":"product_cat","embeddable":true,"href":"https:\/\/historicrooms.com\/en\/wp-json\/wp\/v2\/product_cat?post=51602"},{"taxonomy":"product_tag","embeddable":true,"href":"https:\/\/historicrooms.com\/en\/wp-json\/wp\/v2\/product_tag?post=51602"}],"curies":[{"name":"wp","href":"https:\/\/api.w.org\/{rel}","templated":true}]}}