{"id":51599,"date":"2024-05-11T11:58:02","date_gmt":"2024-05-11T09:58:02","guid":{"rendered":"https:\/\/historicrooms.com\/product\/landsitz-oberhof-2\/"},"modified":"2024-05-11T11:58:02","modified_gmt":"2024-05-11T09:58:02","slug":"landsitz-oberhof-2","status":"publish","type":"product","link":"https:\/\/historicrooms.com\/en\/product\/landsitz-oberhof-2\/","title":{"rendered":"Oberhof Country Estate"},"content":{"rendered":"<h1>The way you start the day is how it becomes<\/h1>\n<p class=\"western\"><span style=\"font-family: Avenir Next\"><span style=\"font-size: medium\">For our breakfast, we therefore place great emphasis on serving you with high-quality produce from the region. Nature and naturalness are very important to us and we therefore serve only products that are organic or that comes from producers who convince us that they abide by our values in this respect.<\/span><\/span><\/p>\n<p><span style=\"font-family: Avenir Next\"><span style=\"font-size: medium\">You will also find that we use products from other regions if it comes from small-scale, personally managed production and equally meets our requirements. On request, we are happy to provide you with a list of our suppliers.<\/span><\/span><\/p>\n<p><span style=\"font-family: Avenir Next\"><span style=\"font-size: medium\">As well as the large garden around the house, the 13\u00a0ha estate also includes herb meadows and the adjoining woodland which is home to a large quantity of roe deer and big game. All these and the two small lakes should help with your relaxation. We hope you will feel at home amidst old trees and fresh flowers.<\/span><\/span><\/p>\n<p><span style=\"font-family: Avenir Next\"><span style=\"font-size: medium\">Just a few metres away from the house, you will find our swimming pool where you may wish to cool off after plenty of sunbathing. Please note that the water is 1.60 to 2\u00a0metres deep.<\/span><\/span><\/p>\n<p><span style=\"font-family: Avenir Next\"><span style=\"font-size: medium\">The <strong>Oberhofsattel Room<\/strong> is a suite with approx. 31 m\u00b2. A private, enclosed veranda offers a magnificent view over the estate.<\/span><\/span><\/p>\n<p><span style=\"font-family: Avenir Next\"><span style=\"font-size: medium\">The <strong>Hirschwand Room<\/strong> is a junior suite with approx. 55 m\u00b2. In addition to the spacious bedroom, it has a private lounge area which can be used for another double bed if required.<\/span><\/span><\/p>\n<p><span style=\"font-family: Avenir Next\"><span style=\"font-size: medium\">The <strong>Eichberg Room<\/strong>&nbsp;(25\u00a0m\u00b2) is on the ground floor and faces west where you can enjoy the sunset undisturbed in the private front garden.<\/span><\/span><\/p>\n<p><span style=\"font-family: Avenir Next\"><span style=\"font-size: medium\">The <strong>Geizenberg Room<\/strong> (12m\u00b2) was the laundry room in former times and is especially suitable for lovers due to its size and the dreamy view into the garden.<\/span><\/span><\/p>\n<p><span style=\"font-family: Avenir Next\"><span style=\"font-size: medium\">If you are lucky, from our <strong>Petersberg Room<\/strong> (19\u00a0m\u00b2) with a view to the south over the meadow, you can watch wild animals through the through the large window front.<\/span><\/span><\/p>","protected":false},"excerpt":{"rendered":"<p>Wie man den Tag beginnt, so wird er auch Daher legen wir bei unserem Fr\u00fchst\u00fcck gro\u00dfen Wert darauf, Ihnen hochwertige Produkte aus der Region zu servieren. Natur und Nat\u00fcrlichkeit sind uns sehr wichtig, deshalb servieren wir Ihnen ausschlie\u00dflich Produkte aus biologischem Anbau, beziehungsweise solche, von Herstellern, die uns \u00fcberzeugen, dass sie unsere diesbez\u00fcglichen Werte einhalten. [&hellip;]<\/p>\n","protected":false},"featured_media":0,"comment_status":"open","ping_status":"closed","template":"","meta":[],"product_brand":[],"product_cat":[],"product_tag":[],"class_list":{"0":"post-51599","1":"product","2":"type-product","3":"status-publish","6":"first","7":"instock","8":"taxable","9":"shipping-taxable","10":"product-type-simple"},"_links":{"self":[{"href":"https:\/\/historicrooms.com\/en\/wp-json\/wp\/v2\/product\/51599","targetHints":{"allow":["GET"]}}],"collection":[{"href":"https:\/\/historicrooms.com\/en\/wp-json\/wp\/v2\/product"}],"about":[{"href":"https:\/\/historicrooms.com\/en\/wp-json\/wp\/v2\/types\/product"}],"replies":[{"embeddable":true,"href":"https:\/\/historicrooms.com\/en\/wp-json\/wp\/v2\/comments?post=51599"}],"wp:attachment":[{"href":"https:\/\/historicrooms.com\/en\/wp-json\/wp\/v2\/media?parent=51599"}],"wp:term":[{"taxonomy":"product_brand","embeddable":true,"href":"https:\/\/historicrooms.com\/en\/wp-json\/wp\/v2\/product_brand?post=51599"},{"taxonomy":"product_cat","embeddable":true,"href":"https:\/\/historicrooms.com\/en\/wp-json\/wp\/v2\/product_cat?post=51599"},{"taxonomy":"product_tag","embeddable":true,"href":"https:\/\/historicrooms.com\/en\/wp-json\/wp\/v2\/product_tag?post=51599"}],"curies":[{"name":"wp","href":"https:\/\/api.w.org\/{rel}","templated":true}]}}