{"id":51592,"date":"2024-05-11T11:57:58","date_gmt":"2024-05-11T09:57:58","guid":{"rendered":"https:\/\/historicrooms.com\/product\/schloss-rosegg-2\/"},"modified":"2024-05-31T10:00:11","modified_gmt":"2024-05-31T08:00:11","slug":"schloss-rosegg-2","status":"publish","type":"product","link":"https:\/\/historicrooms.com\/en\/product\/schloss-rosegg-2\/","title":{"rendered":"Rosegg Castle"},"content":{"rendered":"<h3><strong><span style=\"color: #000000\"><span style=\"font-family: Avenir Next\">From weddings to product presentations<\/span><\/span><\/strong><\/h3>\n<p><span style=\"color: #000000\"><span style=\"font-family: Avenir Next\">The dedicated team in the\u00a0<\/span><\/span><strong><span style=\"color: #000000\"><span style=\"font-family: Avenir Next\">Castle Caf\u00e9<\/span><\/span><\/strong><span style=\"color: #000000\"><span style=\"font-family: Avenir Next\"> looks forward to your visit between 1st\u00a0May and <\/span><\/span><span style=\"color: #000000;font-family: 'Avenir Next'\">30th\u00a0September<\/span><span style=\"color: #000000\"><span style=\"font-family: Avenir Next\">. <\/span><\/span><span style=\"color: #000000\"><span style=\"font-family: Avenir Next\">While having afternoon tea on the 200\u00a0m\u00b2 terrace, you can enjoy the view of the castle gardens and across the wildlife park to the Karawanks and Mittagskogel mountain or sit inside the friendly and stately setting of the castle.<\/span><\/span><\/p>\n<p><span style=\"color: #000000\"><span style=\"font-family: Avenir Next\"><span style=\"font-size: medium\">The <b>Wedding Hall<\/b> has an area of 49\u00a0m\u00b2 and is available to hire from \u20ac\u00a0300.00 for civil wedding ceremonies and subsequent receptions (for one hour). The wonderful atmosphere with the wall paintings, floorboards and view of the garden will make the day unforgettable. Drinks and snacks are offered and charged separately.<\/span><\/span><\/span><\/p>\n<p><span style=\"color: #000000\"><span style=\"font-family: Avenir Next\"><span style=\"font-size: medium\">In the same place where couples pledge their lives, business, corporation or institution managers can also hold discreet meetings, give seminars or reward staff.<\/span><\/span><\/span><br \/>\n<span style=\"color: #000000\"><span style=\"font-family: Avenir Next\"><span style=\"font-size: medium\">In <b>wonderful rooms<\/b> with magnificent floorboards and a view of the Tuscan gardens offer space to seat a total of 120\u00a0people around tables. Guests are welcomed in the round entrance hall (70\u00a0m\u00b2) which enchants visitors with its 6\u00a0m high ceiling and splendid ceiling paintings.<\/span><\/span><\/span><br \/>\n<span style=\"color: #000000\"><span style=\"font-family: Avenir Next\"><span style=\"font-size: medium\">The <b>Tuscan Garden<\/b> (around 10,000\u00a0m\u00b2) was reconstructed only a few years ago and is fabulously suited to your souvenir photos, a garden reception, pitching an additional tent or setting up an entertainment shelter, amusement stalls etc. (approx. 3,000\u00a0m\u00b2 available).<\/span><\/span><\/span><br \/>\n<span style=\"color: #000000\"><span style=\"font-family: Avenir Next\"><span style=\"font-size: medium\">Tours of the castle are possible on request.<\/span><\/span><\/span><br \/>\n<span style=\"color: #000000\"><span style=\"font-family: Avenir Next\"><span style=\"font-size: small\">Fotos: mathiastaxer.at<\/span><\/span><\/span><\/p>","protected":false},"excerpt":{"rendered":"<p>&#8211; von der Hochzeit bis zur Produktpr\u00e4sentation Das engagierte Team im\u00a0Schlosscafe freut sich von 1. Mai bis 30. September auf Ihren Besuch. Bei Cafe und Kuchen k\u00f6nnen Sie auf der 200 m\u00b2 gro\u00dfen Terrasse den Blick in den Schlossgarten, \u00fcber den Tierpark bis auf die Karawanken mit dem Mittagskogel genie\u00dfen oder Sie sitzen im freundlichen [&hellip;]<\/p>\n","protected":false},"featured_media":0,"comment_status":"open","ping_status":"closed","template":"","meta":[],"product_brand":[],"product_cat":[22],"product_tag":[],"class_list":{"0":"post-51592","1":"product","2":"type-product","3":"status-publish","5":"product_cat-listeo-booking","7":"first","8":"instock","9":"virtual","10":"sold-individually","11":"taxable","12":"purchasable","13":"product-type-listing_booking"},"_links":{"self":[{"href":"https:\/\/historicrooms.com\/en\/wp-json\/wp\/v2\/product\/51592","targetHints":{"allow":["GET"]}}],"collection":[{"href":"https:\/\/historicrooms.com\/en\/wp-json\/wp\/v2\/product"}],"about":[{"href":"https:\/\/historicrooms.com\/en\/wp-json\/wp\/v2\/types\/product"}],"replies":[{"embeddable":true,"href":"https:\/\/historicrooms.com\/en\/wp-json\/wp\/v2\/comments?post=51592"}],"wp:attachment":[{"href":"https:\/\/historicrooms.com\/en\/wp-json\/wp\/v2\/media?parent=51592"}],"wp:term":[{"taxonomy":"product_brand","embeddable":true,"href":"https:\/\/historicrooms.com\/en\/wp-json\/wp\/v2\/product_brand?post=51592"},{"taxonomy":"product_cat","embeddable":true,"href":"https:\/\/historicrooms.com\/en\/wp-json\/wp\/v2\/product_cat?post=51592"},{"taxonomy":"product_tag","embeddable":true,"href":"https:\/\/historicrooms.com\/en\/wp-json\/wp\/v2\/product_tag?post=51592"}],"curies":[{"name":"wp","href":"https:\/\/api.w.org\/{rel}","templated":true}]}}