{"id":51484,"date":"2024-05-11T11:52:51","date_gmt":"2024-05-11T09:52:51","guid":{"rendered":"https:\/\/historicrooms.com\/product\/innviertler-versailles\/"},"modified":"2025-09-10T12:54:58","modified_gmt":"2025-09-10T10:54:58","slug":"innviertler-versailles","status":"publish","type":"product","link":"https:\/\/historicrooms.com\/en\/product\/innviertler-versailles\/","title":{"rendered":"Innviertler Versailles"},"content":{"rendered":"<h3 style=\"font-weight: 400\"><strong>The event &amp; adventure castle<\/strong><\/h3>\n<p style=\"font-weight: 400\">There are many stories to tell and much to experience in the moated castle Innviertler Versailles: The former glamour of the rulers, guided tours through the castle, exciting 'Escape the Room' adventures and delicious meals in the caf\u00e9 or from the castle shop. Visit us, stay with us in one of our beautiful flats and experience the Versailles of the Innviertel!<\/p>\n<p style=\"font-weight: 400\">You can find a 3D tour of the entire property here: <a href=\"https:\/\/tour.3d-innviertel.at\/de\/tour\/innviertler-versailles\">https:\/\/tour.3d-innviertel.at\/de\/tour\/innviertler-versailles<\/a><\/p>\n<p>&nbsp;<\/p>\n<p style=\"font-weight: 400\"><strong>Activities in the castle:<\/strong><\/p>\n<p style=\"font-weight: 400\">Guided tours of the castle: Experience history<\/p>\n<p style=\"font-weight: 400\">Escape Room: The Energy Machine (based on the invention of former castle owner Karl Schappeller)<\/p>\n<p style=\"font-weight: 400\">Romantic dinner: on request<\/p>\n<p style=\"font-weight: 400\">Our own events at the castle: Current dates can be found on our website (\u00dc30 Party, Irish Night, Love, Peace &amp; Rock'n'Roll, Schlossheurigen, Schlossadvent, vernissages, etc.)<\/p>\n<p>&nbsp;<\/p>\n<p style=\"font-weight: 400\"><strong>Outdoor sports activities:<\/strong><\/p>\n<p style=\"font-weight: 400\"><strong>Hiking and cycling tours<\/strong> in the nearby Hausruck- &amp; Kobernau\u00dferwald. Direct connection to the Antiesen cycle path and from there to the Roman cycle path, which leads to the Salzkammergut.<\/p>\n<p style=\"font-weight: 400\"><strong>2 swimming lakes<\/strong> in the neighbourhood. The <strong>outdoor pool<\/strong> Aurolzm\u00fcnster is located directly behind the castle, as is a sports centre with <strong>tennis &amp; football court.<\/strong> 3 <strong>golf courses<\/strong> within a radius of 25km.<\/p>\n<p>Payments only in advance\/on account, as we do not have a staffed reception.<br \/>\nPayments on site only possible during the castle shop opening hours.<\/p>","protected":false},"excerpt":{"rendered":"<p>Das Event- &amp; Erlebnisschloss Im Wasserschloss Innviertler Versailles gibt es viele Geschichten zu erz\u00e4hlen und vieles zu erleben: Den damaligen Prunk der Herrscher, F\u00fchrungen durch das Schloss, spannende &#8216;Escape the Room&#8217; &#8211; Abenteuer und f\u00fcrstliche Speisen im Caf\u00e9 oder vom Schlossladen. Besuchen Sie uns, wohnen Sie bei uns in einem der wundersch\u00f6nen Appartements und erleben [&hellip;]<\/p>\n","protected":false},"featured_media":0,"comment_status":"open","ping_status":"closed","template":"","meta":[],"product_brand":[],"product_cat":[22],"product_tag":[],"class_list":{"0":"post-51484","1":"product","2":"type-product","3":"status-publish","5":"product_cat-listeo-booking","7":"first","8":"instock","9":"virtual","10":"sold-individually","11":"taxable","12":"purchasable","13":"product-type-listing_booking"},"_links":{"self":[{"href":"https:\/\/historicrooms.com\/en\/wp-json\/wp\/v2\/product\/51484","targetHints":{"allow":["GET"]}}],"collection":[{"href":"https:\/\/historicrooms.com\/en\/wp-json\/wp\/v2\/product"}],"about":[{"href":"https:\/\/historicrooms.com\/en\/wp-json\/wp\/v2\/types\/product"}],"replies":[{"embeddable":true,"href":"https:\/\/historicrooms.com\/en\/wp-json\/wp\/v2\/comments?post=51484"}],"wp:attachment":[{"href":"https:\/\/historicrooms.com\/en\/wp-json\/wp\/v2\/media?parent=51484"}],"wp:term":[{"taxonomy":"product_brand","embeddable":true,"href":"https:\/\/historicrooms.com\/en\/wp-json\/wp\/v2\/product_brand?post=51484"},{"taxonomy":"product_cat","embeddable":true,"href":"https:\/\/historicrooms.com\/en\/wp-json\/wp\/v2\/product_cat?post=51484"},{"taxonomy":"product_tag","embeddable":true,"href":"https:\/\/historicrooms.com\/en\/wp-json\/wp\/v2\/product_tag?post=51484"}],"curies":[{"name":"wp","href":"https:\/\/api.w.org\/{rel}","templated":true}]}}