{"id":51481,"date":"2024-05-11T11:52:50","date_gmt":"2024-05-11T09:52:50","guid":{"rendered":"https:\/\/historicrooms.com\/product\/inselhotel-am-faakersee-location\/"},"modified":"2024-05-12T10:42:08","modified_gmt":"2024-05-12T08:42:08","slug":"inselhotel-am-faakersee-location","status":"publish","type":"product","link":"https:\/\/historicrooms.com\/en\/product\/inselhotel-am-faakersee-location\/","title":{"rendered":"Island hotel on the Faakersee - Location"},"content":{"rendered":"<p style=\"font-weight: 400\" class=\"translation-block\"><span style=\"font-weight: 400\">Austria's only island hotel is located on a wooded, park-like and idyllic <strong>car-free<\/strong> <strong>island<\/strong> - in the middle of Austria's southernmost lake - Lake Faak in Carinthia. <\/span>You will be daydreaming about this turquoise blue, which meets emerald green at some water points, for a long time to come.<\/p>\n<p style=\"font-weight: 400\">On the terrace of the hotel, where Ludwig Wittgenstein and the Villach chronicler Carl Ghon once sat, our guests are being spoiled with tasty regional and international specialities. A special highlight is the heritage listed bathing complex. Here you can still feel the spirit of the summer resort at the turn of the century and yet enjoy modern comfort.<\/p>\n<p style=\"font-weight: 400\"><strong>From small weddings to corporate events<\/strong><\/p>\n<div>How many people dream of celebrating their wedding on a romantic island? This wish can be fulfilled - without a long journey. Thanks to its unique location in the middle of Lake Faakersee, the Inselhotel Faakersee is the ideal venue for wedding celebrations.<\/div>\n<div>\n<p>The civil wedding ceremony and the following celebration can take place directly on the island.<\/p>\n<ul>\n<li>Support and assistance with the planning of your wedding<\/li>\n<li>Support throughout the entire organisation<\/li>\n<li>individual menu or buffet selection<\/li>\n<li>exquisite international specialities and wines<\/li>\n<li>Special prices for overnight stays including a rich breakfast buffet<\/li>\n<\/ul>\n<\/div>\n<p>The small dining room is suitable for 50 guests and the large dining room for 80 guests.<\/p>\n<div>\n<p><strong>Incentives and seminars<\/strong><\/p>\n<div>The Inselhotel Faakersee is a unique location for your seminars, conferences, workshops or your company event. The island offers ideal conditions for sustainable customer loyalty or employee motivation, especially in the area of \"incentives\"! We will be happy to assist you in planning your event on the island!<\/div>\n<div><strong>You can also rent the whole island.<\/strong><\/div>\n<p>&nbsp;<\/p>\n<\/div>","protected":false},"excerpt":{"rendered":"<p>Das einzige Inselhotel \u00d6sterreichs liegt auf einer bewaldeten, park\u00e4hnlichen und \u00a0idyllischen autofreien Insel &#8211; mitten in \u00d6sterreichs s\u00fcdlichstem See &#8211; \u00a0dem Faaker See in K\u00e4rnten. Von diesem T\u00fcrkisblau, welches sich mit einem Smaragdgr\u00fcn an manchen Wasserstellen trifft, werden Sie noch lange tr\u00e4umen. Auf der Terrasse des Hauses, wo schon Ludwig Wittgenstein oder der Villacher Chronist [&hellip;]<\/p>\n","protected":false},"featured_media":0,"comment_status":"open","ping_status":"closed","template":"","meta":[],"product_brand":[],"product_cat":[22],"product_tag":[],"class_list":{"0":"post-51481","1":"product","2":"type-product","3":"status-publish","5":"product_cat-listeo-booking","7":"first","8":"instock","9":"virtual","10":"sold-individually","11":"taxable","12":"purchasable","13":"product-type-listing_booking"},"_links":{"self":[{"href":"https:\/\/historicrooms.com\/en\/wp-json\/wp\/v2\/product\/51481","targetHints":{"allow":["GET"]}}],"collection":[{"href":"https:\/\/historicrooms.com\/en\/wp-json\/wp\/v2\/product"}],"about":[{"href":"https:\/\/historicrooms.com\/en\/wp-json\/wp\/v2\/types\/product"}],"replies":[{"embeddable":true,"href":"https:\/\/historicrooms.com\/en\/wp-json\/wp\/v2\/comments?post=51481"}],"wp:attachment":[{"href":"https:\/\/historicrooms.com\/en\/wp-json\/wp\/v2\/media?parent=51481"}],"wp:term":[{"taxonomy":"product_brand","embeddable":true,"href":"https:\/\/historicrooms.com\/en\/wp-json\/wp\/v2\/product_brand?post=51481"},{"taxonomy":"product_cat","embeddable":true,"href":"https:\/\/historicrooms.com\/en\/wp-json\/wp\/v2\/product_cat?post=51481"},{"taxonomy":"product_tag","embeddable":true,"href":"https:\/\/historicrooms.com\/en\/wp-json\/wp\/v2\/product_tag?post=51481"}],"curies":[{"name":"wp","href":"https:\/\/api.w.org\/{rel}","templated":true}]}}