{"id":51476,"date":"2024-05-11T11:52:48","date_gmt":"2024-05-11T09:52:48","guid":{"rendered":"https:\/\/historicrooms.com\/product\/riegersburg-2\/"},"modified":"2025-04-03T16:58:37","modified_gmt":"2025-04-03T14:58:37","slug":"riegersburg-2","status":"publish","type":"product","link":"https:\/\/historicrooms.com\/en\/product\/riegersburg-2\/","title":{"rendered":"Gutshof Riegersburg"},"content":{"rendered":"<p>Riegersburg Castle is known as the biggest castle in Styria and is one of the most popular sightseeing destinations in the country. As an impregnable fortress, it is enthroned high up on the rock. Thanks to its impressive fortifications and unique location, the castle was already considered the strongest fortress in the West.<br \/>\nHistory is brought to life here. The three museums can be visited on your own or with one of the exciting guided tours. You are immersed in a completely different world and learn a lot about life in the castle, marvel at magnificent rooms, discover a lot about witches and try out weapons.<\/p>\n<h3>The Manor House<\/h3>\n<p>On the village border of Riegersburg you find the <strong>Manor house <\/strong>- the <strong>perfect starting point <\/strong>for <strong>many sightseeing highlights <\/strong>in the<strong> surrounding area <\/strong>and for the<strong> interesting events, castle tours and activities <\/strong>on the<strong> Riegersburg<\/strong>.<br \/>\nIn the manor house there are\u00a0<strong>two holiday apartments<\/strong>\u00a0each with fully equipped kitchen, one bedroom, living and dining room with pull-out couch, SAT-TV, WLAN, bathroom with shower\/WC.<\/p>\n<p><strong>Apartment 1<\/strong> offers accommodation <strong>for up to 4 guests<\/strong> and <strong>Apartment 2<\/strong>\u00a0accommodates\u00a0<strong>up to<\/strong> <strong>6 guests<\/strong>\u00a0.<br \/>\nFurthermore, you can book\u00a0<strong>a seperate room<\/strong>\u00a0with double bed, SAT-TV, WLAN and bathroom with shower\/WC for\u00a0<strong>2 guests\u00a0<\/strong>angemietet werden!<br \/>\nOn foot (in a few minutes) you can reach <strong>the Riegersburg<\/strong>, the <strong>Riegersburg Lakeside Resort, <\/strong>the bakery, a children's playground and the climbing garden, opposite there is a Spar grocery store and \"Pizza Burg\".<\/p>\n<p><strong>Price apartment 1 or 2:<\/strong><br \/>\nfor 2 persons: \u20ac 85,00<br \/>\neach additional person: \u20ac 17,00<br \/>\nfinal cleaning: \u20ac 55,00<\/p>\n<p><strong>Price for the room:<\/strong><br \/>\nper person: \u20ac 29,00<br \/>\nFlat rate for one night: \u20ac 58.00. Prices excl. accommodation tax<br \/>\nIn case of cancellation 4 days before the date of arrival, the guest will be charged a cancellation fee of 20% of the total amount.<br \/>\nIn case of cancellation after 10:00 a.m. on the day of arrival or no-show, the guest will be charged a cancellation fee of 90% of the total amount.<\/p>","protected":false},"excerpt":{"rendered":"<p>Die Riegersburg gilt als die gr\u00f6\u00dfte Burg der Steiermark und ist eines der beliebtesten Ausflugsziele des Landes. Als uneinnehmbare Festung thront sie hoch oben am Felsen und ist nicht umsonst eine der beliebtesten Sehensw\u00fcrdigkeiten der Region. Dank ihrer imposanten Befestigungsanlage und der einzigartigen Lage der Burg, z\u00e4hlte sie schon anno dazumal zur st\u00e4rksten Festung des [&hellip;]<\/p>\n","protected":false},"featured_media":0,"comment_status":"open","ping_status":"closed","template":"","meta":[],"product_brand":[],"product_cat":[22],"product_tag":[],"class_list":{"0":"post-51476","1":"product","2":"type-product","3":"status-publish","5":"product_cat-listeo-booking","7":"first","8":"instock","9":"virtual","10":"sold-individually","11":"taxable","12":"purchasable","13":"product-type-listing_booking"},"_links":{"self":[{"href":"https:\/\/historicrooms.com\/en\/wp-json\/wp\/v2\/product\/51476","targetHints":{"allow":["GET"]}}],"collection":[{"href":"https:\/\/historicrooms.com\/en\/wp-json\/wp\/v2\/product"}],"about":[{"href":"https:\/\/historicrooms.com\/en\/wp-json\/wp\/v2\/types\/product"}],"replies":[{"embeddable":true,"href":"https:\/\/historicrooms.com\/en\/wp-json\/wp\/v2\/comments?post=51476"}],"wp:attachment":[{"href":"https:\/\/historicrooms.com\/en\/wp-json\/wp\/v2\/media?parent=51476"}],"wp:term":[{"taxonomy":"product_brand","embeddable":true,"href":"https:\/\/historicrooms.com\/en\/wp-json\/wp\/v2\/product_brand?post=51476"},{"taxonomy":"product_cat","embeddable":true,"href":"https:\/\/historicrooms.com\/en\/wp-json\/wp\/v2\/product_cat?post=51476"},{"taxonomy":"product_tag","embeddable":true,"href":"https:\/\/historicrooms.com\/en\/wp-json\/wp\/v2\/product_tag?post=51476"}],"curies":[{"name":"wp","href":"https:\/\/api.w.org\/{rel}","templated":true}]}}