{"id":50701,"date":"2024-02-05T17:32:49","date_gmt":"2024-02-05T16:32:49","guid":{"rendered":"https:\/\/sz.alpsware.dev\/product\/schloss-innviertler-versailles\/"},"modified":"2024-02-05T17:32:49","modified_gmt":"2024-02-05T16:32:49","slug":"schloss-innviertler-versailles","status":"publish","type":"product","link":"https:\/\/historicrooms.com\/en\/product\/schloss-innviertler-versailles\/","title":{"rendered":"Innviertler Versailles"},"content":{"rendered":"<h1 style=\"font-weight: 400\"><strong>Innviertler Versailles <\/strong><\/h1>\n<h3 style=\"font-weight: 400\"><strong>The event &amp; adventure castle<\/strong><\/h3>\n<p style=\"font-weight: 400\">There are many stories to tell and much to experience in the moated castle Innviertler Versailles: The former glamour of the rulers, guided tours through the castle, exciting 'Escape the Room' adventures and delicious meals in the caf\u00e9 or from the castle shop. Visit us, stay with us in one of our beautiful flats and experience the Versailles of the Innviertel!<\/p>\n<p>&nbsp;<\/p>\n<p style=\"font-weight: 400\">You can find a 3D tour of the entire property here: <a href=\"https:\/\/tour.3d-innviertel.at\/de\/tour\/innviertler-versailles\">https:\/\/tour.3d-innviertel.at\/de\/tour\/innviertler-versailles<\/a><\/p>\n<p>&nbsp;<\/p>\n<p style=\"font-weight: 400\"><strong>Activities in the castle:<\/strong><\/p>\n<p style=\"font-weight: 400\">Guided tours of the castle: Experience history<\/p>\n<p style=\"font-weight: 400\">Escape Room: The Energy Machine (based on the invention of former castle owner Karl Schappeller)<\/p>\n<p style=\"font-weight: 400\">Romantic dinner: on request<\/p>\n<p style=\"font-weight: 400\">Our own events at the castle: Current dates can be found on our website (\u00dc30 Party, Irish Night, Love, Peace &amp; Rock'n'Roll, Schlossheurigen, Schlossadvent, vernissages, etc.)<\/p>\n<p>&nbsp;<\/p>\n<p style=\"font-weight: 400\"><strong>Outdoor sports activities:<\/strong><\/p>\n<p style=\"font-weight: 400\"><strong>Hiking and cycling tours<\/strong> in the nearby Hausruck- &amp; Kobernau\u00dferwald. Direct connection to the Antiesen cycle path and from there to the Roman cycle path, which leads to the Salzkammergut.<\/p>\n<p style=\"font-weight: 400\"><strong>2 swimming lakes<\/strong> in the neighbourhood. The <strong>outdoor pool<\/strong> Aurolzm\u00fcnster is located directly behind the castle, as is a sports centre with <strong>tennis &amp; football court.<\/strong> 3 <strong>golf courses<\/strong> within a radius of 25km.<\/p>\n<p style=\"font-weight: 400\">Check-In from 2pm<\/p>\n<p style=\"font-weight: 400\">Check-Out till 11am<\/p>\n<p style=\"font-weight: 400\"><strong>Distances:<\/strong><\/p>\n<p style=\"font-weight: 400\">Bus: 100m directly in the village of Aurolzm\u00fcnster<\/p>\n<p style=\"font-weight: 400\">Train station: 50m from the castle<\/p>\n<p style=\"font-weight: 400\">Motorway exit: Ried im Innkreis 7km<\/p>\n<p style=\"font-weight: 400\">Nearest town: Ried im Innkreis 5km<\/p>\n<p style=\"font-weight: 400\">Airport: 68km Linz \/ 78km Salzburg \/ 150km Munich<\/p>\n<p style=\"font-weight: 400\">Supermarket: directly in the village of Aurolzm\u00fcnster<\/p>\n<p>&nbsp;<\/p>\n<p>Payments only in advance\/on account, as we do not have a staffed reception.<\/p>\n<p>Payments on site only possible during the castle shop opening hours.<\/p>\n<p>Further booking options: <a href=\"https:\/\/booking.roomraccoon.at\/innviertler-versailles\/de\/\">https:\/\/booking.roomraccoon.at\/innviertler-versailles\/de\/<\/a><\/p>","protected":false},"excerpt":{"rendered":"<p>Innviertler Versailles Das Event- &amp; Erlebnisschloss Im Wasserschloss Innviertler Versailles gibt es viele Geschichten zu erz\u00e4hlen und vieles zu erleben: Den damaligen Prunk der Herrscher, F\u00fchrungen durch das Schloss, spannende &#8216;Escape the Room&#8217; &#8211; Abenteuer und f\u00fcrstliche Speisen im Caf\u00e9 oder vom Schlossladen. Besuchen Sie uns, wohnen Sie bei uns in einem der wundersch\u00f6nen Appartements [&hellip;]<\/p>\n","protected":false},"featured_media":0,"comment_status":"open","ping_status":"closed","template":"","meta":[],"product_brand":[],"product_cat":[],"product_tag":[],"class_list":{"0":"post-50701","1":"product","2":"type-product","3":"status-publish","6":"first","7":"instock","8":"taxable","9":"shipping-taxable","10":"product-type-simple"},"_links":{"self":[{"href":"https:\/\/historicrooms.com\/en\/wp-json\/wp\/v2\/product\/50701","targetHints":{"allow":["GET"]}}],"collection":[{"href":"https:\/\/historicrooms.com\/en\/wp-json\/wp\/v2\/product"}],"about":[{"href":"https:\/\/historicrooms.com\/en\/wp-json\/wp\/v2\/types\/product"}],"replies":[{"embeddable":true,"href":"https:\/\/historicrooms.com\/en\/wp-json\/wp\/v2\/comments?post=50701"}],"wp:attachment":[{"href":"https:\/\/historicrooms.com\/en\/wp-json\/wp\/v2\/media?parent=50701"}],"wp:term":[{"taxonomy":"product_brand","embeddable":true,"href":"https:\/\/historicrooms.com\/en\/wp-json\/wp\/v2\/product_brand?post=50701"},{"taxonomy":"product_cat","embeddable":true,"href":"https:\/\/historicrooms.com\/en\/wp-json\/wp\/v2\/product_cat?post=50701"},{"taxonomy":"product_tag","embeddable":true,"href":"https:\/\/historicrooms.com\/en\/wp-json\/wp\/v2\/product_tag?post=50701"}],"curies":[{"name":"wp","href":"https:\/\/api.w.org\/{rel}","templated":true}]}}