{"id":50598,"date":"2023-11-13T18:13:22","date_gmt":"2023-11-13T17:13:22","guid":{"rendered":"https:\/\/sz.alpsware.dev\/product\/burg-landskron\/"},"modified":"2023-11-13T18:13:22","modified_gmt":"2023-11-13T17:13:22","slug":"burg-landskron","status":"publish","type":"product","link":"https:\/\/historicrooms.com\/en\/product\/burg-landskron\/","title":{"rendered":"Burg Landskron"},"content":{"rendered":"<h1>Whether for business or pleasure - Landskron Castle is always a special place<\/h1>\n<p>&nbsp;<\/p>\n<p>Landskron Castle offers the unique experience of hosting seminars and events in a historic setting. The restored rooms in the castle are the perfect ambience for your guests. The outstanding technical equipment makes every event a perfect experience. In addition to the rooms, Landskron Castle offers attractive outdoor areas that can be used for team activities or breaks. Here, participants have the opportunity to enjoy the impressive view and be inspired by the atmosphere. To spoil you and your guests with culinary highlights, the \"castle kitchen\" will create exquisite dishes from the region. To ensure that everything runs smoothly, the castle team will accompany you from the very beginning and provide professional on-site support.<\/p>\n<p>&nbsp;<\/p>\n<p><strong>Rooms: with cinema setup:<\/strong><\/p>\n<p>Tower hall:          105m2 for max. 110 people<\/p>\n<p>Crown Hall: 103m2 for max. 72 people<\/p>\n<p>Burgst\u00fcberl: 58m2 for max. 32 people<\/p>\n<p>Mareschsaal: 93m2 for max. 40 people<\/p>\n<p>&nbsp;<\/p>\n<p class=\"translation-block\">A <strong>chapel<\/strong> is available for weddings.<\/p>\n<p>&nbsp;<\/p>\n<p><strong>Supporting programme at the castle<\/strong><\/p>\n<p>Eagle Arena<\/p>\n<p>Monkey mountain<\/p>\n<p>&nbsp;<\/p>","protected":false},"excerpt":{"rendered":"<p>Ob privat oder beruflich, die Burg Landskron ist immer eine besondere Location &nbsp; Die Burg Landskron bietet die einzigartige M\u00f6glichkeit, inmitten einer historischen Kulisse, Seminare abzuhalten und Events zu kreieren. Die restaurierten R\u00e4umlichkeiten in der Burg bieten Ihren G\u00e4sten einen exklusiven Rahmen. Durch die hervorragende technische Ausstattung wird jeder Anlass zu einem perfekten Erlebnis. Zus\u00e4tzlich [&hellip;]<\/p>\n","protected":false},"featured_media":0,"comment_status":"open","ping_status":"closed","template":"","meta":[],"product_brand":[],"product_cat":[],"product_tag":[],"class_list":{"0":"post-50598","1":"product","2":"type-product","3":"status-publish","6":"first","7":"instock","8":"taxable","9":"shipping-taxable","10":"product-type-simple"},"_links":{"self":[{"href":"https:\/\/historicrooms.com\/en\/wp-json\/wp\/v2\/product\/50598","targetHints":{"allow":["GET"]}}],"collection":[{"href":"https:\/\/historicrooms.com\/en\/wp-json\/wp\/v2\/product"}],"about":[{"href":"https:\/\/historicrooms.com\/en\/wp-json\/wp\/v2\/types\/product"}],"replies":[{"embeddable":true,"href":"https:\/\/historicrooms.com\/en\/wp-json\/wp\/v2\/comments?post=50598"}],"wp:attachment":[{"href":"https:\/\/historicrooms.com\/en\/wp-json\/wp\/v2\/media?parent=50598"}],"wp:term":[{"taxonomy":"product_brand","embeddable":true,"href":"https:\/\/historicrooms.com\/en\/wp-json\/wp\/v2\/product_brand?post=50598"},{"taxonomy":"product_cat","embeddable":true,"href":"https:\/\/historicrooms.com\/en\/wp-json\/wp\/v2\/product_cat?post=50598"},{"taxonomy":"product_tag","embeddable":true,"href":"https:\/\/historicrooms.com\/en\/wp-json\/wp\/v2\/product_tag?post=50598"}],"curies":[{"name":"wp","href":"https:\/\/api.w.org\/{rel}","templated":true}]}}