{"id":50560,"date":"2023-11-13T16:19:29","date_gmt":"2023-11-13T15:19:29","guid":{"rendered":"https:\/\/sz.alpsware.dev\/product\/insel\/"},"modified":"2023-11-13T16:19:29","modified_gmt":"2023-11-13T15:19:29","slug":"insel","status":"publish","type":"product","link":"https:\/\/historicrooms.com\/en\/product\/insel\/","title":{"rendered":"Island hotel on the Faakersee"},"content":{"rendered":"<h1 style=\"font-weight: 400\">A paradise with 80,000 square metres of pure nature<\/h1>\n<p style=\"font-weight: 400\" class=\"translation-block\"><span style=\"font-weight: 400\">As the name suggests, this extraordinary holiday residence is located on an idyllic <strong>car-free<\/strong> <strong>island<\/strong> - in the middle of Austria's southest lake - Lake Faak in Carinthia. <\/span>You will be daydreaming about this turquoise blue, which meets emerald green at some water points, for a long time to come.<\/p>\n<p style=\"font-weight: 400\">On the terrace of the hotel, where Ludwig Wittgenstein and the Villach chronicler Carl Ghon once sat, our guests are being spoiled with tasty regional and international specialities. A special highlight is the heritage listed bathing complex. Here you can still feel the spirit of the summer resort at the turn of the century and yet enjoy modern comfort.<\/p>\n<p style=\"font-weight: 400\" class=\"translation-block\"><strong>All rooms and junior suites<\/strong> are provided with lake view, bath or shower, WC, telephone, satellite TV, hairdryer, safe and bathrobe. Many of our double rooms and suites have a balcony facing south or west.<\/p>\n<p style=\"font-weight: 400\">A beach bag, beach towels, parasols and sun beds are at your disposal during your stay.<\/p>\n<div>\n<p class=\"translation-block\"><b>DOGS: <\/b>\u20ac 20,- per night (without food), not allowed on the beach and in the restaurant for hygiene reasons. Final cleaning for dogs in the room \u20ac 40,-.<\/p>\n<div>\n<p class=\"translation-block\"><b>SINGLE ROOM SURCHARGE: <\/b>Pre- and post-season: 25% single room surcharge, high season and Harleytime: 50%<\/p>\n<div>\n<p class=\"translation-block\"><b>BREAKFAST ONLY: <\/b>on request<\/p>\n<div>\n<p class=\"translation-block\"><b>PAYMENT CONDITIONS: <\/b>Your reservation is confirmed upon receipt of a deposit of 30% of the total agreed package price.<\/p>\n<p>Your Harley-Time reservation becomes confirmed upon receipt of a 100% deposit by 15 July.<\/p>\n<div>\n<h4>Check in<\/h4>\n<p>Arrival: from 15:00<\/p>\n<p>Departure: until 11:00 am; you are welcome to use our beach and all sports activities until 6 pm on your day of departure.<\/p>\n<div>\n<h4><b>CANCELLATION TERMS:\u00a0<\/b><\/h4>\n<\/div>\n<\/div>\n<div>\n<p style=\"font-weight: 400\">- up to 3 months before the date of arrival without paying a cancellation fee;<\/p>\n<p style=\"font-weight: 400\" class=\"translation-block\">- up to 1 month before the date of arrival 40% of the total package price;<br>\n- up to 1 week before the day of arrival 70% of the total package price; <br>\n- in the last week before the day of arrival 90% of the total package price; in all other cases, the Austrian Hotel Contract Conditions (\u00d6HVB) <a style=\"font-style: inherit;font-weight: inherit\" href=\"http:\/\/www.hotelverband.at\/down\/AGBH_061115.pdf\" target=\"_self\">\u00d6sterreichischen Hotelvertragsbedingungen<\/a>\u00a0(\u00d6HVB).apply.<\/p>\n<p style=\"font-weight: 400\">\n<\/div>\n<div><\/div>\n<div><\/div>\n<\/div>\n<\/div>\n<\/div>\n<\/div>\n<p>&nbsp;<\/p>","protected":false},"excerpt":{"rendered":"<p>Ein Paradies auf Erden mit 80.000 qm\u00b2 Natur pur Wie es bereits der Name verr\u00e4t, liegt dieses au\u00dfergew\u00f6hnliche Urlaubsdomizil auf einer idyllischen autofreien Insel &#8211; mitten in \u00d6sterreichs s\u00fcdlichstem See &#8211; \u00a0dem Faaker See in K\u00e4rnten. Von diesem T\u00fcrkisblau, welches sich mit einem Smaragdgr\u00fcn an manchen Wasserstellen trifft, werden Sie noch lange tr\u00e4umen. Auf der [&hellip;]<\/p>\n","protected":false},"featured_media":0,"comment_status":"open","ping_status":"closed","template":"","meta":[],"product_brand":[],"product_cat":[],"product_tag":[],"class_list":{"0":"post-50560","1":"product","2":"type-product","3":"status-publish","6":"first","7":"instock","8":"taxable","9":"shipping-taxable","10":"product-type-simple"},"_links":{"self":[{"href":"https:\/\/historicrooms.com\/en\/wp-json\/wp\/v2\/product\/50560","targetHints":{"allow":["GET"]}}],"collection":[{"href":"https:\/\/historicrooms.com\/en\/wp-json\/wp\/v2\/product"}],"about":[{"href":"https:\/\/historicrooms.com\/en\/wp-json\/wp\/v2\/types\/product"}],"replies":[{"embeddable":true,"href":"https:\/\/historicrooms.com\/en\/wp-json\/wp\/v2\/comments?post=50560"}],"wp:attachment":[{"href":"https:\/\/historicrooms.com\/en\/wp-json\/wp\/v2\/media?parent=50560"}],"wp:term":[{"taxonomy":"product_brand","embeddable":true,"href":"https:\/\/historicrooms.com\/en\/wp-json\/wp\/v2\/product_brand?post=50560"},{"taxonomy":"product_cat","embeddable":true,"href":"https:\/\/historicrooms.com\/en\/wp-json\/wp\/v2\/product_cat?post=50560"},{"taxonomy":"product_tag","embeddable":true,"href":"https:\/\/historicrooms.com\/en\/wp-json\/wp\/v2\/product_tag?post=50560"}],"curies":[{"name":"wp","href":"https:\/\/api.w.org\/{rel}","templated":true}]}}