{"id":50538,"date":"2023-11-09T11:50:52","date_gmt":"2023-11-09T10:50:52","guid":{"rendered":"https:\/\/sz.alpsware.dev\/product\/schloshof-weisenbach\/"},"modified":"2023-11-09T11:50:52","modified_gmt":"2023-11-09T10:50:52","slug":"schloshof-weisenbach","status":"publish","type":"product","link":"https:\/\/historicrooms.com\/en\/product\/schloshof-weisenbach\/","title":{"rendered":"The Rentei of Wei\u00dfenbach Castle"},"content":{"rendered":"<h1>The holiday paradise at Schlo\u00dfhof Wei\u00dfenbach<\/h1>\n<p>&nbsp;<\/p>\n<p style=\"font-weight: 400\" class=\"translation-block\">This idyllic holiday home is part of the baroque castle complex in the eponymous village of Wei\u00dfenbach in the Lower Franconian municipality of Zeitlofs in the district of Bad Kissingen in Germany. The <strong>holiday apartment<\/strong> is located in the <strong>historic manor<\/strong>, where you can enjoy the very special charm of a historical monument, combined with the modern comforts of life.<\/p>\n<p>&nbsp;<\/p>\n<p style=\"font-weight: 400\" class=\"translation-block\">The holiday flat, with enough space for all guests, offers <strong>space for up to 12 guests<\/strong> on two floors in 5 bedrooms, 3 bathrooms and 2 guest toilets. From the fully equipped kitchen-dining area, you can get together for games or chats in front of the fireplace in the living room. The spacious bedrooms or the reading area offer retreats for reading. A fibre optic connection provides the necessary connection to the outside world.<\/p>\n<p>&nbsp;<\/p>\n<p style=\"font-weight: 400\">This is the perfect place to relax in the garden or on the terrace (in summer) and enjoy the tranquillity of the night or the clear starry sky from the flat's own jetty. A rowing boat is also available for short trips on the pond. In winter, weather permitting, the pond offers the opportunity to go ice skating. Afterwards, the private sauna warms you up again.<\/p>\n<p>&nbsp;<\/p>\n<p style=\"font-weight: 400\">Up to 4 cars can easily be parked directly in front of the house. A lockable shed is available for e-bikes, which also has the necessary sockets so that you can go on an exploration tour with a fully charged battery through the beautiful Rh\u00f6n the next day.<\/p>\n<p>&nbsp;<\/p>\n<p style=\"font-weight: 400\">The holiday flat, like the rest of the farm, is sustainably heated with wood from our own forest. We have been producing green electricity on one of the roofs with a photovoltaic system since spring 2023.<\/p>\n<p>&nbsp;<\/p>\n<p style=\"font-weight: 400\"><strong>In a nutshell:<\/strong><\/p>\n<p>* Minimum booking of 2 nights, from 6 nights we offer a 25% discount<\/p>\n<p>* Basic price for up to 8 persons \u20ac 590,-\/night, each additional guest \u20ac 22,-\/night<\/p>\n<p>* The rent includes heating, electricity and water, as well as final cleaning. Cleaning and change of linen during the stay possible on request for an extra charge<\/p>\n<p>* Pet \u20ac 5,-\/night<\/p>\n<p>* Firewood for the fireplace is available in the yard<\/p>\n<p style=\"font-weight: 400\">* Minimum stay 2 nights<\/p>\n<p>&nbsp;<\/p>\n<p><strong>Check in:<\/strong><\/p>\n<p>Arrival: from 5:00pm or by arrangement<\/p>\n<p>Departure: by 10:00am or by arrangement<\/p>\n<p>&nbsp;<\/p>\n<p><strong>Distances<\/strong><\/p>\n<p>Shopping: in the village<\/p>\n<p>Bus: Bad Br\u00fcckenau 10km<\/p>\n<p>Railwaystation: ICE \u2013 Fulda ca. 40 min, W\u00fcrzburg ca. 50min<\/p>\n<p>&nbsp;<\/p>\n<p><strong>Excursions<\/strong>:<\/p>\n<p>Altengronau natural swimming pool, tennis court\/arena, cinema (Rh\u00f6n-Lichtspiele, Bad Br\u00fcckenau), Bad Br\u00fcckenau high ropes course, Thulba water ski facility\/wake park, Klaushof Bad Kisingen wildlife park, Steinau adventure park, Hammelburg canoe rental<\/p>","protected":false},"excerpt":{"rendered":"<p>Das Ferienidyll im Schlo\u00dfhof Wei\u00dfenbach &nbsp; Das Ferienidyll geh\u00f6rt zum barocken Schlosskomplex in der gleichnamigen Ortschaft Wei\u00dfenbach in der unterfr\u00e4nkischen Gemeinde Zeitlofs im Landkreis Bad Kissingen. Die Ferienwohnung befindet sich in der historischen Rentei, in der Sie der ganz besondere Charme eines historischen Baudenkmals erwartet, erg\u00e4nzt mit den modernen Bequemlichkeiten des Lebens. &nbsp; Die Ferienwohnung, [&hellip;]<\/p>\n","protected":false},"featured_media":0,"comment_status":"open","ping_status":"closed","template":"","meta":[],"product_brand":[],"product_cat":[],"product_tag":[],"class_list":{"0":"post-50538","1":"product","2":"type-product","3":"status-publish","6":"first","7":"instock","8":"taxable","9":"shipping-taxable","10":"product-type-simple"},"_links":{"self":[{"href":"https:\/\/historicrooms.com\/en\/wp-json\/wp\/v2\/product\/50538","targetHints":{"allow":["GET"]}}],"collection":[{"href":"https:\/\/historicrooms.com\/en\/wp-json\/wp\/v2\/product"}],"about":[{"href":"https:\/\/historicrooms.com\/en\/wp-json\/wp\/v2\/types\/product"}],"replies":[{"embeddable":true,"href":"https:\/\/historicrooms.com\/en\/wp-json\/wp\/v2\/comments?post=50538"}],"wp:attachment":[{"href":"https:\/\/historicrooms.com\/en\/wp-json\/wp\/v2\/media?parent=50538"}],"wp:term":[{"taxonomy":"product_brand","embeddable":true,"href":"https:\/\/historicrooms.com\/en\/wp-json\/wp\/v2\/product_brand?post=50538"},{"taxonomy":"product_cat","embeddable":true,"href":"https:\/\/historicrooms.com\/en\/wp-json\/wp\/v2\/product_cat?post=50538"},{"taxonomy":"product_tag","embeddable":true,"href":"https:\/\/historicrooms.com\/en\/wp-json\/wp\/v2\/product_tag?post=50538"}],"curies":[{"name":"wp","href":"https:\/\/api.w.org\/{rel}","templated":true}]}}