{"id":50357,"date":"2023-07-25T11:04:50","date_gmt":"2023-07-25T10:04:50","guid":{"rendered":"https:\/\/sz.alpsware.dev\/product\/villa-ottelio\/"},"modified":"2023-07-25T11:04:50","modified_gmt":"2023-07-25T10:04:50","slug":"villa-ottelio","status":"publish","type":"product","link":"https:\/\/historicrooms.com\/en\/product\/villa-ottelio\/","title":{"rendered":"Villa Ottelio"},"content":{"rendered":"<h1>A hidden treasure opens the gates<\/h1>\n<p>The renovation work was only recently completed. Now Villa Ottelio opens its doors and offers a very beautiful castle appartment for your holiday.<\/p>\n<p>In front of Villa Ottelio de Carvalho is a terraced courtyard that is decorated by a wrought-iron well and bordered by two buildings. One building is a rustic annex and opposite there is the family chapel dedicated to Saint Gaetano.<\/p>\n<p>In diesem herrlichen Ambiente k\u00f6nnen Sie wunderbare, ruhige Stunden verbringen. In der s\u00fcd-westlichen Ecke des Schloss-Hofes erwartet Sie schon ein herrlicher Sitzplatz mit Aussicht.<\/p>\n<p>The castle appartment is located on the first floor. You have your own entrance and so you can spend your holiday undisturbed by the owners. The cosy, antique-furnished rooms are in complete harmony with the historic surroundings. The appartment offers a double room and a separate single room, living room, a rustic kitchen with dining table and a modern bathroom with tub.<\/p>\n<p>The Friulian surroundings are rich in culture, sporting opportunities and culinary specialities. Hiking, cycling, tennis, golf, horseback riding - all this is possible in the near vicinity. The sea and the lagoon city of Grado are easily accessible for a day trip.<\/p>\n<p><strong>Minimum stay<\/strong>: 3 nights<\/p>\n<p><strong>Check<\/strong> <strong>In<\/strong>: by arrangement<\/p>\n<p><strong>Distances:<\/strong><\/p>\n<p>Nearest town, shopping facilities: Buttrio 2.6 km<\/p>\n<p>Raiway station: Buttrio 2,6 km<\/p>\n<p>Airport: Trieste 29 km<\/p>\n<p>Motorway Udine Sud: 10 km<\/p>\n<p>Restaurant: 3 km<\/p>\n<p>Outlet Palmanova: 20 km<\/p>\n<p>&nbsp;<\/p>","protected":false},"excerpt":{"rendered":"<p>Ein verborgener Schatz \u00f6ffnet die Tore Erst vor Kurzem konnten die Renovierungsarbeiten abgeschlossen werden. Nun \u00f6ffnet die Villa Ottelio die Tore und bietet eine sehr sch\u00f6ne Schloss-Wohnung f\u00fcr Ihren Urlaub an. Vor der Villa Ottelio de Carvalho liegt ein terrassenf\u00f6rmig angelegter Hof, der von einem schmiedeeisernen Brunnen geschm\u00fcckt wird und von zwei Geb\u00e4uden begrenzt wird. [&hellip;]<\/p>\n","protected":false},"featured_media":0,"comment_status":"open","ping_status":"closed","template":"","meta":[],"product_brand":[],"product_cat":[22],"product_tag":[],"class_list":{"0":"post-50357","1":"product","2":"type-product","3":"status-publish","5":"product_cat-listeo-booking","7":"first","8":"instock","9":"virtual","10":"sold-individually","11":"taxable","12":"purchasable","13":"product-type-listing_booking"},"_links":{"self":[{"href":"https:\/\/historicrooms.com\/en\/wp-json\/wp\/v2\/product\/50357","targetHints":{"allow":["GET"]}}],"collection":[{"href":"https:\/\/historicrooms.com\/en\/wp-json\/wp\/v2\/product"}],"about":[{"href":"https:\/\/historicrooms.com\/en\/wp-json\/wp\/v2\/types\/product"}],"replies":[{"embeddable":true,"href":"https:\/\/historicrooms.com\/en\/wp-json\/wp\/v2\/comments?post=50357"}],"wp:attachment":[{"href":"https:\/\/historicrooms.com\/en\/wp-json\/wp\/v2\/media?parent=50357"}],"wp:term":[{"taxonomy":"product_brand","embeddable":true,"href":"https:\/\/historicrooms.com\/en\/wp-json\/wp\/v2\/product_brand?post=50357"},{"taxonomy":"product_cat","embeddable":true,"href":"https:\/\/historicrooms.com\/en\/wp-json\/wp\/v2\/product_cat?post=50357"},{"taxonomy":"product_tag","embeddable":true,"href":"https:\/\/historicrooms.com\/en\/wp-json\/wp\/v2\/product_tag?post=50357"}],"curies":[{"name":"wp","href":"https:\/\/api.w.org\/{rel}","templated":true}]}}