{"id":45132,"date":"2023-04-13T10:57:17","date_gmt":"2023-04-13T09:57:17","guid":{"rendered":"https:\/\/sz.alpsware.dev\/product\/samer-historischer-bauernhof\/"},"modified":"2023-04-13T10:57:17","modified_gmt":"2023-04-13T09:57:17","slug":"samer-historischer-bauernhof","status":"publish","type":"product","link":"https:\/\/historicrooms.com\/en\/product\/samer-historischer-bauernhof\/","title":{"rendered":"Samer - historic farmhouse"},"content":{"rendered":"<h1>Historical treasure<\/h1>\n<p><span style=\"font-family: Avenir\"><span style=\"font-size: small\">The Samerhaus - a historic farmhouse in Sarnthein, steeped in history, is known as one of the oldest in the village and has been expertly restored by its new owner Benjamin Hueber in close cooperation with the Provincial Monuments Office. In the future, this jewel will not only please the local population with its new fa\u00e7ade but also guests who will be able to get to know and appreciate it in its new purpose as a holiday domicile.<\/span><\/span><\/p>\n<p><span style=\"font-family: Avenir\"><span style=\"font-size: small\">The historical Alpin Chalet Samer is a <\/span><\/span><span style=\"font-family: Avenir\"><span style=\"font-size: small\">spacious and luxurious accommodation. This closes the circle: instead of the muleteers, carters and travellers of the late Middle Ages, tourists will be guests in the Samerhaus in the future, who have come to find relaxation in the picturesque landscape of the Sarentino Valley and to enjoy the magnificent mountain view.<\/span><\/span><\/p>\n<p>\u00a0<\/p>\n<p class=\"mt-0 mb-xs text-md md:mt-xs md:text-xxl\"><strong>Apartment \u201cChalet Samer \u2013 Bergh\u00fctte\u201d mit Bergblick f\u00fcr 2-4 Personen<\/strong><\/p>\n<p><span style=\"color: #1d1d1d\"><span style=\"font-family: Avenir\"><span style=\"font-size: medium\">The 63 m\u00b2 apartment consists of a living room with a sofa bed, a fully equipped kitchen, 1 bedroom and 1 bathroom. (For 2 persons<\/span><\/span><\/span><span style=\"color: #1d1d1d\"><span style=\"font-family: Avenir\"><span style=\"font-size: medium\"> 180 \u20ac per night, each additional person + \u20ac 30 per night. Local tax: \u20ac 1,75 per person per night).<\/span><\/span><\/span><\/p>\n<p class=\"mt-0 mb-xs text-md md:mt-xs md:text-xxl\"><strong>Apartment \u201cChalet Samer \u2013 Bauernstube\u201d mit Bergblick, 2 Balkonen f\u00fcr 6 Personen\u00a0<\/strong><\/p>\n<p><span style=\"color: #000000\"><span style=\"font-family: Avenir\">The 120 m\u00b2 apartment consists of a living room with a sofa bed for one person, a fully equipped kitchen, 3 bedrooms and 1 bathroom. (For 2 persons \u20ac 280 per night, each additional person + \u20ac 30 per night. Local tax: \u20ac 1,75 per person per night).<\/span><\/span><\/p>\n<p class=\"mt-0 mb-xs text-md md:mt-xs md:text-xxl\"><strong>Apartment \u201cChalet Samer \u2013 F\u00fcrstenblick\u201d mit Bergblick, 2 Terrassen\u00a0f\u00fcr 6 Personen<\/strong><\/p>\n<p><span style=\"color: #1d1d1d\"><span style=\"font-family: Avenir\"><span style=\"font-size: medium\">The 100 m\u00b2 apartment consists of a living room, a fully equipped kitchen, 3 bedrooms and 1 bathroom. (For 2 persons \u20ac 250 per night, each additional person + \u20ac 30 per night. Local tax: \u20ac 1,75 per person per night).<\/span><\/span><\/span><\/p>\n<p>\u00a0<\/p>\n<p class=\"mt-0 mb-xs text-md md:mt-xs md:text-xxl\"><strong>Ferienhaus \u201cAlpin Chalet Samer\u201d mit Bergblick mit privatem Garten, f\u00fcr 16 Personen<\/strong><\/p>\n<p><span style=\"color: #1d1d1d\"><span style=\"font-family: Avenir\"><span style=\"font-size: medium\">Das dreist\u00f6ckige Chalet (entspricht der Summe der einzelnen Apt. Bergh\u00fctte & Bauernstube & F\u00fcrstenblick) besteht aus einem Wohnzimmer mit einer Schlafcouch f\u00fcr eine Person, einer voll ausgestatteten K\u00fcche mit Geschirrsp\u00fcler, 7 Schlafzimmer und 3 Badezimmer. (F\u00fcr 6 Personen \u20ac 680 pro Nacht, jede weitere Person + \u20ac 30 pro Nacht. Ortstaxe: \u20ac 1,75 pro Person und Nacht.)<\/span><\/span><\/span><\/p>\n<p>\u00a0<\/p>\n<h4><strong>Arrival and departure by arrangement possible<\/strong><\/h4>\n<p>Check in: from 15:00<\/p>\n<p>Check out: till 10:00<\/p>\n<h4><strong>Distances<\/strong><\/h4>\n<p>Bus: Sarnthein, 250m<\/p>\n<p>Bahnhof: \u00a0Bozen 20km<\/p>\n<p>Airport: Bozen 20km<\/p>\n<p>Restaurants\/shopping: Sarnthein 300m und Bozen 20km<\/p>\n<p>\u00a0<\/p>\n<p>Press reports (please just click)<strong>:\u00a0<a class=\"\" href=\"https:\/\/athesiagroup-my.sharepoint.com\/:f:\/g\/personal\/benjamin_hueber_athesia_it\/Ev24ZqwmYftPnyhsjKmbCwcBIzXpdCB7b-JH6fzUcz1xMQ?e=yq0TjR\">Pressreports<\/a><\/strong><\/p>\n<p>\u00a0<\/p>\n<p>Anfragen & Buchungen \u00fcber das Schlosszimmer-Kontaktformular oder bookiply.de<\/p>","protected":false},"excerpt":{"rendered":"<p>Historisches Schmuckst\u00fcck Das Samerhaus \u2013 ein geschichtstr\u00e4chtiges, historisches Bauernhaus in Sarnthein, ist als eines der \u00c4ltesten im Dorf bekannt und wurde von seinem neuen Eigent\u00fcmer Benjamin Hueber in enger Zusammenarbeit mit dem Landesdenkmalamt musterg\u00fcltig und fachgerecht restauriert. Das nunmehrige Schmuckst\u00fcck erfreut in Zukunft nicht nur die einheimische Bev\u00f6lkerung mit seiner in neuem Glanz erstrahlenden Fassade, [&hellip;]<\/p>\n","protected":false},"featured_media":0,"comment_status":"open","ping_status":"closed","template":"","meta":[],"product_brand":[],"product_cat":[22],"product_tag":[],"class_list":{"0":"post-45132","1":"product","2":"type-product","3":"status-publish","5":"product_cat-listeo-booking","7":"first","8":"instock","9":"virtual","10":"sold-individually","11":"taxable","12":"purchasable","13":"product-type-listing_booking"},"_links":{"self":[{"href":"https:\/\/historicrooms.com\/en\/wp-json\/wp\/v2\/product\/45132","targetHints":{"allow":["GET"]}}],"collection":[{"href":"https:\/\/historicrooms.com\/en\/wp-json\/wp\/v2\/product"}],"about":[{"href":"https:\/\/historicrooms.com\/en\/wp-json\/wp\/v2\/types\/product"}],"replies":[{"embeddable":true,"href":"https:\/\/historicrooms.com\/en\/wp-json\/wp\/v2\/comments?post=45132"}],"wp:attachment":[{"href":"https:\/\/historicrooms.com\/en\/wp-json\/wp\/v2\/media?parent=45132"}],"wp:term":[{"taxonomy":"product_brand","embeddable":true,"href":"https:\/\/historicrooms.com\/en\/wp-json\/wp\/v2\/product_brand?post=45132"},{"taxonomy":"product_cat","embeddable":true,"href":"https:\/\/historicrooms.com\/en\/wp-json\/wp\/v2\/product_cat?post=45132"},{"taxonomy":"product_tag","embeddable":true,"href":"https:\/\/historicrooms.com\/en\/wp-json\/wp\/v2\/product_tag?post=45132"}],"curies":[{"name":"wp","href":"https:\/\/api.w.org\/{rel}","templated":true}]}}