{"id":37508,"date":"2023-02-24T09:35:53","date_gmt":"2023-02-24T08:35:53","guid":{"rendered":"https:\/\/sz.alpsware.dev\/product\/waldschlossl\/"},"modified":"2023-02-24T09:35:53","modified_gmt":"2023-02-24T08:35:53","slug":"waldschlossl","status":"publish","type":"product","link":"https:\/\/historicrooms.com\/en\/product\/waldschlossl\/","title":{"rendered":"Waldschl\u00f6ssl"},"content":{"rendered":"<h1>Sustainability &amp; Family Paradise<\/h1>\n<p><span style=\"color: #455d58\"><span style=\"font-family: Montserrat, sans-serif\"><span style=\"font-size: medium\">The Waldschl\u00f6ssl is run in a very family-like atmosphere. Landlord Christian takes care of the renovation and management of the Waldschl\u00f6ssl. Housewife Zita takes care of the guest services. Their son Leno makes sure that nobody gets bored at the Waldschl\u00f6ssl.<\/span><\/span><\/span><\/p>\n<p><span style=\"color: #455d58\"><span style=\"font-family: Montserrat, sans-serif\"><span style=\"font-size: medium\"><span style=\"font-family: Avenir Next\">Our <\/span><strong><span style=\"font-family: Avenir Next\">two flats and the family rooms<\/span><\/strong><span style=\"font-family: Avenir Next\"> have all been newly and comfortably refurbished. Towels, cot, hairdryer, W-LAN and satellite TV are available in all flats and rooms. Each flat has their own kitchen. The kitchens are well equipped with crockery, coffee maker, blender and kettle.<\/span><\/span><\/span><\/span><\/p>\n<p><span style=\"color: #455d58\"><span style=\"font-family: Montserrat, sans-serif\"><span style=\"font-size: medium\">For us <strong>sustainability<\/strong> is not just an empty phrase. We live according to it and in all decisions that have to be made, we always ask ourselves what makes the most sense ecologically. When you visit the Waldschl\u00f6ssl, you will also notice that sustainability is practised here.\u00a0<\/span><\/span><\/span><span style=\"color: #455d58\"><span style=\"font-family: Montserrat, sans-serif\"><span style=\"font-size: medium\">The Waldschl\u00f6ssl is heated with geothermal energy, there is no oil or gas connection, but there is a photovoltaic system.<\/span><\/span><\/span><\/p>\n<p><span style=\"color: #455d58\"><span style=\"font-family: Montserrat, sans-serif\"><span style=\"font-size: medium\">While many are content to buy locally and keep transport distances short, we try to produce as much of the fruit and vegetables consumed at the Waldschl\u00f6ssl as possible in our own garden. Of course, this is also reflected in the menu of the caf\u00e9 - here we want to serve what our garden has to offer. Purchases cannot be avoided, of course, but these are regional, seasonal and organic as far as possible.<\/span><\/span><\/span><\/p>\n<p><span style=\"color: #455d58\"><span style=\"font-family: Montserrat, sans-serif\"><span style=\"font-size: medium\"><strong><b>Arrival<\/b><\/strong><\/span><\/span><\/span><\/p>\n<p><span style=\"color: #455d58\"><span style=\"font-family: Montserrat, sans-serif\"><span style=\"font-size: medium\">The Waldschl\u00f6ssl is easily accessible by public transport. From the Payerbach-Reichenau railway station it is a ten-minute walk (albeit uphill) to the Waldschl\u00f6ssl. As an incentive for our guests to travel by public transport, we offer a 10% discount on overnight stays at the Waldschl\u00f6ssl when travelling by public transport. As we are aware that with luggage the last few metres to the accommodation can be a challenge, we are happy to offer to pick up our guests from the train station in Payerbach by car.<\/span><\/span><\/span><\/p>\n<p>This area is particularly popular for its wonderful nature: hiking, golf and skiing, mountain bike trails and tennis invite you to enjoy wonderful sporting experiences in the fresh air of the Semmering region.<\/p>\n<p><strong>Check in\/out upon agreement or<\/strong><\/p>\n<p>Arrival from: 2 pm<\/p>\n<p>Departure until: 10:00 am<\/p>\n<p>&nbsp;<\/p>\n<p><strong>Distances<\/strong><\/p>\n<p>Bus\/railway station Payerbach: 1,5 km<\/p>\n<p>Airport Vienna: 100km<\/p>\n<p>Restaurants\/shopping: Reichenau, 1,5 km; Payerbach 1,5 km<\/p>\n<p>&nbsp;<\/p>","protected":false},"excerpt":{"rendered":"<p>Nachhaltigkeit &amp; Familienparadies Das Waldschl\u00f6ssl wird sehr famili\u00e4r gef\u00fchrt. Hausherr Christian k\u00fcmmert sich um die Renovierung und die Verwaltung des Waldschl\u00f6ssls. Hausfrau Zita k\u00fcmmert sich um die touristische Betreuung. Der gemeinsame Sohn Leno stellt sicher, dass es im Waldschl\u00f6ssl niemandem langweilig wird. Die beiden Apartments und die Familien-Zimmer wurden alle neu und funktionell eingerichtet. Handt\u00fccher, [&hellip;]<\/p>\n","protected":false},"featured_media":0,"comment_status":"open","ping_status":"closed","template":"","meta":[],"product_brand":[],"product_cat":[22],"product_tag":[],"class_list":{"0":"post-37508","1":"product","2":"type-product","3":"status-publish","5":"product_cat-listeo-booking","7":"first","8":"instock","9":"virtual","10":"sold-individually","11":"taxable","12":"purchasable","13":"product-type-listing_booking"},"_links":{"self":[{"href":"https:\/\/historicrooms.com\/en\/wp-json\/wp\/v2\/product\/37508","targetHints":{"allow":["GET"]}}],"collection":[{"href":"https:\/\/historicrooms.com\/en\/wp-json\/wp\/v2\/product"}],"about":[{"href":"https:\/\/historicrooms.com\/en\/wp-json\/wp\/v2\/types\/product"}],"replies":[{"embeddable":true,"href":"https:\/\/historicrooms.com\/en\/wp-json\/wp\/v2\/comments?post=37508"}],"wp:attachment":[{"href":"https:\/\/historicrooms.com\/en\/wp-json\/wp\/v2\/media?parent=37508"}],"wp:term":[{"taxonomy":"product_brand","embeddable":true,"href":"https:\/\/historicrooms.com\/en\/wp-json\/wp\/v2\/product_brand?post=37508"},{"taxonomy":"product_cat","embeddable":true,"href":"https:\/\/historicrooms.com\/en\/wp-json\/wp\/v2\/product_cat?post=37508"},{"taxonomy":"product_tag","embeddable":true,"href":"https:\/\/historicrooms.com\/en\/wp-json\/wp\/v2\/product_tag?post=37508"}],"curies":[{"name":"wp","href":"https:\/\/api.w.org\/{rel}","templated":true}]}}