{"id":3339,"date":"2022-01-14T17:46:35","date_gmt":"2022-01-14T16:46:35","guid":{"rendered":"https:\/\/sz.alpsware.dev\/product\/casa-ceppi\/"},"modified":"2022-01-14T17:46:35","modified_gmt":"2022-01-14T16:46:35","slug":"casa-ceppi","status":"publish","type":"product","link":"https:\/\/historicrooms.com\/en\/product\/casa-ceppi\/","title":{"rendered":"Casa Ceppi"},"content":{"rendered":"<h1>Feel the Middle Ages, experience the original Istria, enjoy modern comfort<\/h1>\n<p><strong>A Venetian farmhouse for gourmets<\/strong><\/p>\n<h3 class=\"translation-block\">Istria offers much more than sun and sea!<\/h3>\n<p class=\"translation-block\">The colourful markets sell fish, mussels and vegetables! Award-winning wines can be tasted at the wineries just around the corner and the peppery olive oil is one of the best in the world!<\/p>\n<p class=\"translation-block\">Who wouldn't want to eat black and white truffles or even go foraging with the farmers?<\/p>\n<p class=\"translation-block\">The scent is omnipresent - and rosemary, lavender, and laurel are waiting in the herb garden.<\/p>\n<h2><strong>Casa Ceppi*****<\/strong><\/h2>\n<p>is located in northwestern Istria and consists of several buildings framing a large, lushly planted courtyard.<\/p>\n<p>The old <strong>manor house<\/strong> and a small <strong>adjoining house<\/strong> are suitable for 16-20 people.<\/p>\n<p>Larger groups families will find enough space for a relaxing holiday.<\/p>\n<p>Our <strong>ruins <\/strong>of the old stables are a special feature. They are used as shady spots for an afternoon in the hammock, a picnic by the hydrangeas or as a backdrop for a dinner under the stars.<\/p>\n<p>The long <strong>Pool<\/strong> and the huge <strong>Pool house<\/strong> are a little off the way for sports, fun and children's shouting.<\/p>\n<p>You can spend pleasant hours on the in-house bowling alley. <strong>Boccia Bahn<\/strong> k\u00f6nnen Sie unterhaltsame Stunden verbringen.<\/p>\n<p>Our guests love the cool mix of historic substance, loving renovation and contemporary comfort that gives our elegant Casa Ceppi***** its distinctive character!<\/p>\n<h3>Activities in the area:<\/h3>\n<p><strong>Culture<\/strong><\/p>\n<p><strong>Excusions to<\/strong><\/p>\n<ul>\n<li>the historic seaports on the coast:\n<ul>\n<li>Novigrad, Fazana, Rovinj, Porec (50km) (Basilica World Heritage Site), Pula (95km) (Roman Arena, Temple), Trieste (48 km)<\/li>\n<\/ul>\n<\/li>\n<li>the Venetian mountain villages: Groznjan (13km), Oprtalj, Motovun (17km)<\/li>\n<li>stalactite caves, grottos, waterfalls<\/li>\n<li>frescos in Beram<\/li>\n<li>Film festivals in Motovun and Pula<\/li>\n<li>boat tours e.g.  in Novigrad or Rovinj<\/li>\n<\/ul>\n<p>make your holiday an unforgettable experience.<span class=\"Apple-converted-space\">\u00a0<\/span><\/p>\n<p>&nbsp;<\/p>\n<p><strong>Sports opportunities<\/strong><\/p>\n<p>- hiking and cycling on the \"Parenzana\", an old railway trail<\/p>\n<p>- Hiking in the highlands<\/p>\n<p>- Truffle hunting<\/p>\n<p>- Climbing rock 200m behind the house<\/p>\n<p>- tennis courts in Novigrad and Umag<\/p>\n<p>- water sports along the coast <span class=\"Apple-converted-space\">e.g. Novigrad <\/span>20 km.<\/p>\n<p>- Go-kart tracks<\/p>\n<p>- Fun pool \"Istrilandia\"<\/p>\n<p>- Horse riding, mini zoo<\/p>\n<p>- Hunting<\/p>\n<p>- Golf court<\/p>\n<h3><strong>Distances:<\/strong><\/h3>\n<p>Restaurant: numerous and excellent restaurants in the surrounding area<\/p>\n<p>Shopping: Oprtalj, Buje, Novigrad<\/p>\n<p>Next village: Oprtalj, Buje<\/p>\n<p><strong>Airport:<\/strong><\/p>\n<p>Triest -Ronchi: 70 km<\/p>\n<p>Pula: 80 km<\/p>\n<p>Ljubljana: 130 km<\/p>\n<p>Venice: 210km<\/p>\n<p><strong>Travelling by car:<\/strong><\/p>\n<p>from Salzburg: 4,5h<\/p>\n<p>from Vienna: 5,5h<\/p>\n<p>from Milan: 5,5h<\/p>\n<p>from Munich: 6h<\/p>\n<p>from Zurich: 8,5h<\/p>\n<p>&nbsp;<\/p>","protected":false},"excerpt":{"rendered":"<p>Das Mittelalter sp\u00fcren, das urspr\u00fcngliche Istrien erleben, modernen Komfort genie\u00dfen Ein venezianisches Gutshaus f\u00fcr Genie\u00dfer Istrien bietet weit mehr als Sonne und Meer Auf den bunten M\u00e4rkten gibt es Fisch, Muscheln und Gem\u00fcse! Bei den Winzern gleich in der N\u00e4he kann man pr\u00e4mierte Weine verkosten und das pfeffrige Oliven\u00f6l ist eines der besten der Welt! [&hellip;]<\/p>\n","protected":false},"featured_media":0,"comment_status":"open","ping_status":"closed","template":"","meta":[],"product_brand":[],"product_cat":[22],"product_tag":[],"class_list":{"0":"post-3339","1":"product","2":"type-product","3":"status-publish","5":"product_cat-listeo-booking","7":"first","8":"instock","9":"virtual","10":"sold-individually","11":"taxable","12":"purchasable","13":"product-type-listing_booking"},"_links":{"self":[{"href":"https:\/\/historicrooms.com\/en\/wp-json\/wp\/v2\/product\/3339","targetHints":{"allow":["GET"]}}],"collection":[{"href":"https:\/\/historicrooms.com\/en\/wp-json\/wp\/v2\/product"}],"about":[{"href":"https:\/\/historicrooms.com\/en\/wp-json\/wp\/v2\/types\/product"}],"replies":[{"embeddable":true,"href":"https:\/\/historicrooms.com\/en\/wp-json\/wp\/v2\/comments?post=3339"}],"wp:attachment":[{"href":"https:\/\/historicrooms.com\/en\/wp-json\/wp\/v2\/media?parent=3339"}],"wp:term":[{"taxonomy":"product_brand","embeddable":true,"href":"https:\/\/historicrooms.com\/en\/wp-json\/wp\/v2\/product_brand?post=3339"},{"taxonomy":"product_cat","embeddable":true,"href":"https:\/\/historicrooms.com\/en\/wp-json\/wp\/v2\/product_cat?post=3339"},{"taxonomy":"product_tag","embeddable":true,"href":"https:\/\/historicrooms.com\/en\/wp-json\/wp\/v2\/product_tag?post=3339"}],"curies":[{"name":"wp","href":"https:\/\/api.w.org\/{rel}","templated":true}]}}