{"id":32447,"date":"2023-02-03T13:05:26","date_gmt":"2023-02-03T12:05:26","guid":{"rendered":"https:\/\/sz.alpsware.dev\/product\/schloss-triestewitz\/"},"modified":"2023-02-03T13:05:26","modified_gmt":"2023-02-03T12:05:26","slug":"schloss-triestewitz","status":"publish","type":"product","link":"https:\/\/historicrooms.com\/en\/product\/schloss-triestewitz\/","title":{"rendered":"Schloss Triestewitz"},"content":{"rendered":"<h1>A cosy and relaxing atmosphere in the Castle<\/h1>\n<p>In <strong>six spacious flats<\/strong> the owners welcome single travellers, couples and families. The rooms can be adapted to suit your requirements by adding extra beds. Whether single room, double room or holiday flat: you will feel right at home at Schloss Triestewitz.<\/p>\n<p>In the fully equipped kitchenette, you can easily prepare coffee, tea or snacks. The private bathroom with WC and shower or WC and bath offers moments of relaxation.<\/p>\n<p>&nbsp;<\/p>\n<p><b>Your start into the day<\/b><\/p>\n<p>Enjoy delightful culinary moments during your holiday. We will be happy to prepare a rich breakfast for you after a restful night.<\/p>\n<p>Both young and old like to be active when on holiday. A varied range of activities awaits you and your families around our castle. We recommend the following adventures:<\/p>\n<ul>\n<li>horse riding at the Adelwitz Riding Club<\/li>\n<li>bowling in Triestewitz<\/li>\n<li>fishing on the \"Alte Elbe\" (the fishing club provides guest tickets)<\/li>\n<li>tennis in Beilrode<\/li>\n<li>summer tobogganing in Torgau<\/li>\n<li>exploration of the \"Alte Elbe\" countryside and sanctuary.<\/li>\n<li>cycling tours through the region<\/li>\n<\/ul>\n<p><strong>Check in:<\/strong><\/p>\n<p>Arrivals: from 14:00<\/p>\n<p>Departure: until 11:00<\/p>\n<p>&nbsp;<\/p>\n<p><strong>Distances:<\/strong><\/p>\n<p>Airport Leipzig: 62 km<\/p>\n<p>Railway station Torgau: 11km<\/p>\n<p>Bus Triestewitz: 500 m<\/p>\n<p>Einkaufsm\u00f6glichkeiten\/Restaurant: Werdau, Beilrode, Torgau: 5-11 km<\/p>\n<p>&nbsp;<\/p>","protected":false},"excerpt":{"rendered":"<p>Gem\u00fctlichkeit und Erholung im Wohnschloss In sechs gro\u00dfz\u00fcgigen Appartements empfangen die Eigent\u00fcmer Alleinreisende, Paare und Familien. Gerne werden mit Beistellbetten die R\u00e4umlichkeiten den Anspr\u00fcchen angepasst. Ob Einzelzimmer, Doppelzimmer oder Ferienwohnung: Im Schloss Triestewitz \u00a0werden Sie sich wie zuhause f\u00fchlen. In der voll ausgestatteten K\u00fcchenzeile k\u00f6nnen Sie sich komfortabel Kaffee, Tee oder kleine Speisen bereiten. Das [&hellip;]<\/p>\n","protected":false},"featured_media":0,"comment_status":"open","ping_status":"closed","template":"","meta":[],"product_brand":[],"product_cat":[22],"product_tag":[],"class_list":{"0":"post-32447","1":"product","2":"type-product","3":"status-publish","5":"product_cat-listeo-booking","7":"first","8":"instock","9":"virtual","10":"sold-individually","11":"taxable","12":"purchasable","13":"product-type-listing_booking"},"_links":{"self":[{"href":"https:\/\/historicrooms.com\/en\/wp-json\/wp\/v2\/product\/32447","targetHints":{"allow":["GET"]}}],"collection":[{"href":"https:\/\/historicrooms.com\/en\/wp-json\/wp\/v2\/product"}],"about":[{"href":"https:\/\/historicrooms.com\/en\/wp-json\/wp\/v2\/types\/product"}],"replies":[{"embeddable":true,"href":"https:\/\/historicrooms.com\/en\/wp-json\/wp\/v2\/comments?post=32447"}],"wp:attachment":[{"href":"https:\/\/historicrooms.com\/en\/wp-json\/wp\/v2\/media?parent=32447"}],"wp:term":[{"taxonomy":"product_brand","embeddable":true,"href":"https:\/\/historicrooms.com\/en\/wp-json\/wp\/v2\/product_brand?post=32447"},{"taxonomy":"product_cat","embeddable":true,"href":"https:\/\/historicrooms.com\/en\/wp-json\/wp\/v2\/product_cat?post=32447"},{"taxonomy":"product_tag","embeddable":true,"href":"https:\/\/historicrooms.com\/en\/wp-json\/wp\/v2\/product_tag?post=32447"}],"curies":[{"name":"wp","href":"https:\/\/api.w.org\/{rel}","templated":true}]}}