{"id":32434,"date":"2023-02-03T12:20:55","date_gmt":"2023-02-03T11:20:55","guid":{"rendered":"https:\/\/sz.alpsware.dev\/product\/schloss-fernsteinsee\/"},"modified":"2023-02-03T12:20:55","modified_gmt":"2023-02-03T11:20:55","slug":"schloss-fernsteinsee","status":"publish","type":"product","link":"https:\/\/historicrooms.com\/en\/product\/schloss-fernsteinsee\/","title":{"rendered":"Schloss Fernsteinsee"},"content":{"rendered":"<h1>The natural paradise at 1000m above sea level<\/h1>\n<p>The LANDSCAPE with the Samaranger and Fernstein lakes is one of the most extraordinary natural beauties of Tyrol. The romantic islands, the quiet forests and the clear mountain creeks were voted the most beautiful places in Tyrol by the viewers of the Austrian Broadcasting Corporation ORF.<\/p>\n<p>The privately owned <strong>Schloss Fernsteinsee<\/strong> high above its blue-green lake, is the best setting imaginable. Documented since 1519, Fernstein has hosted the most noble guests over the centuries, including Siegmund \"der M\u00fcnzreiche\", Emperor Maximilian I + II and Empress Maria Theresia.<\/p>\n<p>Today, the owner family and their team ensure the guests' well-being. The fresh mountain air awakens the spirits, the exhilarating views and sights of nature and the pleasant sunbathing lawns ensure the best possible relaxation of body, mind and soul.<\/p>\n<p>The historic castle has a new life as a warm and comfortable hotel.<\/p>\n<p>Enjoy 19 beautifully furnished rooms, 4 flats and 8 suites with 4* comfort in a traditional atmosphere.<\/p>\n<p><strong>Check in:<\/strong><\/p>\n<p>Arrivals: from 14:00<\/p>\n<p>Departure: until 11:00<\/p>\n<p>\u00a0<\/p>\n<p><strong>Distances:<\/strong><\/p>\n<p>Airport Innsbruck: 60km<\/p>\n<p>Railway station Imst: 20km<\/p>\n<p>Bus Nassereith: 4 km<\/p>\n<p>Shopping: Nassereith 4 km<\/p>\n<p>\u00a0<\/p>\n<p>Sonderangebote: www.fernsteinsee.at\/angebote<\/p>\n<p>\u00a0<\/p>\n<p>Our hotel reception is open from Monday to Friday from 09:00 to 14:30. We look forward to your enquiry.<br \/>\nThe castle is open from May 16th to October 13th  2024.<\/p>","protected":false},"excerpt":{"rendered":"<p>Das Naturparadies auf 1000m Seeh\u00f6he Die LANDSCHAFT mit dem Samaranger- und Fernsteinsee ist eine der au\u00dfergew\u00f6hnlichsten Natursch\u00f6nheiten Tirols. Die romantischen Inseln, die stillen W\u00e4lder und die klaren Gebirgsb\u00e4che wurde von den Zusehern des ORF zum sch\u00f6nsten Platz von Tirol gew\u00e4hlt. Das im Privatbesitz befindliche Schloss Fernsteinsee hoch \u00fcber dem dazugeh\u00f6rigen blaugr\u00fcnen See gelegen, ist die [&hellip;]<\/p>\n","protected":false},"featured_media":0,"comment_status":"open","ping_status":"closed","template":"","meta":[],"product_brand":[],"product_cat":[22],"product_tag":[],"class_list":{"0":"post-32434","1":"product","2":"type-product","3":"status-publish","5":"product_cat-listeo-booking","7":"first","8":"instock","9":"virtual","10":"sold-individually","11":"taxable","12":"purchasable","13":"product-type-listing_booking"},"_links":{"self":[{"href":"https:\/\/historicrooms.com\/en\/wp-json\/wp\/v2\/product\/32434","targetHints":{"allow":["GET"]}}],"collection":[{"href":"https:\/\/historicrooms.com\/en\/wp-json\/wp\/v2\/product"}],"about":[{"href":"https:\/\/historicrooms.com\/en\/wp-json\/wp\/v2\/types\/product"}],"replies":[{"embeddable":true,"href":"https:\/\/historicrooms.com\/en\/wp-json\/wp\/v2\/comments?post=32434"}],"wp:attachment":[{"href":"https:\/\/historicrooms.com\/en\/wp-json\/wp\/v2\/media?parent=32434"}],"wp:term":[{"taxonomy":"product_brand","embeddable":true,"href":"https:\/\/historicrooms.com\/en\/wp-json\/wp\/v2\/product_brand?post=32434"},{"taxonomy":"product_cat","embeddable":true,"href":"https:\/\/historicrooms.com\/en\/wp-json\/wp\/v2\/product_cat?post=32434"},{"taxonomy":"product_tag","embeddable":true,"href":"https:\/\/historicrooms.com\/en\/wp-json\/wp\/v2\/product_tag?post=32434"}],"curies":[{"name":"wp","href":"https:\/\/api.w.org\/{rel}","templated":true}]}}