{"id":28642,"date":"2022-12-07T09:48:57","date_gmt":"2022-12-07T08:48:57","guid":{"rendered":"https:\/\/sz.alpsware.dev\/product\/schloss-walpersdorf\/"},"modified":"2022-12-07T09:48:57","modified_gmt":"2022-12-07T08:48:57","slug":"schloss-walpersdorf","status":"publish","type":"product","link":"https:\/\/historicrooms.com\/en\/product\/schloss-walpersdorf\/","title":{"rendered":"Schloss Walpersdorf"},"content":{"rendered":"<h1>A stay at the Renaissance Walpersdorf Castle<\/h1>\n<p>Located in Lower Austria, Schloss Walpersdorf, built in 1571 by Hans Ulrich von Ludmanstorf as a magnificent feudal residence in the style of the German Renaissance. Today it invites you to spend the night in a historical ambience. The rooms, located in the castle tower, offer  modern-inspired furnishings and a beautiful view of the castle garden. <span class=\"Apple-converted-space\">\u00a0<\/span><\/p>\n<p>Culinary delights are awaiting you in the Blauenstein restaurant, which is located in the castle kitchen. Top-class artists regularly perform in our banqueting hall and impress with their musical skills.<span class=\"Apple-converted-space\">\u00a0<\/span><\/p>\n<p>The famous wine-growing region, the Wachau, is only a few kilometres away from the castle and invites you to enjoy wine tours, walks in the vineyards as well as many other cultural experiences.<span class=\"Apple-converted-space\">\u00a0<\/span><\/p>\n<p><strong>Check In:<\/strong><\/p>\n<p>Check-in: from 10am to 5pm<\/p>\n<p>Check out: till 10am<\/p>\n<p><strong>Distances:<\/strong><\/p>\n<p>Restaurant: in the castle<\/p>\n<p>Shopping: 4-8km to Traismauer and Herzogenburg<\/p>\n<p>Bus: at the castle, line 480<\/p>\n<p>Railway station: 4km Herzogenburg<\/p>\n<p>Airport: 97km Vienna Airport<\/p>\n<p>&nbsp;<\/p>\n<p>&nbsp;<\/p>\n<p>&nbsp;<\/p>","protected":false},"excerpt":{"rendered":"<p>Wohnen im Renaissanceschloss Walpersdorf Das in Nieder\u00f6sterreich gelegene Schloss Walpersdorf, das 1571 von Hans Ulrich von Ludmanstorf als pr\u00e4chtiger Feudalsitz im Stil der deutschen Renaissance errichtet wurde, l\u00e4dt heute zu \u00dcbernachtungen in historischem Ambiente ein. Die im Schlossturm gelegenen Zimmer beeindrucken durch ihre modern inspirierte Einrichtung sowie ihren wundersch\u00f6nen Blick in den Schlossgarten. \u00a0 Kulinarische [&hellip;]<\/p>\n","protected":false},"featured_media":0,"comment_status":"open","ping_status":"closed","template":"","meta":[],"product_brand":[],"product_cat":[22],"product_tag":[],"class_list":{"0":"post-28642","1":"product","2":"type-product","3":"status-publish","5":"product_cat-listeo-booking","7":"first","8":"instock","9":"virtual","10":"sold-individually","11":"taxable","12":"purchasable","13":"product-type-listing_booking"},"_links":{"self":[{"href":"https:\/\/historicrooms.com\/en\/wp-json\/wp\/v2\/product\/28642","targetHints":{"allow":["GET"]}}],"collection":[{"href":"https:\/\/historicrooms.com\/en\/wp-json\/wp\/v2\/product"}],"about":[{"href":"https:\/\/historicrooms.com\/en\/wp-json\/wp\/v2\/types\/product"}],"replies":[{"embeddable":true,"href":"https:\/\/historicrooms.com\/en\/wp-json\/wp\/v2\/comments?post=28642"}],"wp:attachment":[{"href":"https:\/\/historicrooms.com\/en\/wp-json\/wp\/v2\/media?parent=28642"}],"wp:term":[{"taxonomy":"product_brand","embeddable":true,"href":"https:\/\/historicrooms.com\/en\/wp-json\/wp\/v2\/product_brand?post=28642"},{"taxonomy":"product_cat","embeddable":true,"href":"https:\/\/historicrooms.com\/en\/wp-json\/wp\/v2\/product_cat?post=28642"},{"taxonomy":"product_tag","embeddable":true,"href":"https:\/\/historicrooms.com\/en\/wp-json\/wp\/v2\/product_tag?post=28642"}],"curies":[{"name":"wp","href":"https:\/\/api.w.org\/{rel}","templated":true}]}}