{"id":1986,"date":"2021-11-05T09:16:48","date_gmt":"2021-11-05T08:16:48","guid":{"rendered":"https:\/\/sz.alpsware.dev\/product\/gutshof-schloss-sonnegg\/"},"modified":"2021-11-05T09:16:48","modified_gmt":"2021-11-05T08:16:48","slug":"gutshof-schloss-sonnegg","status":"publish","type":"product","link":"https:\/\/historicrooms.com\/en\/product\/gutshof-schloss-sonnegg\/","title":{"rendered":"Manor Sonnegg"},"content":{"rendered":"<h1 align=\"left\">In harmony with nature<\/h1>\n<p align=\"left\"><span style=\"font-family: Avenir Next\"><span style=\"font-size: medium\"><span style=\"color: #000000\">Sonnegg Manor, which has been owned by the Orsini-Rosenberg family for over 300 years, lies in a picturesque setting at the foot of the Karawanks, 550\u00a0m above sea level, nestling between southern Carinthian lakes. The sustainably managed business includes the letting of newly renovated holiday homes as well as forestry, fishery and shooting.\u00a0<\/span><\/span><\/span><span style=\"font-family: Avenir Next\">The estate is surrounded by 120\u00a0ha forests and meadows and all guests will find a place for rest and relaxation in the extensive gardens. The tennis court (sand) is idyllically located in the midst of a meadow with old fruit varieties and there is also a pool for guests to cool off.<\/span><\/p>\n<p><span style=\"font-family: Avenir Next\">The little chapel is open for contemplative meditation as well as small family celebrations such as baptisms.<\/span><\/p>\n<h3 align=\"left\">Ferienwohnungen \u2013 Idylle pur<\/h3>\n<p><span style=\"color: #000000\"><span style=\"font-family: Avenir Next\">In den drei neu renovierten Ferienwohnungen f\u00fcr je maximal vier Personen erwartet den Gast Erholung in einzigartiger Landschaft und Atmosph\u00e4re. Die Gegend bietet zahllose M\u00f6glichkeiten f\u00fcr ein abwechslungsreiches Programm zu jeder Jahreszeit. Ein ausgedehntes Netz von Rad- und Wanderwegen, die nahegelegenen Seen aber auch die vielen kulturhistorisch interessanten Orte, machen das Gut Sonnegg zu einem idealen Ausgangsort f\u00fcr einen unvergesslichen Urlaub. Oder Sie entspannen sich nur am hauseigenen Pool und genie\u00dfen die Ruhe und Atmosph\u00e4re des Gutshofensembles. Vom gro\u00dfen Balkon der Ferienwohnungen \u2013 mit gem\u00fctlichem Essplatz \u2013 haben Sie einen traumhaften Blick \u00fcber den weitl\u00e4ufigen Garten bis zu den Karawanken. F\u00fcr Kinder gibt es ein gro\u00dfes Trampolin, Schaukel und Rutsche und eine Sandkiste unter B\u00e4umen. <\/span><\/span><\/p>\n<h3 class=\"western\" align=\"left\">Fischerei \u2013 Vielfalt aus der Drau<\/h3>\n<p><span style=\"color: #000000\"><span style=\"font-family: Avenir Next\">The community area with St\u00a0Paul\u2019s monastery extends over eight kilometres along the right bank of the Drava, by the V\u00f6lkermarkt reservoir. Fishing here is for carp, pike, catfish, pikeperch and coarse fish as well as crayfish. Fishing licences are available to buy from us.<\/span><\/span><\/p>\n<h4 class=\"western\"><strong><span style=\"color: #000000\"><span style=\"font-family: Avenir Next\"><span style=\"font-size: medium\">Activities in the area:<\/span><\/span><\/span><\/strong><\/h4>\n<p class=\"western\"><span style=\"color: #000000\"><span style=\"font-family: Avenir Next\">There are many sports you can practice in the Jaunvalley: skiing, cross-country skiing and mountain biking on Mount Petzen, swimming in the nearby lakes, cycling along the Drava cycle trail, canoeing, hiking in the Karawanks Geopark and many more\u2026<\/span><\/span><\/p>\n<p><span style=\"color: #000000\"><span style=\"font-family: Avenir Next\">For culture lovers: Liaunig Museum, Werner Berg Museum, Hemmaberg with its early Christian excavations, the fortified churches, Eberndorf summer theatre, the theatre at Heunburg castle and much more.<\/span><\/span><\/p>\n<h4 class=\"western\"><strong><span style=\"color: #000000\"><span style=\"font-family: Avenir Next\"><span style=\"font-size: medium\">Distances:<\/span><\/span><\/span><\/strong><\/h4>\n<ul>\n<li>\n<p class=\"western\"><span style=\"font-family: Avenir Next\"><span style=\"font-size: medium\"><span style=\"color: #000000\">Shopping facilities: 5\u00a0km in Eberndorf<\/span><\/span><\/span><\/p>\n<\/li>\n<li>\n<p class=\"western\"><span style=\"font-family: Avenir Next\"><span style=\"font-size: medium\"><span style=\"color: #000000\">Bus: 400\u00a0m in Sonnegg<\/span><\/span><\/span><\/p>\n<\/li>\n<li>\n<p class=\"western\"><span style=\"font-family: Avenir Next\"><span style=\"font-size: medium\"><span style=\"color: #000000\">K\u00fchnsdorf railway station: 7\u00a0km<\/span><\/span><\/span><\/p>\n<\/li>\n<li>\n<p class=\"western\"><span style=\"font-family: Avenir Next\"><span style=\"font-size: medium\"><span style=\"color: #000000\">Klagenfurt airport: 35\u00a0km<\/span><\/span><\/span><\/p>\n<\/li>\n<\/ul>\n<p align=\"left\"><span style=\"color: #000000\"><span style=\"font-family: Avenir Next\"><span style=\"font-size: medium\"><strong>Price:<\/strong> Apartment\/night\/for 4 people from \u20ac\u00a0125.00<\/span><\/span><\/span><\/p>\n<p align=\"left\">Fotos by Caroline Al Khafaji<\/p>","protected":false},"excerpt":{"rendered":"<p>Im Einklang mit der Natur Das Gut Sonnegg, seit \u00fcber 300 Jahren im Besitz der Familie Orsini-Rosenberg, liegt malerisch am Fu\u00dfe der Karawanken auf 550m Seeh\u00f6he, eingebettet zwischen S\u00fcdk\u00e4rntner Seen. Der nachhaltig gef\u00fchrte Betrieb umfasst Vermietung neu renovierter Ferienwohnungen, Forstwirtschaft, Fischerei und Jagd.\u00a0Rund um das Gut liegen 120 ha Wald- und Wiesenfl\u00e4chen und im weitl\u00e4ufigen [&hellip;]<\/p>\n","protected":false},"featured_media":0,"comment_status":"open","ping_status":"closed","template":"","meta":[],"product_brand":[],"product_cat":[22],"product_tag":[],"class_list":{"0":"post-1986","1":"product","2":"type-product","3":"status-publish","5":"product_cat-listeo-booking","7":"first","8":"instock","9":"virtual","10":"sold-individually","11":"taxable","12":"purchasable","13":"product-type-listing_booking"},"_links":{"self":[{"href":"https:\/\/historicrooms.com\/en\/wp-json\/wp\/v2\/product\/1986","targetHints":{"allow":["GET"]}}],"collection":[{"href":"https:\/\/historicrooms.com\/en\/wp-json\/wp\/v2\/product"}],"about":[{"href":"https:\/\/historicrooms.com\/en\/wp-json\/wp\/v2\/types\/product"}],"replies":[{"embeddable":true,"href":"https:\/\/historicrooms.com\/en\/wp-json\/wp\/v2\/comments?post=1986"}],"wp:attachment":[{"href":"https:\/\/historicrooms.com\/en\/wp-json\/wp\/v2\/media?parent=1986"}],"wp:term":[{"taxonomy":"product_brand","embeddable":true,"href":"https:\/\/historicrooms.com\/en\/wp-json\/wp\/v2\/product_brand?post=1986"},{"taxonomy":"product_cat","embeddable":true,"href":"https:\/\/historicrooms.com\/en\/wp-json\/wp\/v2\/product_cat?post=1986"},{"taxonomy":"product_tag","embeddable":true,"href":"https:\/\/historicrooms.com\/en\/wp-json\/wp\/v2\/product_tag?post=1986"}],"curies":[{"name":"wp","href":"https:\/\/api.w.org\/{rel}","templated":true}]}}