{"id":1922,"date":"2021-10-26T18:41:35","date_gmt":"2021-10-26T17:41:35","guid":{"rendered":"https:\/\/sz.alpsware.dev\/product\/schloss-bach\/"},"modified":"2021-10-26T18:41:35","modified_gmt":"2021-10-26T17:41:35","slug":"schloss-bach","status":"publish","type":"product","link":"https:\/\/historicrooms.com\/en\/product\/schloss-bach\/","title":{"rendered":"Schloss Bach"},"content":{"rendered":"<h1>Living in the castle ensemble<\/h1>\n<p><span style=\"color: #000000\"><span style=\"font-family: Avenir Next\"><span style=\"font-size: medium\">The wonderful Bach Castle is located in a magical place in the heart of Carinthia. Interesting talks and events with international participation take place at this beautiful location every year. <\/span><\/span><\/span><\/p>\n<p><span style=\"color: #000000\"><span style=\"font-family: Avenir Next\"><span style=\"font-size: medium\">Right next to the inhabited castle, the lord of the manor has created fantastic guest accommodation in the historic annex building. The building, which has 4 en-suite bedrooms, offers guests a very large living\/dining area with a kitchen, fireplace and adjacent patio. The historic elements of the walls are skilfully combined with modern art and interior design.<\/span><\/span><\/span><\/p>\n<p><span style=\"color: #000000\"><span style=\"font-family: Avenir Next\"><span style=\"font-size: medium\"> The view over the castle gardens and towards Lake Urban offers wonderful moments for heart and soul:\u00a0<\/span><\/span><\/span><span style=\"color: #000000\"><span style=\"font-family: Avenir Next\"><span style=\"font-size: medium\">a magical location, an energiser, a house full of joy, comfort and relaxation.<\/span><\/span><\/span><\/p>\n<p><span style=\"color: #000000\"><span style=\"font-family: Avenir Next\"><span style=\"font-size: medium\">We prefer to hire out our guesthouse from 1st April to 30th October. In winter we have to charge a supplement for heating. <\/span><\/span><\/span><\/p>\n<p><span style=\"color: #000000\"><span style=\"font-family: Avenir Next\"><span style=\"font-size: medium\">Should you wish to travel with your pet, please contact us.<\/span><\/span><\/span><\/p>\n<p>&nbsp;<\/p>","protected":false},"excerpt":{"rendered":"<p>Wohnen im Schloss-Ensemble Das wunderbare Schlo\u00df Bach liegt an einem Kraftort mitten im Herzen von K\u00e4rnten. An diesem Kraftort finden j\u00e4hrlich interessante Gespr\u00e4che und Veranstaltungen mit internationaler Beteiligung statt. Gleich neben dem bewohnten Schloss hat der Hausherr aus dem historischen Nebengeb\u00e4ude ein fantastisches Domizil f\u00fcr G\u00e4ste geschaffen. Das Haus mit 4 Schlafzimmern und jeweils eigenem [&hellip;]<\/p>\n","protected":false},"featured_media":0,"comment_status":"open","ping_status":"closed","template":"","meta":[],"product_brand":[],"product_cat":[22],"product_tag":[],"class_list":{"0":"post-1922","1":"product","2":"type-product","3":"status-publish","5":"product_cat-listeo-booking","7":"first","8":"instock","9":"virtual","10":"sold-individually","11":"taxable","12":"purchasable","13":"product-type-listing_booking"},"_links":{"self":[{"href":"https:\/\/historicrooms.com\/en\/wp-json\/wp\/v2\/product\/1922","targetHints":{"allow":["GET"]}}],"collection":[{"href":"https:\/\/historicrooms.com\/en\/wp-json\/wp\/v2\/product"}],"about":[{"href":"https:\/\/historicrooms.com\/en\/wp-json\/wp\/v2\/types\/product"}],"replies":[{"embeddable":true,"href":"https:\/\/historicrooms.com\/en\/wp-json\/wp\/v2\/comments?post=1922"}],"wp:attachment":[{"href":"https:\/\/historicrooms.com\/en\/wp-json\/wp\/v2\/media?parent=1922"}],"wp:term":[{"taxonomy":"product_brand","embeddable":true,"href":"https:\/\/historicrooms.com\/en\/wp-json\/wp\/v2\/product_brand?post=1922"},{"taxonomy":"product_cat","embeddable":true,"href":"https:\/\/historicrooms.com\/en\/wp-json\/wp\/v2\/product_cat?post=1922"},{"taxonomy":"product_tag","embeddable":true,"href":"https:\/\/historicrooms.com\/en\/wp-json\/wp\/v2\/product_tag?post=1922"}],"curies":[{"name":"wp","href":"https:\/\/api.w.org\/{rel}","templated":true}]}}