{"id":1894,"date":"2021-10-26T12:56:06","date_gmt":"2021-10-26T11:56:06","guid":{"rendered":"https:\/\/sz.alpsware.dev\/product\/schloss-kornberg\/"},"modified":"2021-10-26T12:56:06","modified_gmt":"2021-10-26T11:56:06","slug":"schloss-kornberg","status":"publish","type":"product","link":"https:\/\/historicrooms.com\/en\/product\/schloss-kornberg\/","title":{"rendered":"Kornberg Castle \u2013 Exhibition Highlights"},"content":{"rendered":"<h1>The exhibition castle amid the hot springs and volcanic landscape of Styria<\/h1>\n<p>&#8220;Das Christkind kommt ganz bestimmt&#8221; &#8211; oder besser gesagt wir sollten ihm helfe. Bei der Weihnachtsaustellung auf Schloss Kornberg finden Sie wunderbare \u00a0St\u00fccke, Kunsthandwerk vom Feinsten.<\/p>\n<p>Verg\u00f6nnen Sie sich einen Ausflug zu einem der sch\u00f6nsten Schl\u00f6sser \u00d6sterreichs.<\/p>","protected":false},"excerpt":{"rendered":"<p>Das Ausstellungs-Schloss im Thermen- und Vulkanland Steiermark &#8220;Das Christkind kommt ganz bestimmt&#8221; &#8211; oder besser gesagt wir sollten ihm helfe. Bei der Weihnachtsaustellung auf Schloss Kornberg finden Sie wunderbare \u00a0St\u00fccke, Kunsthandwerk vom Feinsten. Verg\u00f6nnen Sie sich einen Ausflug zu einem der sch\u00f6nsten Schl\u00f6sser \u00d6sterreichs.<\/p>","protected":false},"featured_media":0,"comment_status":"open","ping_status":"closed","template":"","meta":[],"product_brand":[],"product_cat":[],"product_tag":[],"class_list":{"0":"post-1894","1":"product","2":"type-product","3":"status-publish","6":"first","7":"instock","8":"taxable","9":"shipping-taxable","10":"product-type-simple"},"_links":{"self":[{"href":"https:\/\/historicrooms.com\/en\/wp-json\/wp\/v2\/product\/1894","targetHints":{"allow":["GET"]}}],"collection":[{"href":"https:\/\/historicrooms.com\/en\/wp-json\/wp\/v2\/product"}],"about":[{"href":"https:\/\/historicrooms.com\/en\/wp-json\/wp\/v2\/types\/product"}],"replies":[{"embeddable":true,"href":"https:\/\/historicrooms.com\/en\/wp-json\/wp\/v2\/comments?post=1894"}],"wp:attachment":[{"href":"https:\/\/historicrooms.com\/en\/wp-json\/wp\/v2\/media?parent=1894"}],"wp:term":[{"taxonomy":"product_brand","embeddable":true,"href":"https:\/\/historicrooms.com\/en\/wp-json\/wp\/v2\/product_brand?post=1894"},{"taxonomy":"product_cat","embeddable":true,"href":"https:\/\/historicrooms.com\/en\/wp-json\/wp\/v2\/product_cat?post=1894"},{"taxonomy":"product_tag","embeddable":true,"href":"https:\/\/historicrooms.com\/en\/wp-json\/wp\/v2\/product_tag?post=1894"}],"curies":[{"name":"wp","href":"https:\/\/api.w.org\/{rel}","templated":true}]}}