{"id":15737,"date":"2022-04-23T14:36:06","date_gmt":"2022-04-23T13:36:06","guid":{"rendered":"https:\/\/sz.alpsware.dev\/product\/barbo-palace-das-stadtpalais\/"},"modified":"2022-04-23T14:36:06","modified_gmt":"2022-04-23T13:36:06","slug":"barbo-palace-das-stadtpalais","status":"publish","type":"product","link":"https:\/\/historicrooms.com\/en\/product\/barbo-palace-das-stadtpalais\/","title":{"rendered":"BARBO Palace - the city palace"},"content":{"rendered":"<h2 align=\"justify\">In the centre of Ljubljana<\/h2>\n<p lang=\"sl-SI\" align=\"justify\"><span style=\"color: #000000\"><span style=\"font-family: Avenir Next\"><span style=\"font-size: medium\">Barbo Palace is located in the pedestrian zone on Gosposka ulica 3,\nbetween the University of Ljubljana and the Ljubljanica river.<\/span><\/span><\/span><\/p>\n<p lang=\"sl-SI\" align=\"justify\"><span style=\"color: #000000\"><span style=\"font-family: Avenir Next\"><span style=\"font-size: medium\">Our 16 apartments are located in the heart of Ljubljana\u00b4s cultural and historical centre and within a five minute walk to the major tourist attractions that the city has to offer. Its prime location and wonderful furnishings make it the perfect place to stay for either a family or a business trip. They are comfortable, bright, clean, fully furnished apartments with an equipped kitchenette, free WI-FI.<\/span><\/span><\/span><\/p>\n<p><span style=\"color: #000000\"><span style=\"font-family: Avenir Next\"><span style=\"font-size: medium\">Ljubljana surprises the visitor as a modern, friendly and liveable city. Ljubljana, the lively green city that combines the charm of a small town with the self-confidence of a large European city, is definitely worth a visit. The old town is very relaxed because it is car-free, lots of space to stroll and linger, many nice pubs with large guest gardens, very pretty situated directly on the river with the picturesque castle and the many ancient houses from the imperial era.<\/span><\/span><\/span><\/p>\n<p lang=\"sl-SI\" align=\"justify\"><span style=\"color: #000000\"><span style=\"font-family: Avenir Next\"><span style=\"font-size: medium\">The current owner has recently decided to open this historic palace and transform it into a boutique hotel. Now guests can take advantage of the beautiful location for excursions and enjoy the great views.<\/span><\/span><\/span><\/p>\n<p lang=\"sl-SI\" align=\"justify\"><span style=\"color: #000000;font-family: Avenir Next;font-size: medium\"><b>Check<\/b><\/span><strong><span style=\"color: #000000\"><span style=\"font-family: Avenir Next\"><span style=\"font-size: medium\">\u00a0in:<\/span><\/span><\/span><\/strong><\/p>\n<p lang=\"sl-SI\" align=\"justify\"><span style=\"color: #000000\"><span style=\"font-family: Avenir Next\"><span style=\"font-size: medium\">Arrival: from 14:00 or by arrangement<\/span><\/span><\/span><\/p>\n<p lang=\"sl-SI\" align=\"justify\"><span style=\"color: #000000\"><span style=\"font-family: Avenir Next\"><span style=\"font-size: medium\">Departure from 10:00 or by arrangement<\/span><\/span><\/span><\/p>\n<p lang=\"sl-SI\" align=\"justify\"><strong><span style=\"color: #000000\"><span style=\"font-family: Avenir Next\"><span style=\"font-size: medium\">Distances:<\/span><\/span><\/span><\/strong><\/p>\n<p lang=\"sl-SI\" align=\"justify\"><span style=\"color: #000000\"><span style=\"font-family: Avenir Next\"><span style=\"font-size: medium\">As the palace is located in the centre, all shops, restaurants and sights are within a few minutes' walk.\u00a0The Slovenian National Theatre is 300 m from Barbo Palace and 400 m from the Cankar Hall cultural centre.<\/span><\/span><\/span><\/p>\n<p lang=\"sl-SI\" align=\"justify\"><span style=\"color: #000000\"><span style=\"font-family: Avenir Next\"><span style=\"font-size: medium\">Railwaystation: 2 km<\/span><\/span><\/span><\/p>\n<p lang=\"sl-SI\" align=\"justify\"><span style=\"color: #000000\"><span style=\"font-family: Avenir Next\"><span style=\"font-size: medium\">Airport: 26 km<\/span><\/span><\/span><\/p>\n<p lang=\"sl-SI\" align=\"justify\">","protected":false},"excerpt":{"rendered":"<p>Im Zentrum von Laibach Der Barbo-Palast befindet sich in der Fu\u00dfg\u00e4ngerzone in der Gosposka Ulica 3, zwischen der Universit\u00e4t von Ljubljana und dem Fluss Ljubljanica. Unsere 16 Apartments verschiedener Gr\u00f6\u00dfe befinden sich im Herzen des kulturellen und historischen Zentrums von Ljubljana und sind nur f\u00fcnf Gehminuten von den wichtigsten Sehensw\u00fcrdigkeiten entfernt, die die Stadt zu [&hellip;]<\/p>\n","protected":false},"featured_media":0,"comment_status":"open","ping_status":"closed","template":"","meta":[],"product_brand":[],"product_cat":[22],"product_tag":[],"class_list":{"0":"post-15737","1":"product","2":"type-product","3":"status-publish","5":"product_cat-listeo-booking","7":"first","8":"instock","9":"virtual","10":"sold-individually","11":"taxable","12":"purchasable","13":"product-type-listing_booking"},"_links":{"self":[{"href":"https:\/\/historicrooms.com\/en\/wp-json\/wp\/v2\/product\/15737","targetHints":{"allow":["GET"]}}],"collection":[{"href":"https:\/\/historicrooms.com\/en\/wp-json\/wp\/v2\/product"}],"about":[{"href":"https:\/\/historicrooms.com\/en\/wp-json\/wp\/v2\/types\/product"}],"replies":[{"embeddable":true,"href":"https:\/\/historicrooms.com\/en\/wp-json\/wp\/v2\/comments?post=15737"}],"wp:attachment":[{"href":"https:\/\/historicrooms.com\/en\/wp-json\/wp\/v2\/media?parent=15737"}],"wp:term":[{"taxonomy":"product_brand","embeddable":true,"href":"https:\/\/historicrooms.com\/en\/wp-json\/wp\/v2\/product_brand?post=15737"},{"taxonomy":"product_cat","embeddable":true,"href":"https:\/\/historicrooms.com\/en\/wp-json\/wp\/v2\/product_cat?post=15737"},{"taxonomy":"product_tag","embeddable":true,"href":"https:\/\/historicrooms.com\/en\/wp-json\/wp\/v2\/product_tag?post=15737"}],"curies":[{"name":"wp","href":"https:\/\/api.w.org\/{rel}","templated":true}]}}