{"id":13346,"date":"2022-04-07T15:18:50","date_gmt":"2022-04-07T14:18:50","guid":{"rendered":"https:\/\/sz.alpsware.dev\/product\/schloss-englar\/"},"modified":"2022-04-07T15:18:50","modified_gmt":"2022-04-07T14:18:50","slug":"schloss-englar","status":"publish","type":"product","link":"https:\/\/historicrooms.com\/en\/product\/schloss-englar\/","title":{"rendered":"Englar Castle"},"content":{"rendered":"<h2>A guest in gothic surroundings<\/h2>\n<p class=\"western\"><span style=\"font-family: Avenir Next\"><span style=\"font-size: medium\"><span style=\"color: #4e4123\">In a charming hillside location at the foot of the Mendel Mountains and surrounded by old trees, you will find the Gothic castle with its idyllic chapel and extensive estate.<\/span><\/span><\/span><\/p>\n<p><span style=\"font-family: Avenir Next\"><span style=\"font-size: medium\"><span style=\"color: #4e4123\">Over the centuries and through the turbulences of time, it has retained its special charm and today opens its doors to guests who appreciate the exceptional ambience and cosy atmosphere of historic walls.<\/span><\/span><\/span><\/p>\n<p><span style=\"font-family: Avenir Next\"><span style=\"font-size: medium\"><span style=\"color: #4e4123\">The complex, lovingly restored in 2015, offers a family flair in unique surroundings with its guest rooms, the large knights' hall with open fireplace and the sunny gardens with outdoor swimming pool.<\/span><\/span><\/span><\/p>\n<h3>How to stay with us<\/h3>\n<p><span style=\"font-family: Avenir Next\"><span style=\"font-size: medium\"><span style=\"color: #4e4123\">Our house has 8 charming rooms, situated on 3 floors and lovingly furnished individually by the lady of the castle. Each room has its own special character, which combines a timeless elegance with the historic furniture of the castle.<\/span><\/span><\/span><\/p>\n<p><span style=\"font-family: Avenir Next\"><span style=\"font-size: medium\"><span style=\"color: #4e4123\">Auf jeder Etage befindet sich eine Juniorsuite neben einem Doppelzimmer. Das gro\u00dfe Turmzimmer im 3. Stock mit Wohn \u2013 und Schlafraum bezaubert durch einen versteckten Balkon zwischen den steilen D\u00e4chern.<\/span><\/span><\/span><\/p>\n<p><span style=\"font-family: Avenir Next\"><span style=\"font-size: medium\"><span style=\"color: #4e4123\">Einige Zimmer sind mit barocken Stuckdecken versehen, andere Zimmer verf\u00fcgen \u00fcber geschnitzte Holzdecken aus der Renaissance; jeder Raum ist verschieden und unvergleichlich in seiner Atmosph\u00e4re \u2013 alter Charme und moderner Komfort.<\/span><\/span><\/span><\/p>\n<p><span style=\"font-family: Avenir Next\"><span style=\"font-size: medium\"><span style=\"color: #4e4123\">All rooms and bathrooms were completely renovated in 2015 and brought up to today's standards.<\/span><\/span><\/span><\/p>\n<p><span style=\"font-family: Avenir Next\"><span style=\"font-size: medium\"><span style=\"color: #4e4123\">Due to construction, we do not have a lift in the house. All rooms have a free Wi-Fi connection.<\/span><\/span><\/span><\/p>\n<p><span style=\"font-family: Avenir Next\"><span style=\"font-size: medium\"><span style=\"color: #4e4123\">Our seasonal offers are a special feature: Write to us and we will be happy to send you a special offer.<\/span><\/span><\/span><\/p>\n<h4><strong><span style=\"font-family: Avenir Next\"><span style=\"font-size: medium\"><span style=\"color: #4e4123\">Check in\/out<\/span><\/span><\/span><\/strong><\/h4>\n<p><span style=\"font-family: Avenir Next\"><span style=\"font-size: medium\"><span style=\"color: #4e4123\">Arrival: from 15:00<\/span><\/span><\/span><\/p>\n<p class=\"translation-block\">Check out until 11:00<\/p>\n<p><strong><span style=\"font-family: Avenir Next\"><span style=\"font-size: medium\"><span style=\"color: #333333\">Distances<\/span><\/span><\/span><\/strong><\/p>\n<p><span style=\"font-family: Avenir Next\"><span style=\"font-size: medium\"><span style=\"color: #333333\">Bus and railway station: Eppan 2km<\/span><\/span><\/span><\/p>\n<p><span style=\"font-family: Avenir Next\"><span style=\"font-size: medium\"><span style=\"color: #333333\">Airport: Innsbruck 136km, Verona 159km<\/span><\/span><\/span><\/p>\n<p><span style=\"font-family: Avenir Next\"><span style=\"font-size: medium\"><span style=\"color: #333333\">Restaurants: numerous very good restaurants in the immediate vicinity<\/span><\/span><\/span><\/p>\n<p><span style=\"font-family: Avenir Next\"><span style=\"font-size: medium\"><span style=\"color: #333333\">Shopping: Eppan 2km, Bozen 14km<\/span><\/span><\/span><\/p>\n<p>\u00a0<\/p>","protected":false},"excerpt":{"rendered":"<p>Zu Gast in gotischer Umgebung In charmanter H\u00fcgellage am Fu\u00dfe des Mendelgebirges und von alten B\u00e4umen umgeben, steht das gotische Schloss mit idyllischer Kapelle und ausgedehntem Gutshof. Es hat im Verlauf der Jahrhunderte und durch die Wirren der Zeiten seine besondere Attraktivit\u00e4t erhalten und \u00f6ffnet heute seine Tore den Reisenden, die das au\u00dfergew\u00f6hnliche Ambiente und [&hellip;]<\/p>\n","protected":false},"featured_media":0,"comment_status":"open","ping_status":"closed","template":"","meta":[],"product_brand":[],"product_cat":[22],"product_tag":[],"class_list":{"0":"post-13346","1":"product","2":"type-product","3":"status-publish","5":"product_cat-listeo-booking","7":"first","8":"instock","9":"virtual","10":"sold-individually","11":"taxable","12":"purchasable","13":"product-type-listing_booking"},"_links":{"self":[{"href":"https:\/\/historicrooms.com\/en\/wp-json\/wp\/v2\/product\/13346","targetHints":{"allow":["GET"]}}],"collection":[{"href":"https:\/\/historicrooms.com\/en\/wp-json\/wp\/v2\/product"}],"about":[{"href":"https:\/\/historicrooms.com\/en\/wp-json\/wp\/v2\/types\/product"}],"replies":[{"embeddable":true,"href":"https:\/\/historicrooms.com\/en\/wp-json\/wp\/v2\/comments?post=13346"}],"wp:attachment":[{"href":"https:\/\/historicrooms.com\/en\/wp-json\/wp\/v2\/media?parent=13346"}],"wp:term":[{"taxonomy":"product_brand","embeddable":true,"href":"https:\/\/historicrooms.com\/en\/wp-json\/wp\/v2\/product_brand?post=13346"},{"taxonomy":"product_cat","embeddable":true,"href":"https:\/\/historicrooms.com\/en\/wp-json\/wp\/v2\/product_cat?post=13346"},{"taxonomy":"product_tag","embeddable":true,"href":"https:\/\/historicrooms.com\/en\/wp-json\/wp\/v2\/product_tag?post=13346"}],"curies":[{"name":"wp","href":"https:\/\/api.w.org\/{rel}","templated":true}]}}