{"id":12125,"date":"2022-03-31T15:11:54","date_gmt":"2022-03-31T14:11:54","guid":{"rendered":"https:\/\/sz.alpsware.dev\/product\/burg-feistritz-2\/"},"modified":"2022-03-31T15:11:54","modified_gmt":"2022-03-31T14:11:54","slug":"burg-feistritz-2","status":"publish","type":"product","link":"https:\/\/historicrooms.com\/en\/product\/burg-feistritz-2\/","title":{"rendered":"Burg Feistritz &amp; The Old Riding School"},"content":{"rendered":"<h2><strong>Celebrations in the historic riding hall or in the Knights' Hall<\/strong><\/h2>\n<p>Only 80 km south of Vienna, Burg Feistritz is nestled in the green hills of the Wechselland. For many years, it has opened its doors to larger, closed groups looking for a private, cultivated and historic ambience for a shared experience.<\/p>\n<p>Centuries of development, careful renovations and cultural wealth have influenced the fortress and turned it into an inviting and stately castle.<\/p>\n<p class=\"translation-block\">Charming historic rooms and a variety of beautiful and comfortable guest rooms invite you to be creative together, to exchange ideas and to create together. The old stone steps of the arcaded courtyard lead to the <strong>knights' hall with a B\u00f6sendorfer grand piano, the castle chapel, terraces, studios and seminar rooms<\/strong> as well as the castle's individual guest rooms and dining rooms for up to 60 people.<\/p>\n<h3><strong>A special location for corporate events, seminars and workshops<\/strong><\/h3>\n<p>Burg Feistritz offers an attractive, inspiring and exclusive ambience for seminars, meetings and conferences of business, art and science. The private atmosphere, the comfortable guest rooms, the seminar rooms with modern technical equipment, the personal service and the possibility of private catering make your meeting a special event.<\/p>\n<p>During the summer months, spacious studio rooms lend themselves to courses and workshops in crafts &amp; art. During these weeks, participants and artists stay together in the castle and are inspired by the picturesque surroundings and the special atmosphere.<\/p>\n<h3><strong>Weddings<\/strong><\/h3>\n<p>Feistritz Castle offers a charming and unique setting to make your big day extra special.\u00a0A selection of beautiful rooms and places are available for your ceremony, such as the festive Knights' Hall, the baroque castle chapel or the romantic castle park.\u00a0The Old Riding School provides the atmospheric setting for large banquets and celebrations.<\/p>\n<p>The two cavalier houses and the rooms and flats (up to 60 people) in the castle are available for overnight stays of your guests.<\/p>\n<h3><strong>Old Riding School<\/strong><\/h3>\n<p>The Old Riding School with its rustic beam structure was built in the early 19th century on the former tournament grounds. It offers a very large and atmospheric space for parties, workshops, exhibitions and concerts. Equipped with a large stage and catering facilities, the Old Riding School is also the venue for the annual Summer Music Festival.<\/p>\n<h3 class=\"translation-block\"><strong>Castle park &amp; Garden<\/strong><\/h3>\n<p>Feistritz Castle is surrounded by a charming historical park, which was designed in the early 19th century in the style of an English landscape garden. During your event, stroll through the park with its old trees, open green spaces, ponds, sculptures and various elements of romantic garden architecture.<\/p>\n<h3><strong>Catering<\/strong><\/h3>\n<h4><strong>Burg Feistritz als \u201ccatered castle\u201d<\/strong><\/h4>\n<p>Burg Feistritz specialises in accommodation for groups, where overnight stays are always offered with breakfast. Depending on the size and wishes of the group, catering from simple to festive meals can also be arranged.<\/p>\n<p>Self-catering is possible in the two cavalier houses, which have well-equipped kitchens.<\/p>\n<h3><strong>The Castle &amp; Cavalier Houses<\/strong><\/h3>\n<p>Overnight stays at Feistritz Castle are possible for groups of up to 60 people in comfortable single and double rooms. The rooms are spread over the old castle and the two cavalier houses.\u00a0Next to the Old Castle or next to the Old Riding School, the two charming Kavaliersh\u00e4user are available, which offer a lot of privacy for small seminars or for gatherings of friends and large families. These houses have spacious living and\/or working areas, well-equipped kitchens, as well as private terraces with unobstructed views over the village of Feistritz am Wechsel.<\/p>\n<p>14 comfortable double rooms (7 double rooms per house).<\/p>\n<p>&nbsp;<\/p>","protected":false},"excerpt":{"rendered":"<p>Feiern in der historischen Reithalle oder im Rittersaal Nur 80 km s\u00fcdlich von Wien liegt Burg Feistritz eingebettet in die gr\u00fcnen H\u00fcgel des Wechsellandes. Seit vielen Jahren \u00f6ffnet sie die Tore f\u00fcr gr\u00f6\u00dfere, geschlossene Gruppen, die ein privates, kultiviertes und historisches Ambiente f\u00fcr ein gemeinsames Erlebnis suchen. Jahrhunderte der Entwicklung, behutsame Umbauten und kultureller Reichtum [&hellip;]<\/p>\n","protected":false},"featured_media":0,"comment_status":"open","ping_status":"closed","template":"","meta":[],"product_brand":[],"product_cat":[],"product_tag":[],"class_list":{"0":"post-12125","1":"product","2":"type-product","3":"status-publish","6":"first","7":"instock","8":"taxable","9":"shipping-taxable","10":"product-type-simple"},"_links":{"self":[{"href":"https:\/\/historicrooms.com\/en\/wp-json\/wp\/v2\/product\/12125","targetHints":{"allow":["GET"]}}],"collection":[{"href":"https:\/\/historicrooms.com\/en\/wp-json\/wp\/v2\/product"}],"about":[{"href":"https:\/\/historicrooms.com\/en\/wp-json\/wp\/v2\/types\/product"}],"replies":[{"embeddable":true,"href":"https:\/\/historicrooms.com\/en\/wp-json\/wp\/v2\/comments?post=12125"}],"wp:attachment":[{"href":"https:\/\/historicrooms.com\/en\/wp-json\/wp\/v2\/media?parent=12125"}],"wp:term":[{"taxonomy":"product_brand","embeddable":true,"href":"https:\/\/historicrooms.com\/en\/wp-json\/wp\/v2\/product_brand?post=12125"},{"taxonomy":"product_cat","embeddable":true,"href":"https:\/\/historicrooms.com\/en\/wp-json\/wp\/v2\/product_cat?post=12125"},{"taxonomy":"product_tag","embeddable":true,"href":"https:\/\/historicrooms.com\/en\/wp-json\/wp\/v2\/product_tag?post=12125"}],"curies":[{"name":"wp","href":"https:\/\/api.w.org\/{rel}","templated":true}]}}