{"id":12122,"date":"2022-03-31T14:22:29","date_gmt":"2022-03-31T13:22:29","guid":{"rendered":"https:\/\/sz.alpsware.dev\/product\/burg-feistritz\/"},"modified":"2022-03-31T14:22:29","modified_gmt":"2022-03-31T13:22:29","slug":"feistritz-castle-2","status":"publish","type":"product","link":"https:\/\/historicrooms.com\/en\/product\/feistritz-castle-2\/","title":{"rendered":"Burg Feistritz"},"content":{"rendered":"<h2><strong>Burg Feistritz \u2013 ein Refugium f\u00fcr geschlossene Gruppen<\/strong><\/h2>\n<h4 class=\"western\"><span style=\"font-family: Avenir Light, sans-serif\">Arcade Courtyard, Knights' Hall and Castle Chapel<\/span><\/h4>\n<p class=\"western\"><span style=\"font-family: Avenir Light, sans-serif\"><span style=\"color: #000000\">Situated only 80 km south of Vienna, Burg Feistritz is nestled in the green hills of the Wechselland. As a private family residence, it opens its doors to larger closed groups looking for a cultivated and historic ambience for joint work or experiences.<\/span><\/span><\/p>\n<p class=\"western\"><span style=\"font-family: Avenir Light, sans-serif\"><span style=\"color: #000000\">Centuries of development, careful renovations and cultural wealth have transformed the original medieval fortress into an inviting and impressive castle.<\/span><\/span><\/p>\n<p class=\"western\"><span style=\"font-family: Avenir Light, sans-serif\">Charming historic rooms and a variety of beautiful and comfortable guest rooms invite you to be creative together, to exchange ideas and to create as a team. <\/span><\/p>\n<p class=\"western\"><span style=\"font-family: Avenir Light, sans-serif\"><span style=\"color: #000000\">The old stone steps of the arcaded courtyard lead to the Knights' Hall with a B\u00f6sendorfer grand piano, the castle chapel, terraces, studios and seminar rooms, as well as to the castle's comfortable and individual guest rooms.<\/span><\/span><\/p>\n<h3><strong>Schlosszimmer & Kavalierh\u00e4user<\/strong><\/h3>\n<p class=\"western\"><span style=\"font-family: Avenir Light, sans-serif\"><span style=\"color: #000000\"><span style=\"font-size: medium\">Overnight stays at Burg Feistritz are possible for groups of up to 60 people in comfortable single and double rooms. The rooms are spread over the old castle and the two cavalier houses, which offer plenty of privacy for smaller seminars or for gatherings of friends and large families. These houses have spacious living and\/or working areas, well-equipped kitchens, as well as private terraces with unobstructed views over the village of Feistritz am Wechsel.<\/span><\/span><\/span><\/p>\n<p class=\"western\"><span style=\"font-family: Avenir Light, sans-serif\">14 comfortable double rooms (7 double rooms per house).<\/span><\/p>\n<h3 class=\"translation-block\"><strong>Castle park &amp; Garden<\/strong><\/h3>\n<p class=\"western\"><span style=\"font-family: Avenir Light, sans-serif\"><span style=\"color: #000000\">Feistritz Castle and the Cavaliers' Houses are surrounded by a charming historical park, which was built in the early 19th century in the style of a romantic English landscape garden. With its old trees, open green spaces, ponds, sculptures and various elements of romantic garden architecture, the park fits harmoniously into the surrounding green hills.<\/span><\/span><\/p>\n<h3><strong>Old Riding School<\/strong><\/h3>\n<p>The Old Riding School with its rustic beam structure was built in the early 19th century on the former tournament grounds. It offers a very large and atmospheric space for parties, workshops, exhibitions and concerts. Equipped with a large stage and catering facilities, the Old Riding School is also the venue for the annual Summer Music Festival.<\/p>\n<p>\u00a0<\/p>\n<p><strong>Distances:<\/strong><\/p>\n<p>Bus: Feistritz am Wechsel, 0,5km<\/p>\n<p>Railwaystation:  Edlitz-Grimmenstein 9km, Aspang Markt, 9km<\/p>\n<p>Airport: Wien Schwechat, 95km<\/p>\n<p>Restaurant: Feistritz am Wechsel, 0,5km<\/p>\n<p>Shopping: Aspang Markt, 9km, Kirchberg am Wechsel, 6km<\/p>\n<p>Next village: Feistritz am Wechsel, 0,5km<\/p>","protected":false},"excerpt":{"rendered":"<p>Burg Feistritz \u2013 ein Refugium f\u00fcr geschlossene Gruppen Arkadenhof, Rittersaal und Burgkapelle Nur 80 km s\u00fcdlich von Wien liegt Burg Feistritz eingebettet in die gr\u00fcnen H\u00fcgel des Wechsellandes. Als privater Familiensitz \u00f6ffnet sie die Tore f\u00fcr gr\u00f6\u00dfere geschlossene Gruppen, die ein kultiviertes und historisches Ambiente f\u00fcr gemeinsame Arbeit oder Erlebnisse suchen. Jahrhunderte der Entwicklung, behutsame [&hellip;]<\/p>\n","protected":false},"featured_media":0,"comment_status":"open","ping_status":"closed","template":"","meta":[],"product_brand":[],"product_cat":[22],"product_tag":[],"class_list":{"0":"post-12122","1":"product","2":"type-product","3":"status-publish","5":"product_cat-listeo-booking","7":"first","8":"instock","9":"virtual","10":"sold-individually","11":"taxable","12":"purchasable","13":"product-type-listing_booking"},"_links":{"self":[{"href":"https:\/\/historicrooms.com\/en\/wp-json\/wp\/v2\/product\/12122","targetHints":{"allow":["GET"]}}],"collection":[{"href":"https:\/\/historicrooms.com\/en\/wp-json\/wp\/v2\/product"}],"about":[{"href":"https:\/\/historicrooms.com\/en\/wp-json\/wp\/v2\/types\/product"}],"replies":[{"embeddable":true,"href":"https:\/\/historicrooms.com\/en\/wp-json\/wp\/v2\/comments?post=12122"}],"wp:attachment":[{"href":"https:\/\/historicrooms.com\/en\/wp-json\/wp\/v2\/media?parent=12122"}],"wp:term":[{"taxonomy":"product_brand","embeddable":true,"href":"https:\/\/historicrooms.com\/en\/wp-json\/wp\/v2\/product_brand?post=12122"},{"taxonomy":"product_cat","embeddable":true,"href":"https:\/\/historicrooms.com\/en\/wp-json\/wp\/v2\/product_cat?post=12122"},{"taxonomy":"product_tag","embeddable":true,"href":"https:\/\/historicrooms.com\/en\/wp-json\/wp\/v2\/product_tag?post=12122"}],"curies":[{"name":"wp","href":"https:\/\/api.w.org\/{rel}","templated":true}]}}