{"id":57130,"date":"2026-02-20T09:31:38","date_gmt":"2026-02-20T08:31:38","guid":{"rendered":"https:\/\/historicrooms.com\/de\/produkt\/battisti-suites\/"},"modified":"2026-03-30T09:57:39","modified_gmt":"2026-03-30T07:57:39","slug":"battisti-suites","status":"publish","type":"product","link":"https:\/\/historicrooms.com\/de\/produkt\/battisti-suites\/","title":{"rendered":"Battisti Suites"},"content":{"rendered":"<p>Eingebettet in ruhiger, mediterraner Lage \u2013 mit dem Kalterer See stets vor Augen \u2013 erwartet Sie in den Battisti-Suites ein Ort, an dem Stille und Weite sp\u00fcrbar werden. Keine Nachbarn, keine Hektik, Ruhe und Natur bestimmen den Tag. Ein Refugium f\u00fcr alle, die Exklusivit\u00e4t und Privatsph\u00e4re sch\u00e4tzen.<br \/>\nDer historische Jagdansitz aus dem Jahr 1605 verbindet jahrhundertealte Geschichte mit modernem Luxus. In nur acht gro\u00dfz\u00fcgigen Suiten genie\u00dfen Sie h\u00f6chsten Komfort: Jede Suite verf\u00fcgt \u00fcber eine private Sauna und eine freistehende Badewanne \u2013 Ihr pers\u00f6nlicher Spa-Bereich f\u00fcr entspannte Stunden zu zweit. Adults only (ab 14 Jahren) garantiert eine besonders ruhige Atmosph\u00e4re.<br \/>\nDer Tag beginnt mit einem au\u00dfergew\u00f6hnlich reichhaltigen Deluxe-Brunch bis 12 Uhr \u2013 mit Garnelen, Lachs, Prosecco und vielen weiteren erlesenen Spezialit\u00e4ten. Am Montag und Donnerstag verw\u00f6hnen wir Sie zus\u00e4tzlich mit einem 3-G\u00e4nge-Abendmen\u00fc, das mediterrane Leichtigkeit mit regionaler Raffinesse verbindet.<br \/>\nAls Familienbetrieb legen wir gr\u00f6\u00dften Wert auf pers\u00f6nliche Betreuung und authentische Gastfreundschaft. Unser eigenes Weingut \u2013 gewachsen aus Familientradition \u2013 liefert charaktervolle Bioweine, die Ihren Aufenthalt geschmacklich abrunden.<br \/>\nEntspannung finden Sie am gro\u00dfen Salzwasserpool oder im Whirlpool \u2013 beide mit traumhaftem Blick auf den Kalterer See. Eine weitl\u00e4ufige Liegewiese l\u00e4dt zum Sonnenbaden ein, das mediterrane, italienische Flair erinnert an die Toskana. F\u00fcr h\u00f6chsten Komfort sorgt zudem ein gro\u00dfer, abgeschlossener Privatparkplatz.<br \/>\nBattisit Suites ist der ideale Ort f\u00fcr Verliebte, f\u00fcr Ruhesuchende und f\u00fcr alle, die das Besondere lieben. Ein exklusives Hideaway, das Geschichte, Natur und Luxus auf einzigartige Weise vereint.<br \/>\nHistorischer Charme trifft auf raffinierte Eleganz, Design auf Architektur. Jede der acht Suiten verspr\u00fcht ihren ganz eigenen Charme. Mal mit freistehender Badewanne und eigener Sauna. Mal mit moderner K\u00fcchenzeile oder Weink\u00fchlschrank. Mal mit Balkon\/Loggia oder eigenem Garten-Separ\u00e9e auf dem Romantikh\u00fcgel.<\/p>\n<p><strong>Abendessen<\/strong><br \/>\nVollenden Sie den Tag mit einem romantischen Dinner!<br \/>\nZweimal w\u00f6chentlich (immer montags und donnerstags) verw\u00f6hnt Sie unser Meisterkoch Simon mit kulinarischen Kreationen aus der alpin-mediterranen K\u00fcche. Sie k\u00f6nnen\u00a0sich von unserem Men\u00fc \u00fcberraschen lassen (nicht im Aufenthaltspreis inkludiert). Egal ob in unserem stilvollen Gew\u00f6lbesaal oder auf unserer Terrasse mit direktem Seeblick: ein Dinner auf unserem Ansitz ist etwas ganz besonderes!<br \/>\nUnser Tipp: Bei einem Aufenthalt ab 7\u00a0N\u00e4chten laden wir Sie einmal zu einem romantischen Abendessen f\u00fcr Zwei ein!<\/p>\n<p>W\u00e4hrend Ihres Aufenthaltes erhalten Sie die \u00a0\u201eSu\u0308dtirol Alto Adige Guest Pass \u2013 Mobilcard\u201d\u00a0 kostenlos von uns.<br \/>\nDie \u00f6ffentlichen Verkehrsmittel der Provinz\u00a0sind kostenlos\u00a0(Bus, Bahn, Seilbahnen &#8211; auch Mendelbahn in Kaltern, Regionalzug nach Trient)<\/p>\n<p><strong>Biken und Wandern <\/strong>im meditteranen S\u00fcden S\u00fcdtirols<br \/>\nDer Ansitz ist der ideale Ausgangspunkt f\u00fcr <strong>Radfahrer<\/strong> und Wanderer. Starten Sie direkt vom Haus aus Ihre Biketour in die wundersch\u00f6ne Natur.<br \/>\nDer Radweg geht direkt am Haus vorbei. \u00a0Nutzen Sie unsere Kooperation mit dem E-Bike Verleih Eppan.<br \/>\nBuchen Sie direkt Ihre E-Bikes, welche am Morgen ab 6 Uhr zu uns geliefert und am Abend wieder abgeholt werden.<\/p>\n<p><strong>Wandern<\/strong> Sie durch die Weing\u00e4rten zum Kalterer See und ins Weindorf Kaltern.<br \/>\nDas nahegelegene Fr\u00fchlingstal f\u00fchrt Sie durch den Wald zu den Montiggler Seen.<\/p>\n<p>&nbsp;<\/p>","protected":false},"excerpt":{"rendered":"<p>Eingebettet in ruhiger, mediterraner Lage \u2013 mit dem Kalterer See stets vor Augen \u2013 erwartet Sie in den Battisti-Suites ein Ort, an dem Stille und Weite sp\u00fcrbar werden. Keine Nachbarn, keine Hektik, Ruhe und Natur bestimmen den Tag. Ein Refugium f\u00fcr alle, die Exklusivit\u00e4t und Privatsph\u00e4re sch\u00e4tzen. Der historische Jagdansitz aus dem Jahr 1605 verbindet [&hellip;]<\/p>\n","protected":false},"featured_media":0,"comment_status":"open","ping_status":"closed","template":"","meta":[],"product_brand":[],"product_cat":[22],"product_tag":[],"class_list":{"0":"post-57130","1":"product","2":"type-product","3":"status-publish","5":"product_cat-listeo-booking","7":"first","8":"instock","9":"virtual","10":"sold-individually","11":"taxable","12":"purchasable","13":"product-type-listing_booking"},"_links":{"self":[{"href":"https:\/\/historicrooms.com\/de\/wp-json\/wp\/v2\/product\/57130","targetHints":{"allow":["GET"]}}],"collection":[{"href":"https:\/\/historicrooms.com\/de\/wp-json\/wp\/v2\/product"}],"about":[{"href":"https:\/\/historicrooms.com\/de\/wp-json\/wp\/v2\/types\/product"}],"replies":[{"embeddable":true,"href":"https:\/\/historicrooms.com\/de\/wp-json\/wp\/v2\/comments?post=57130"}],"wp:attachment":[{"href":"https:\/\/historicrooms.com\/de\/wp-json\/wp\/v2\/media?parent=57130"}],"wp:term":[{"taxonomy":"product_brand","embeddable":true,"href":"https:\/\/historicrooms.com\/de\/wp-json\/wp\/v2\/product_brand?post=57130"},{"taxonomy":"product_cat","embeddable":true,"href":"https:\/\/historicrooms.com\/de\/wp-json\/wp\/v2\/product_cat?post=57130"},{"taxonomy":"product_tag","embeddable":true,"href":"https:\/\/historicrooms.com\/de\/wp-json\/wp\/v2\/product_tag?post=57130"}],"curies":[{"name":"wp","href":"https:\/\/api.w.org\/{rel}","templated":true}]}}