{"id":52621,"date":"2024-08-12T23:05:30","date_gmt":"2024-08-12T21:05:30","guid":{"rendered":"https:\/\/historicrooms.com\/en\/product\/al-castello-fo-aiello-holiday-home\/"},"modified":"2025-12-16T17:08:52","modified_gmt":"2025-12-16T16:08:52","slug":"al-castello-fo-aiello-holiday-home","status":"publish","type":"product","link":"https:\/\/historicrooms.com\/de\/produkt\/al-castello-fo-aiello-holiday-home\/","title":{"rendered":"Al Castello di Aiello"},"content":{"rendered":"<p>Al Castello hei\u00dft Sie in Aiello willkommen: ein Dorf, das darauf wartet mit seiner Geschichte entdeckt zu werden, das seit mehr als 400 Jahren mit dem Habsburger Reich verbunden ist, reich an Traditionen ist und die n\u00f6tige Ruhe f\u00fcr einen erholsamen Urlaub bietet.<\/p>\n<p>In Aiello kann man den faszinierenden Lauf der Zeit verfolgen, indem man die \u00fcber 100 Sonnenuhren bewundert, die im Ort zu finden  sind. Besuchen Sie auch das gro\u00dfe Museum \u00fcber das  l\u00e4ndlichen Lebens im kaiserlichen Friaul , welches \u00fcber 25.000 Exponate beherbergt. Das Museum beherbergt auch eine sch\u00f6ne Sammlung von Landini-Traktoren, von denen etwa 50 Fahrzeuge noch voll funktionsf\u00e4hig sind.<\/p>","protected":false},"excerpt":{"rendered":"<p>Al Castello Holiday Home welcomes you to Aiello: a village waiting to be discovered through its history, linked for over 400 years to the Habsburg Empire, rich in traditions, and suitably peaceful for that relaxing holiday you&#8217;re seeking. In Aiello, you can take in the fascinating passage of time by admiring over 100 sundials scattered [&hellip;]<\/p>\n","protected":false},"featured_media":0,"comment_status":"open","ping_status":"closed","template":"","meta":[],"product_brand":[],"product_cat":[22],"product_tag":[],"class_list":{"0":"post-52621","1":"product","2":"type-product","3":"status-publish","5":"product_cat-listeo-booking","7":"first","8":"instock","9":"virtual","10":"sold-individually","11":"taxable","12":"purchasable","13":"product-type-listing_booking"},"_links":{"self":[{"href":"https:\/\/historicrooms.com\/de\/wp-json\/wp\/v2\/product\/52621","targetHints":{"allow":["GET"]}}],"collection":[{"href":"https:\/\/historicrooms.com\/de\/wp-json\/wp\/v2\/product"}],"about":[{"href":"https:\/\/historicrooms.com\/de\/wp-json\/wp\/v2\/types\/product"}],"replies":[{"embeddable":true,"href":"https:\/\/historicrooms.com\/de\/wp-json\/wp\/v2\/comments?post=52621"}],"wp:attachment":[{"href":"https:\/\/historicrooms.com\/de\/wp-json\/wp\/v2\/media?parent=52621"}],"wp:term":[{"taxonomy":"product_brand","embeddable":true,"href":"https:\/\/historicrooms.com\/de\/wp-json\/wp\/v2\/product_brand?post=52621"},{"taxonomy":"product_cat","embeddable":true,"href":"https:\/\/historicrooms.com\/de\/wp-json\/wp\/v2\/product_cat?post=52621"},{"taxonomy":"product_tag","embeddable":true,"href":"https:\/\/historicrooms.com\/de\/wp-json\/wp\/v2\/product_tag?post=52621"}],"curies":[{"name":"wp","href":"https:\/\/api.w.org\/{rel}","templated":true}]}}