{"id":51628,"date":"2024-05-11T11:58:11","date_gmt":"2024-05-11T09:58:11","guid":{"rendered":"https:\/\/historicrooms.com\/product\/townhouse-weisses-kreuz-2\/"},"modified":"2026-04-02T10:08:56","modified_gmt":"2026-04-02T08:08:56","slug":"townhouse-weisses-kreuz-2","status":"publish","type":"product","link":"https:\/\/historicrooms.com\/de\/produkt\/townhouse-weisses-kreuz-2\/","title":{"rendered":"Townhouse Weisses Kreuz"},"content":{"rendered":"<p><span style=\"font-family: Avenir\"><span style=\"font-size: medium\">Nach einer sehr aufwendigen Restaurierung ist das Townhouse Weisses Kreuz wieder das, was es seiner Lage im Zentrum der Salzburger Altstadt schuldet: Zeitlosigkeit f\u00fcr die n\u00e4chsten Jahrhunderte.\u00a0Nach dieser Ma\u00dfgabe hat die Eigent\u00fcmerin in Zusammenarbeit mit dem belgischen Kunstsammler und Interior Designer Axel Vervoordt das Weisse Kreuz mit den besten \u00f6rtlichen Handwerksbetrieben wiedererschaffen.<\/span><\/span><br \/>\n<span style=\"font-family: Avenir\"><span style=\"font-size: medium\">Die Verbindung von liebevoller Renovierung und dem Anspruch an h\u00f6chsten Wohnkomfort lassen das historische Townhouse Weisses Kreuz zu einem einzigartigen Anwesen in der Salzburger Altstadt werden.<\/span><\/span><\/p>\n<h2 class=\"western\"><span style=\"font-family: Avenir\"><span style=\"font-size: medium\">ANSPRUCHSVOLLES WOHNEN<\/span><\/span><\/h2>\n<p><span style=\"font-family: Avenir\"><span style=\"font-size: medium\">Unsere <strong>Zimmer-Kategorie Superior,<\/strong> auf der ersten Etage, bietet drei Doppelzimmer.\u00a0<\/span><\/span><span style=\"color: #3e3e3e\"><span style=\"font-family: Avenir\"><span style=\"font-size: medium\">Die Zimmergr\u00f6\u00dfe liegt zwischen 19 und 31 qm. Die B\u00e4der verf\u00fcgen \u00fcber eine gro\u00dfz\u00fcgige Dusche, WC mit Bidetfunktion und teilweise Handtuchw\u00e4rmer.<\/span><\/span><\/span><br \/>\n<span style=\"font-family: Avenir\"><span style=\"font-size: medium\">Auf der dritten Etage befindet sich mit zwei Doppelzimmern und einem Einzelzimmer unsere <strong>Kategorie Deluxe.\u00a0<\/strong><\/span><\/span><span style=\"color: #3e3e3e\"><span style=\"font-family: Avenir\"><span style=\"font-size: medium\">Die Zimmergr\u00f6\u00dfen liegen zwischen 24 und 38 qm.\u00a0<\/span><\/span><\/span><span style=\"font-size: medium;font-family: Avenir;color: #3e3e3e\">Alle Deluxe-Zimmer verf\u00fcgen \u00fcber getrennte WC&#8217;s mit Bidetfunktion, gro\u00dfz\u00fcgige Duschen und\/oder Badewanne sowie Handtuchw\u00e4rmer.<\/span><br \/>\n<span style=\"font-family: Avenir\"><span style=\"font-size: medium\">Beide Etagen k\u00f6nnen auch jeweils als abgeschlossene Einheit gebucht werden. F\u00fcr gro\u00dfe Familien, Freundeskreise oder Firmenevents kann das ganze Haus angemietet werden und bietet Platz f\u00fcr maximal 12 Personen.<\/span><\/span><\/p>\n<h2 class=\"western\"><span style=\"color: #3e3e3e\"><span style=\"font-family: Avenir\"><span style=\"font-size: medium\"><b>LOUNGE<\/b><\/span><\/span><\/span><\/h2>\n<p><span style=\"font-family: Avenir\"><span style=\"font-size: medium\">Unsere gro\u00dfz\u00fcgige Lounge steht Ihnen nicht nur zum Entspannen am offenen Kamin, sondern auch als Fr\u00fchst\u00fccksraum zur Verf\u00fcgung.<\/span><\/span><br \/>\n<span style=\"font-family: Avenir\"><span style=\"font-size: medium\"><br \/>\n<b>HONESTY BAR<\/b><\/span><\/span><br \/>\n<span style=\"font-family: Avenir\"><span style=\"font-size: medium\">Bedienen Sie sich jederzeit an unserer Honesty Bar mit Warm- und Kaltgetr\u00e4nken.<\/span><\/span><\/p>\n<h2 class=\"western\"><span style=\"font-family: Avenir\"><span style=\"font-size: medium\"><b>SPA-BEREICH<\/b><\/span><\/span><\/h2>\n<p><span style=\"font-family: Avenir\"><span style=\"font-size: medium\">Zum relaxen genie\u00dfen Sie unser\u00a0Dampfbad mit gro\u00dfz\u00fcgiger Dusch- und Ruhezone.<\/span><\/span><br \/>\n<span style=\"font-family: Avenir\"><span style=\"font-size: medium\"><br \/>\n<b>GARTEN<\/b><\/span><\/span><br \/>\n<span style=\"font-family: Avenir\"><span style=\"font-size: medium\">Im Sommer ist unser Garten Ihre Ruhezone mitten in der Stadt. Starten Sie dort den Tag mit dem Fr\u00fchst\u00fcck und beschlie\u00dfen Sie ihn am Abend mit einer Flasche Wein.<\/span><\/span><\/p>\n<p><span style=\"font-family: Avenir\"><span style=\"font-size: medium\">Aufenthaltsdauer: mindestens 1 Nacht.<\/span><\/span><\/p>","protected":false},"excerpt":{"rendered":"<p>Nach einer sehr aufwendigen Restaurierung ist das Townhouse Weisses Kreuz wieder das, was es seiner Lage im Zentrum der Salzburger Altstadt schuldet: Zeitlosigkeit f\u00fcr die n\u00e4chsten Jahrhunderte.\u00a0Nach dieser Ma\u00dfgabe hat die Eigent\u00fcmerin in Zusammenarbeit mit dem belgischen Kunstsammler und Interior Designer Axel Vervoordt das Weisse Kreuz mit den besten \u00f6rtlichen Handwerksbetrieben wiedererschaffen. Die Verbindung von [&hellip;]<\/p>\n","protected":false},"featured_media":0,"comment_status":"open","ping_status":"closed","template":"","meta":[],"product_brand":[],"product_cat":[22],"product_tag":[],"class_list":{"0":"post-51628","1":"product","2":"type-product","3":"status-publish","5":"product_cat-listeo-booking","7":"first","8":"instock","9":"virtual","10":"sold-individually","11":"taxable","12":"purchasable","13":"product-type-listing_booking"},"_links":{"self":[{"href":"https:\/\/historicrooms.com\/de\/wp-json\/wp\/v2\/product\/51628","targetHints":{"allow":["GET"]}}],"collection":[{"href":"https:\/\/historicrooms.com\/de\/wp-json\/wp\/v2\/product"}],"about":[{"href":"https:\/\/historicrooms.com\/de\/wp-json\/wp\/v2\/types\/product"}],"replies":[{"embeddable":true,"href":"https:\/\/historicrooms.com\/de\/wp-json\/wp\/v2\/comments?post=51628"}],"wp:attachment":[{"href":"https:\/\/historicrooms.com\/de\/wp-json\/wp\/v2\/media?parent=51628"}],"wp:term":[{"taxonomy":"product_brand","embeddable":true,"href":"https:\/\/historicrooms.com\/de\/wp-json\/wp\/v2\/product_brand?post=51628"},{"taxonomy":"product_cat","embeddable":true,"href":"https:\/\/historicrooms.com\/de\/wp-json\/wp\/v2\/product_cat?post=51628"},{"taxonomy":"product_tag","embeddable":true,"href":"https:\/\/historicrooms.com\/de\/wp-json\/wp\/v2\/product_tag?post=51628"}],"curies":[{"name":"wp","href":"https:\/\/api.w.org\/{rel}","templated":true}]}}