{"id":51621,"date":"2024-05-11T11:58:09","date_gmt":"2024-05-11T09:58:09","guid":{"rendered":"https:\/\/historicrooms.com\/product\/schloss-englar-2\/"},"modified":"2026-03-26T11:10:48","modified_gmt":"2026-03-26T10:10:48","slug":"schloss-englar-2","status":"publish","type":"product","link":"https:\/\/historicrooms.com\/de\/produkt\/schloss-englar-2\/","title":{"rendered":"Schloss Englar"},"content":{"rendered":"<p class=\"western\"><span style=\"font-family: Avenir Next\"><span style=\"font-size: medium\"><span style=\"color: #4e4123\">In charmanter H\u00fcgellage am Fu\u00dfe des Mendelgebirges und von alten B\u00e4umen umgeben, steht das gotische Schloss mit idyllischer Kapelle und ausgedehntem Gutshof.<\/span><\/span><\/span><\/p>\n<p><span style=\"font-family: Avenir Next\"><span style=\"font-size: medium\"><span style=\"color: #4e4123\">Es hat im Verlauf der Jahrhunderte und durch die Wirren der Zeiten seine besondere Attraktivit\u00e4t erhalten und \u00f6ffnet heute seine Tore den Reisenden, die das au\u00dfergew\u00f6hnliche Ambiente und die behagliche Atmosph\u00e4re von historischen Mauern sch\u00e4tzen.<\/span><\/span><\/span><br \/>\n<span style=\"font-family: Avenir Next\"><span style=\"font-size: medium\"><span style=\"color: #4e4123\">Die im Jahre 2015 liebevoll restaurierte Anlage bietet mit ihren G\u00e4stezimmern, dem gro\u00dfen Rittersaal mit offenem Kamin und den sonnigen G\u00e4rten mit Freischwimmbad ein famili\u00e4res Flair in einmaliger Umgebung.<\/span><\/span><\/span><\/p>\n<h3>Wie Sie bei uns wohnen<\/h3>\n<p><span style=\"font-family: Avenir Next\"><span style=\"font-size: medium\"><span style=\"color: #4e4123\">Unser Haus verf\u00fcgt \u00fcber 8 charmante Zimmer, aufgeteilt auf 3 Etagen und liebevoll durch die Schlossherrin individuell eingerichtet. Jedes Zimmer hat seinen besonderen Charakter, welcher sich mit dem historischen Mobiliar des Schlosses zu einer zeitlosen Eleganz verbindet.<\/span><\/span><\/span><br \/>\n<span style=\"font-family: Avenir Next\"><span style=\"font-size: medium\"><span style=\"color: #4e4123\">Auf jeder Etage befindet sich eine Juniorsuite neben einem Doppelzimmer. Das gro\u00dfe Turmzimmer im 3. Stock mit Wohn &#8211; und Schlafraum bezaubert durch einen versteckten Balkon zwischen den steilen D\u00e4chern.<\/span><\/span><\/span><\/p>\n<p><span style=\"font-family: Avenir Next\"><span style=\"font-size: medium\"><span style=\"color: #4e4123\">Einige Zimmer sind mit barocken Stuckdecken versehen, andere Zimmer verf\u00fcgen \u00fcber geschnitzte Holzdecken aus der Renaissance; jeder Raum ist verschieden und unvergleichlich in seiner Atmosph\u00e4re &#8211; alter Charme und moderner Komfort.<\/span><\/span><\/span><br \/>\n<span style=\"font-family: Avenir Next\"><span style=\"font-size: medium\"><span style=\"color: #4e4123\">Alle Zimmer und Badezimmer wurden im Jahr 2015 komplett renoviert und dem heutigen Standard angepasst.<\/span><\/span><\/span><br \/>\n<span style=\"font-family: Avenir Next\"><span style=\"font-size: medium\"><span style=\"color: #4e4123\">Baubedingt verf\u00fcgen wir \u00fcber keinen Aufzug im Haus. Alle Zimmer verf\u00fcgen \u00fcber eine kostenlose WLAN Verbindung.<\/span><\/span><\/span><br \/>\n<span style=\"font-family: Avenir Next\"><span style=\"font-size: medium\"><span style=\"color: #4e4123\">Eine Besonderheit sind unsere saisonalen Angebote: Schreiben Sie uns, gerne senden wir Ihnen spezielle Offerte.<\/span><\/span><\/span><\/p>","protected":false},"excerpt":{"rendered":"<p>In charmanter H\u00fcgellage am Fu\u00dfe des Mendelgebirges und von alten B\u00e4umen umgeben, steht das gotische Schloss mit idyllischer Kapelle und ausgedehntem Gutshof. Es hat im Verlauf der Jahrhunderte und durch die Wirren der Zeiten seine besondere Attraktivit\u00e4t erhalten und \u00f6ffnet heute seine Tore den Reisenden, die das au\u00dfergew\u00f6hnliche Ambiente und die behagliche Atmosph\u00e4re von historischen [&hellip;]<\/p>\n","protected":false},"featured_media":0,"comment_status":"open","ping_status":"closed","template":"","meta":[],"product_brand":[],"product_cat":[22],"product_tag":[],"class_list":{"0":"post-51621","1":"product","2":"type-product","3":"status-publish","5":"product_cat-listeo-booking","7":"first","8":"instock","9":"virtual","10":"sold-individually","11":"taxable","12":"purchasable","13":"product-type-listing_booking"},"_links":{"self":[{"href":"https:\/\/historicrooms.com\/de\/wp-json\/wp\/v2\/product\/51621","targetHints":{"allow":["GET"]}}],"collection":[{"href":"https:\/\/historicrooms.com\/de\/wp-json\/wp\/v2\/product"}],"about":[{"href":"https:\/\/historicrooms.com\/de\/wp-json\/wp\/v2\/types\/product"}],"replies":[{"embeddable":true,"href":"https:\/\/historicrooms.com\/de\/wp-json\/wp\/v2\/comments?post=51621"}],"wp:attachment":[{"href":"https:\/\/historicrooms.com\/de\/wp-json\/wp\/v2\/media?parent=51621"}],"wp:term":[{"taxonomy":"product_brand","embeddable":true,"href":"https:\/\/historicrooms.com\/de\/wp-json\/wp\/v2\/product_brand?post=51621"},{"taxonomy":"product_cat","embeddable":true,"href":"https:\/\/historicrooms.com\/de\/wp-json\/wp\/v2\/product_cat?post=51621"},{"taxonomy":"product_tag","embeddable":true,"href":"https:\/\/historicrooms.com\/de\/wp-json\/wp\/v2\/product_tag?post=51621"}],"curies":[{"name":"wp","href":"https:\/\/api.w.org\/{rel}","templated":true}]}}