{"id":51615,"date":"2024-05-11T11:58:06","date_gmt":"2024-05-11T09:58:06","guid":{"rendered":"https:\/\/historicrooms.com\/product\/chateau-le-vigneau-2\/"},"modified":"2024-05-13T11:32:48","modified_gmt":"2024-05-13T09:32:48","slug":"chateau-le-vigneau-2","status":"publish","type":"product","link":"https:\/\/historicrooms.com\/de\/produkt\/chateau-le-vigneau-2\/","title":{"rendered":"Ch\u00e2teau Le Vigneau"},"content":{"rendered":"<p><span style=\"font-family: Avenir\"><span style=\"font-size: medium\"><span style=\"color: #262626\"><sub>Das ganze Schloss ist ein ungemein helles und freundliches Geb\u00e4ude aus dem Ende des 18.Jahrhundert. Die Zimmer sind sehr ger\u00e4umig, mit Parkett- oder Dielenboden, hohen Decken und gro\u00dfen, alten Fenstern. Eine wundersch\u00f6ne Mischung aus antiken, modernen und bequemen M\u00f6beln und Bildern gibt dem Haus ein heimeliges und famili\u00e4res Ambiente.<\/sub><\/span><\/span><\/span><br \/>\n<span style=\"font-family: Avenir\"><span style=\"font-size: medium\"><span style=\"color: #262626\"><sub>Die Zimmer (11 DZ und 2 EZ) sind <\/sub><\/span><span style=\"color: #262626\"><sub>passend<\/sub><\/span><span style=\"color: #262626\"><sub> zum Baustil des Klassizismus <\/sub><\/span><span style=\"color: #262626\"><sub>eingerichtet<\/sub><\/span><span style=\"color: #262626\"><sub>, sie <\/sub><\/span><span style=\"color: #262626\"><sub>sind <\/sub><\/span><span style=\"color: #262626\"><sub>ganz neu<\/sub><\/span> <span style=\"color: #262626\"><sub>den heutigen <\/sub><\/span><span style=\"color: #262626\"><sub>modernen <\/sub><\/span><span style=\"color: #262626\"><sub>Anspr\u00fcchen angepasst und <\/sub><\/span><span style=\"color: #262626\"><sub>sind <\/sub><\/span><span style=\"color: #262626\"><sub>praktisch mit gro\u00dfen Familien oder Gruppen von Freunden zu bewohnen. <\/sub><\/span><\/span><\/span><br \/>\n<span style=\"font-family: Avenir\"><span style=\"font-size: medium\"><span style=\"color: #262626\"><sub>Ein gro\u00dfes, bequemes Zimmer im Erdgeschoss mit angrenzendem Bad, das ohne Stufen zu erreichen ist, eignet sich besonders f\u00fcr \u00e4ltere oder gehbehinderte Personen.<\/sub><\/span><\/span><\/span><br \/>\n<span style=\"font-family: Avenir\"><span style=\"font-size: medium\"><span style=\"color: #262626\"><sub>Kinder-Hochst\u00fchle und Kinderbetten f\u00fcr Kinder unter 2 Jahre stehen zur Verf\u00fcgung.<\/sub><\/span><\/span><\/span><br \/>\n<span style=\"font-family: Avenir\"><span style=\"font-size: medium\"><span style=\"color: #262626\"><sub>Das riesige Esszimmer hat einen Tisch, den man f\u00fcr mindestens 24 Personen ausziehen kann. In den 2 Salons l\u00e4sst es sich herrlich ausruhen, lesen, spielen und einfach den Aperitif genie\u00dfen.\u00a0<\/sub><\/span><\/span><\/span><span style=\"font-family: Avenir\"><span style=\"font-size: medium\"><span style=\"color: #262626\"><sub>Die K\u00fcche ist perfekt ausgestattet, um mit Freude f\u00fcr viele Leute zu kochen. <\/sub><\/span><span style=\"color: #262626\"><sub>Der <\/sub><\/span><span style=\"color: #262626\"><sub>h<\/sub><\/span><span style=\"color: #262626\"><sub>auseigene Gem\u00fcsegarten bietet je nach Saison herrliche frische Produkte an \u2013 zum selber ernten! Gerne k\u00f6nnen Sie eine K\u00fcchenhilfe anfordern.\u00a0<\/sub><\/span><\/span><\/span><span style=\"font-family: Avenir\"><span style=\"font-size: medium\"><span style=\"color: #262626\"><sub>In der Bibliothek des Hauses stehen viele B\u00fccher in Deutsch und Franz\u00f6sisch f\u00fcr Ihren Aufenthalt zur Verf\u00fcgung. Zur Abwechslung bietet sich das Spiel am antiken Billardtisch an, das erfrischende Wasser im neuen Pool oder eine Partie Tischtennis mit der ganzen Familie. Der Pool ist selbstverst\u00e4ndlich eingez\u00e4unt; es gibt Spielger\u00e4te, mehrere H\u00e4ngematten und einige Outdoorspiele wie Boccia oder Kroquett u.\u00e4. <\/sub><\/span><\/span><\/span><br \/>\n<span style=\"font-family: Avenir\"><span style=\"font-size: medium\"><span style=\"color: #262626\"><sub>Sogar eine kleine Kapelle im Schloss l\u00e4dt zum Verweilen ein. <\/sub><\/span><span style=\"color: #262626\"><sub>Und abends genie\u00dfen Sie den Blick in die Ferne, wo die Abendsonne Ihnen ins Gesicht blinzelt.<\/sub><\/span><\/span><\/span><\/p>\n<p>&nbsp;<\/p>","protected":false},"excerpt":{"rendered":"<p>Das ganze Schloss ist ein ungemein helles und freundliches Geb\u00e4ude aus dem Ende des 18.Jahrhundert. Die Zimmer sind sehr ger\u00e4umig, mit Parkett- oder Dielenboden, hohen Decken und gro\u00dfen, alten Fenstern. Eine wundersch\u00f6ne Mischung aus antiken, modernen und bequemen M\u00f6beln und Bildern gibt dem Haus ein heimeliges und famili\u00e4res Ambiente. Die Zimmer (11 DZ und 2 [&hellip;]<\/p>\n","protected":false},"featured_media":0,"comment_status":"open","ping_status":"closed","template":"","meta":[],"product_brand":[],"product_cat":[22],"product_tag":[],"class_list":{"0":"post-51615","1":"product","2":"type-product","3":"status-publish","5":"product_cat-listeo-booking","7":"first","8":"instock","9":"virtual","10":"sold-individually","11":"taxable","12":"purchasable","13":"product-type-listing_booking"},"_links":{"self":[{"href":"https:\/\/historicrooms.com\/de\/wp-json\/wp\/v2\/product\/51615","targetHints":{"allow":["GET"]}}],"collection":[{"href":"https:\/\/historicrooms.com\/de\/wp-json\/wp\/v2\/product"}],"about":[{"href":"https:\/\/historicrooms.com\/de\/wp-json\/wp\/v2\/types\/product"}],"replies":[{"embeddable":true,"href":"https:\/\/historicrooms.com\/de\/wp-json\/wp\/v2\/comments?post=51615"}],"wp:attachment":[{"href":"https:\/\/historicrooms.com\/de\/wp-json\/wp\/v2\/media?parent=51615"}],"wp:term":[{"taxonomy":"product_brand","embeddable":true,"href":"https:\/\/historicrooms.com\/de\/wp-json\/wp\/v2\/product_brand?post=51615"},{"taxonomy":"product_cat","embeddable":true,"href":"https:\/\/historicrooms.com\/de\/wp-json\/wp\/v2\/product_cat?post=51615"},{"taxonomy":"product_tag","embeddable":true,"href":"https:\/\/historicrooms.com\/de\/wp-json\/wp\/v2\/product_tag?post=51615"}],"curies":[{"name":"wp","href":"https:\/\/api.w.org\/{rel}","templated":true}]}}