{"id":51612,"date":"2024-05-11T11:58:05","date_gmt":"2024-05-11T09:58:05","guid":{"rendered":"https:\/\/historicrooms.com\/product\/schlosshotel-see-villa\/"},"modified":"2026-02-23T19:02:54","modified_gmt":"2026-02-23T18:02:54","slug":"schlosshotel-see-villa","status":"publish","type":"product","link":"https:\/\/historicrooms.com\/de\/produkt\/schlosshotel-see-villa\/","title":{"rendered":"Schlosshotel &#8216;See-Villa&#8217;"},"content":{"rendered":"<p>Das direkt am wundersch\u00f6nen Millst\u00e4ttersee in K\u00e4rnten gelegene kleine, elegante Schlosshotel vereint den kulinarischen Hochgenuss mit dem historisch, gem\u00fctlichen Ambiente.<br \/>\nAufgrund der Historie und des Alters des Schlosshotels ist die Unterschiedlichkeit der Zimmer wohl das markanteste Merkmal. Kein Zimmer gleicht dem anderen und jeder Raum und jedes Einrichtungsst\u00fcck hat seine eigene Geschichte. Viele der M\u00f6bel sind Originale aus dem Jahr 1884. Diese Komposition vermittelt dem Gast ein einmaliges, heimeliges Gef\u00fchl, das das Haus auch heute noch so einzigartig macht.<\/p>\n<p>Das von Falstaff ausgezeichnete Restaurant verw\u00f6hnt die G\u00e4ste mit fangfrischem Fisch, Wild aus Eigenjagd, Kr\u00e4utern aus dem eigenen Garten und vielen regionalen Produkten und Spezialit\u00e4ten.<\/p>\n<p>Das Haus, direkt am See, bietet neben faulenzen am eigenen Strand, auch viele M\u00f6glichkeiten f\u00fcr Wassersport, Gartenspiele, Golf am nahegelegenen Golfplatz, kulturelle Highlights (Theater, Konzerte, Ausstellungen) direkt in Millstatt und in der n\u00e4heren Umgebung, sowie verschiedene Themenwochen wie Bridge Genussaufenthalt, Wein und Genuss am See, Fasten am See, Oldtimer\/Auto- und Motorradtreff. Auch ein Dinner mit dem Hausherrn, Graf Tacoli, ist m\u00f6glich.<br \/>\nAls Hochzeits- und Feierlocation ist die See-Villa wegen ihrer unglaublich sch\u00f6nen Lage direkt am See sehr beliebt.<\/p>","protected":false},"excerpt":{"rendered":"<p>Das direkt am wundersch\u00f6nen Millst\u00e4ttersee in K\u00e4rnten gelegene kleine, elegante Schlosshotel vereint den kulinarischen Hochgenuss mit dem historisch, gem\u00fctlichen Ambiente. Aufgrund der Historie und des Alters des Schlosshotels ist die Unterschiedlichkeit der Zimmer wohl das markanteste Merkmal. Kein Zimmer gleicht dem anderen und jeder Raum und jedes Einrichtungsst\u00fcck hat seine eigene Geschichte. Viele der M\u00f6bel [&hellip;]<\/p>\n","protected":false},"featured_media":0,"comment_status":"open","ping_status":"closed","template":"","meta":[],"product_brand":[],"product_cat":[22],"product_tag":[],"class_list":{"0":"post-51612","1":"product","2":"type-product","3":"status-publish","5":"product_cat-listeo-booking","7":"first","8":"instock","9":"virtual","10":"sold-individually","11":"taxable","12":"purchasable","13":"product-type-listing_booking"},"_links":{"self":[{"href":"https:\/\/historicrooms.com\/de\/wp-json\/wp\/v2\/product\/51612","targetHints":{"allow":["GET"]}}],"collection":[{"href":"https:\/\/historicrooms.com\/de\/wp-json\/wp\/v2\/product"}],"about":[{"href":"https:\/\/historicrooms.com\/de\/wp-json\/wp\/v2\/types\/product"}],"replies":[{"embeddable":true,"href":"https:\/\/historicrooms.com\/de\/wp-json\/wp\/v2\/comments?post=51612"}],"wp:attachment":[{"href":"https:\/\/historicrooms.com\/de\/wp-json\/wp\/v2\/media?parent=51612"}],"wp:term":[{"taxonomy":"product_brand","embeddable":true,"href":"https:\/\/historicrooms.com\/de\/wp-json\/wp\/v2\/product_brand?post=51612"},{"taxonomy":"product_cat","embeddable":true,"href":"https:\/\/historicrooms.com\/de\/wp-json\/wp\/v2\/product_cat?post=51612"},{"taxonomy":"product_tag","embeddable":true,"href":"https:\/\/historicrooms.com\/de\/wp-json\/wp\/v2\/product_tag?post=51612"}],"curies":[{"name":"wp","href":"https:\/\/api.w.org\/{rel}","templated":true}]}}