{"id":51604,"date":"2024-05-11T11:58:03","date_gmt":"2024-05-11T09:58:03","guid":{"rendered":"https:\/\/historicrooms.com\/product\/schloss-freybuehel\/"},"modified":"2024-05-11T11:58:03","modified_gmt":"2024-05-11T09:58:03","slug":"schloss-freybuehel","status":"publish","type":"product","link":"https:\/\/historicrooms.com\/de\/produkt\/schloss-freybuehel\/","title":{"rendered":"Schloss Freyb\u00fchel"},"content":{"rendered":"<h2>Wohnen im Schloss nahe dem Golferparadies Murst\u00e4tten<\/h2>\n<p class=\"translation-block\"><span style=\"font-family: Avenir Next\"><span style=\"font-size: medium\"><span style=\"color: #000000\">Das von wildem Wein umrankte Schloss liegt am S\u00fcdhang des Buchkogels, ist ein ger\u00e4umiges und gut erhaltenes Schloss, das elegante antike M\u00f6bel, originale Kachel\u00f6fen und eine komfortable Bibliothek mit einem Billardtisch mit einer hochmodernen K\u00fcche und einem Fernseh- &amp; Medienraum kombiniert. D<\/span><span style=\"color: #000000\">er<\/span><span style=\"color: #000000\"> Hof <\/span><span style=\"color: #000000\">ist von einer<\/span><span style=\"color: #000000\">&nbsp;lange<\/span><span style=\"color: #000000\">n<\/span> <span style=\"color: #000000\">Arkadengalerie<\/span> <span style=\"color: #000000\">umgeben. Im Schlosshof k\u00f6nnen die <\/span><span style=\"color: #000000\">G\u00e4ste <\/span><span style=\"color: #000000\">sonnen und <\/span><span style=\"color: #000000\">entspannen, <\/span><span style=\"color: #000000\">die Jause, <\/span><span style=\"color: #000000\">Teatime oder den Aperitif <\/span><span style=\"color: #000000\">genie\u00dfen und mit den Kindern spielen<\/span><span style=\"color: #000000\">.<\/span><\/span><\/span><\/p>\n<p class=\"translation-block\"><span style=\"font-family: Avenir Next\"><span style=\"font-size: medium\"><span style=\"color: #000000\">Besonders f\u00fcr Golfinteressierte G\u00e4ste ist der Standort ideal. Der<\/span> <span style=\"color: #000000\">Golf Club Gut Murst\u00e4tten liegt nur wenige Kilometer entfernt und gilt als das Paradies der Golfer. Das Naturerlebnis im Golfclub ist so abwechslungsreich wie das Golferlebnis, das Sie auf der international pr\u00e4mierten 36 Loch-Anlage inmitten der idyllischen S\u00fcdsteiermark erwartet.&nbsp;<\/span><\/span><\/span><span style=\"font-family: Avenir Next\"><span style=\"font-size: medium\"><span style=\"color: #000000\">D<\/span><span style=\"color: #000000\">ie nahegelegene A2 verbindet das Schloss mit Graz, Maribor und vielen weiteren interessanten Ausflugszielen <\/span><span style=\"color: #000000\">wie der beliebten s\u00fcdsteirischen Weinstrasse und vielen kulturellen Erlebnissen.<\/span><\/span><\/span><\/p>\n<p class=\"translation-block\"><span style=\"font-family: Avenir Next\"><span style=\"font-size: medium\"><span style=\"color: #000000\">Den G\u00e4sten stehen <\/span><span style=\"color: #000000\">4 ger\u00e4umige Doppelzimmer mit modernen ensuite B\u00e4dern zur Verf\u00fcgung. Ein zus\u00e4tzliches Kinderzimmer mit 3 Betten hat eine direkte Verbindungst\u00fcr zum \u201aElternzimmer\u2018.&nbsp;<\/span><\/span><\/span><\/p>\n<p>&nbsp;<\/p>\n<p>Miete:<\/p>\n<p>F\u00fcr 4-5 Personen, 100\u20ac pro Person pro Nacht<br \/>\nAb 6 bis 9 Personen, 80\u20ac pro Person pro Nacht<br \/>\nMinimum 3 N\u00e4chte<br \/>\nEndreinigung 200\u20ac<\/p>\n<p>&nbsp;<\/p>\n<p>Die Lebensmittel f\u00fcr das erste Fr\u00fchst\u00fcck warten auf Sie im K\u00fchlschrank.<br \/>\nFr\u00fchst\u00fcck auf Bestellung mit Lieferung m\u00f6glich, 20\u20ac p.P.<\/p>\n<p>&nbsp;<\/p>\n<p><span style=\"font-family: Avenir Next\"><span style=\"font-size: medium\"><b><span style=\"color: #000000\">Entfernungen:<\/span><\/b><\/span><\/span><\/p>\n<p><span style=\"font-family: Avenir Next\"><span style=\"font-size: medium\"><span style=\"color: #000000\">Bahnhof: Lebring 5km<\/span><\/span><\/span><\/p>\n<p><span style=\"font-family: Avenir Next\"><span style=\"font-size: medium\"><span style=\"color: #000000\">Flughafen: Graz Thalerhof 30km<\/span><\/span><\/span><\/p>\n<p><span style=\"font-family: Avenir Next\"><span style=\"font-size: medium\"><span style=\"color: #000000\">Einkaufsm\u00f6glichkeiten\/n\u00e4chster Ort: Lebring 5km<\/span><\/span><\/span><\/p>","protected":false},"excerpt":{"rendered":"<p>Wohnen im Schloss nahe dem Golferparadies Murst\u00e4tten Das von wildem Wein umrankte Schloss liegt am S\u00fcdhang des Buchkogels, ist ein ger\u00e4umiges und gut erhaltenes Schloss, das elegante antike M\u00f6bel, originale Kachel\u00f6fen und eine komfortable Bibliothek mit einem Billardtisch mit einer hochmodernen K\u00fcche und einem Fernseh- &amp; Medienraum kombiniert. Der Hof ist von einer\u00a0langen Arkadengalerie umgeben. [&hellip;]<\/p>\n","protected":false},"featured_media":0,"comment_status":"open","ping_status":"closed","template":"","meta":[],"product_brand":[],"product_cat":[],"product_tag":[],"class_list":{"0":"post-51604","1":"product","2":"type-product","3":"status-publish","6":"first","7":"instock","8":"taxable","9":"shipping-taxable","10":"product-type-simple"},"_links":{"self":[{"href":"https:\/\/historicrooms.com\/de\/wp-json\/wp\/v2\/product\/51604","targetHints":{"allow":["GET"]}}],"collection":[{"href":"https:\/\/historicrooms.com\/de\/wp-json\/wp\/v2\/product"}],"about":[{"href":"https:\/\/historicrooms.com\/de\/wp-json\/wp\/v2\/types\/product"}],"replies":[{"embeddable":true,"href":"https:\/\/historicrooms.com\/de\/wp-json\/wp\/v2\/comments?post=51604"}],"wp:attachment":[{"href":"https:\/\/historicrooms.com\/de\/wp-json\/wp\/v2\/media?parent=51604"}],"wp:term":[{"taxonomy":"product_brand","embeddable":true,"href":"https:\/\/historicrooms.com\/de\/wp-json\/wp\/v2\/product_brand?post=51604"},{"taxonomy":"product_cat","embeddable":true,"href":"https:\/\/historicrooms.com\/de\/wp-json\/wp\/v2\/product_cat?post=51604"},{"taxonomy":"product_tag","embeddable":true,"href":"https:\/\/historicrooms.com\/de\/wp-json\/wp\/v2\/product_tag?post=51604"}],"curies":[{"name":"wp","href":"https:\/\/api.w.org\/{rel}","templated":true}]}}