{"id":51599,"date":"2024-05-11T11:58:02","date_gmt":"2024-05-11T09:58:02","guid":{"rendered":"https:\/\/historicrooms.com\/product\/landsitz-oberhof-2\/"},"modified":"2024-05-11T11:58:02","modified_gmt":"2024-05-11T09:58:02","slug":"landsitz-oberhof-2","status":"publish","type":"product","link":"https:\/\/historicrooms.com\/de\/produkt\/landsitz-oberhof-2\/","title":{"rendered":"Landsitz Oberhof"},"content":{"rendered":"<h1>Wie man den Tag beginnt, so wird er auch<\/h1>\n<p class=\"western\"><span style=\"font-family: Avenir Next\"><span style=\"font-size: medium\">Daher legen wir bei unserem Fr\u00fchst\u00fcck gro\u00dfen Wert darauf, Ihnen hochwertige Produkte aus der Region zu servieren. Natur und Nat\u00fcrlichkeit sind uns sehr wichtig, deshalb servieren wir Ihnen ausschlie\u00dflich Produkte aus biologischem Anbau, beziehungsweise solche, von Herstellern, die uns \u00fcberzeugen, dass sie unsere diesbez\u00fcglichen Werte einhalten.<\/span><\/span><\/p>\n<p><span style=\"font-family: Avenir Next\"><span style=\"font-size: medium\">Produkte aus anderen Regionen finden Sie bei uns, sofern sie aus pers\u00f6nlich gef\u00fchrter Kleinproduktion stammen, und ebenfalls unseren Anspr\u00fcchen entsprechen. Eine Liste unserer Lieferanten erhalten Sie auf Anfrage gerne.<\/span><\/span><\/p>\n<p><span style=\"font-family: Avenir Next\"><span style=\"font-size: medium\">Zu dem 13 ha gro\u00dfen Anwesen geh\u00f6ren neben dem gro\u00dfen Garten rund um das Haus Kr\u00e4uterwiesen und der angrenzende Wald, in dem eine gro\u00dfe Zahl an Reh- und Hochwild lebt. Das alles, sowie zwei kleinen Teiche, sollen Ihnen zur Erholung dienen. Wir hoffen, Sie f\u00fchlen sich inmitten alter B\u00e4ume und frischer Blumen wohl.<\/span><\/span><\/p>\n<p><span style=\"font-family: Avenir Next\"><span style=\"font-size: medium\">Nur wenige Meter vom Haus entfernt befindet sich unser Schwimmbad, in dem Sie nach einem ausgiebigen Sonnenbad Abk\u00fchlung finden. Bitte beachten Sie, dass die Wassertiefe 1,60 bis 2 Meter betr\u00e4gt!<\/span><\/span><\/p>\n<p><span style=\"font-family: Avenir Next\"><span style=\"font-size: medium\">Das <strong>Oberhofsattel Zimmer<\/strong> ist mit ca. 31 m\u00b2 eine Suite. Eine eigene, geschlossene Veranda bietet einen wundersch\u00f6nen Blick \u00fcber das Gut.<\/span><\/span><\/p>\n<p><span style=\"font-family: Avenir Next\"><span style=\"font-size: medium\">Das <strong>Hirschwand Zimmer<\/strong> ist mit ca. 55 m\u00b2 eine Juniorsuite. Neben dem ger\u00e4umigen Schlafzimmer verf\u00fcgt es \u00fcber eine eigene Sitzecke, die bei Bedarf als weiteres Doppelbett genutzt werden kann.<\/span><\/span><\/p>\n<p><span style=\"font-family: Avenir Next\"><span style=\"font-size: medium\">Das <strong>Eichbergzimmer<\/strong>&nbsp;(25m\u00b2) befindet sich im Erdgescho\u00df und blickt Richtung Westen, von wo aus man im privaten Vorgarten ungest\u00f6rt den Sonnenuntergang genie\u00dfen kann.<\/span><\/span><\/p>\n<p><span style=\"font-family: Avenir Next\"><span style=\"font-size: medium\">Das <strong>Geizenberg Zimmer<\/strong> (12m\u00b2) war in fr\u00fcheren Zeiten die Waschk\u00fcche und eignet sich aufgrund seiner Gr\u00f6\u00dfe und dem vertr\u00e4umten Blick in den Garten besonders f\u00fcr Verliebte.<\/span><\/span><\/p>\n<p><span style=\"font-family: Avenir Next\"><span style=\"font-size: medium\">Von unserem <strong>Petersberg Zimmer<\/strong> (19m\u00b2) mit Blick Richtung S\u00fcden auf die Grabenwiese, kann man mit etwas Gl\u00fcck durch die gro\u00dfz\u00fcgige Fensterfront Wildtiere beobachten.<\/span><\/span><\/p>","protected":false},"excerpt":{"rendered":"<p>Wie man den Tag beginnt, so wird er auch Daher legen wir bei unserem Fr\u00fchst\u00fcck gro\u00dfen Wert darauf, Ihnen hochwertige Produkte aus der Region zu servieren. Natur und Nat\u00fcrlichkeit sind uns sehr wichtig, deshalb servieren wir Ihnen ausschlie\u00dflich Produkte aus biologischem Anbau, beziehungsweise solche, von Herstellern, die uns \u00fcberzeugen, dass sie unsere diesbez\u00fcglichen Werte einhalten. [&hellip;]<\/p>\n","protected":false},"featured_media":0,"comment_status":"open","ping_status":"closed","template":"","meta":[],"product_brand":[],"product_cat":[],"product_tag":[],"class_list":{"0":"post-51599","1":"product","2":"type-product","3":"status-publish","6":"first","7":"instock","8":"taxable","9":"shipping-taxable","10":"product-type-simple"},"_links":{"self":[{"href":"https:\/\/historicrooms.com\/de\/wp-json\/wp\/v2\/product\/51599","targetHints":{"allow":["GET"]}}],"collection":[{"href":"https:\/\/historicrooms.com\/de\/wp-json\/wp\/v2\/product"}],"about":[{"href":"https:\/\/historicrooms.com\/de\/wp-json\/wp\/v2\/types\/product"}],"replies":[{"embeddable":true,"href":"https:\/\/historicrooms.com\/de\/wp-json\/wp\/v2\/comments?post=51599"}],"wp:attachment":[{"href":"https:\/\/historicrooms.com\/de\/wp-json\/wp\/v2\/media?parent=51599"}],"wp:term":[{"taxonomy":"product_brand","embeddable":true,"href":"https:\/\/historicrooms.com\/de\/wp-json\/wp\/v2\/product_brand?post=51599"},{"taxonomy":"product_cat","embeddable":true,"href":"https:\/\/historicrooms.com\/de\/wp-json\/wp\/v2\/product_cat?post=51599"},{"taxonomy":"product_tag","embeddable":true,"href":"https:\/\/historicrooms.com\/de\/wp-json\/wp\/v2\/product_tag?post=51599"}],"curies":[{"name":"wp","href":"https:\/\/api.w.org\/{rel}","templated":true}]}}