{"id":51484,"date":"2024-05-11T11:52:51","date_gmt":"2024-05-11T09:52:51","guid":{"rendered":"https:\/\/historicrooms.com\/product\/innviertler-versailles\/"},"modified":"2025-09-10T12:54:58","modified_gmt":"2025-09-10T10:54:58","slug":"innviertler-versailles","status":"publish","type":"product","link":"https:\/\/historicrooms.com\/de\/produkt\/innviertler-versailles\/","title":{"rendered":"Innviertler Versailles"},"content":{"rendered":"<h3 style=\"font-weight: 400\"><strong>Das Event- &amp; Erlebnisschloss<\/strong><\/h3>\n<p style=\"font-weight: 400\">Im Wasserschloss Innviertler Versailles gibt es viele Geschichten zu erz\u00e4hlen und vieles zu erleben: Den damaligen Prunk der Herrscher, F\u00fchrungen durch das Schloss, spannende &#8216;Escape the Room&#8217; &#8211; Abenteuer und f\u00fcrstliche Speisen im Caf\u00e9 oder vom Schlossladen. Besuchen Sie uns, wohnen Sie bei uns in einem der wundersch\u00f6nen Appartements und erleben Sie das Innviertler Versailles!<\/p>\n<p style=\"font-weight: 400\">Einen 3D-Rundgang durch das gesamte Areal finden Sie hier: <a href=\"https:\/\/tour.3d-innviertel.at\/de\/tour\/innviertler-versailles\">https:\/\/tour.3d-innviertel.at\/de\/tour\/innviertler-versailles<\/a><\/p>\n<p>&nbsp;<\/p>\n<p style=\"font-weight: 400\"><strong>Aktivit\u00e4ten im Schloss:<\/strong><\/p>\n<p style=\"font-weight: 400\">Schlossf\u00fchrungen: Geschichte erleben<\/p>\n<p style=\"font-weight: 400\">Escape Room: Die Energiemaschine (basierend auf der Erfindung des ehemaligen Schlossbesitzers Karl Schappeller)<\/p>\n<p style=\"font-weight: 400\">Romantik Dinner: auf Anfrage<\/p>\n<p style=\"font-weight: 400\">Eigene Events im Schloss: Aktuelle Termine finden Sie auf unserer Webseite (\u00dc30 Party, Irish Night, Love, Peace &amp; Rock\u2019n\u2019Roll, Schlossheurigen, Schlossadvent, Vernissagen, uvm.)<\/p>\n<p>&nbsp;<\/p>\n<p style=\"font-weight: 400\"><strong>Sportliche Outdoor Aktivit\u00e4ten:<\/strong><\/p>\n<p style=\"font-weight: 400\"><strong>Wanderungen und Radtouren<\/strong> im nahegelegenen Hausruck- &amp; Kobernau\u00dferwald. Direkte Anbindung an den Antiesen-Radweg und von dort aus zum R\u00f6mer-Radweg, der bis ins Salzkammergut f\u00fchrt.<\/p>\n<p style=\"font-weight: 400\"><strong>2 Badeseen<\/strong> in der Umgebung. Das <strong>Freibad<\/strong> Aurolzm\u00fcnster befindet sich direkt hinter dem Schloss, ebenso eine Freizeitanlage mit <strong>Tennis- &amp; Fu\u00dfballplatz.<\/strong> 3 <strong>Golfpl\u00e4tze<\/strong> in einem Radius von 25km.<\/p>\n<p>Zahlungen nur im Voraus\/auf Rechnung, da wir keine besetzte Rezeption haben.<br \/>\nZahlungen vor Ort nur w\u00e4hrend der Schlossladen-\u00d6ffnungszeiten m\u00f6glich.<\/p>","protected":false},"excerpt":{"rendered":"<p>Das Event- &amp; Erlebnisschloss Im Wasserschloss Innviertler Versailles gibt es viele Geschichten zu erz\u00e4hlen und vieles zu erleben: Den damaligen Prunk der Herrscher, F\u00fchrungen durch das Schloss, spannende &#8216;Escape the Room&#8217; &#8211; Abenteuer und f\u00fcrstliche Speisen im Caf\u00e9 oder vom Schlossladen. Besuchen Sie uns, wohnen Sie bei uns in einem der wundersch\u00f6nen Appartements und erleben [&hellip;]<\/p>\n","protected":false},"featured_media":0,"comment_status":"open","ping_status":"closed","template":"","meta":[],"product_brand":[],"product_cat":[22],"product_tag":[],"class_list":{"0":"post-51484","1":"product","2":"type-product","3":"status-publish","5":"product_cat-listeo-booking","7":"first","8":"instock","9":"virtual","10":"sold-individually","11":"taxable","12":"purchasable","13":"product-type-listing_booking"},"_links":{"self":[{"href":"https:\/\/historicrooms.com\/de\/wp-json\/wp\/v2\/product\/51484","targetHints":{"allow":["GET"]}}],"collection":[{"href":"https:\/\/historicrooms.com\/de\/wp-json\/wp\/v2\/product"}],"about":[{"href":"https:\/\/historicrooms.com\/de\/wp-json\/wp\/v2\/types\/product"}],"replies":[{"embeddable":true,"href":"https:\/\/historicrooms.com\/de\/wp-json\/wp\/v2\/comments?post=51484"}],"wp:attachment":[{"href":"https:\/\/historicrooms.com\/de\/wp-json\/wp\/v2\/media?parent=51484"}],"wp:term":[{"taxonomy":"product_brand","embeddable":true,"href":"https:\/\/historicrooms.com\/de\/wp-json\/wp\/v2\/product_brand?post=51484"},{"taxonomy":"product_cat","embeddable":true,"href":"https:\/\/historicrooms.com\/de\/wp-json\/wp\/v2\/product_cat?post=51484"},{"taxonomy":"product_tag","embeddable":true,"href":"https:\/\/historicrooms.com\/de\/wp-json\/wp\/v2\/product_tag?post=51484"}],"curies":[{"name":"wp","href":"https:\/\/api.w.org\/{rel}","templated":true}]}}