{"id":51476,"date":"2024-05-11T11:52:48","date_gmt":"2024-05-11T09:52:48","guid":{"rendered":"https:\/\/historicrooms.com\/product\/riegersburg-2\/"},"modified":"2025-04-03T16:58:37","modified_gmt":"2025-04-03T14:58:37","slug":"riegersburg-2","status":"publish","type":"product","link":"https:\/\/historicrooms.com\/de\/produkt\/riegersburg-2\/","title":{"rendered":"Gutshof Riegersburg"},"content":{"rendered":"<p>Die Riegersburg gilt als die gr\u00f6\u00dfte Burg der Steiermark und ist eines der beliebtesten Ausflugsziele des Landes. Als uneinnehmbare Festung thront sie hoch oben am Felsen und ist nicht umsonst eine der beliebtesten Sehensw\u00fcrdigkeiten der Region. Dank ihrer imposanten Befestigungsanlage und der einzigartigen Lage der Burg, z\u00e4hlte sie schon anno dazumal zur st\u00e4rksten Festung des Abendlandes.<br \/>\nGeschichte wird hier erlebbar gemacht. Die drei Museen lassen sich sehr gut allein besichtigen oder mit einer der spannenden F\u00fchrungen. Man taucht in eine v\u00f6llig andere Welt ein und erf\u00e4hrt einiges \u00fcber das Leben auf der Burg, bestaunt herrliche R\u00e4ume, lernt viel \u00fcber Hexen und kann Waffen ausprobieren.<\/p>\n<h3>Der Gutshof<\/h3>\n<p>Am Ortsrand von Riegersburg liegt der <strong>Gutshof <\/strong>\u2013 auch <strong>idealer Ausgangspunkt <\/strong>f\u00fcr die <strong>vielen Ausflugsziele <\/strong>in der<strong> Umgebung <\/strong>und f\u00fcr die<strong> interessanten Veranstaltungen, Schlossf\u00fchrungen und Aktivit\u00e4ten <\/strong>auf der<strong> Riegersburg<\/strong>.<br \/>\nIm Gutshof befinden sich\u00a0<strong>zwei Ferienwohnungen<\/strong>\u00a0jeweils mit vollst\u00e4ndig ausgestatteter K\u00fcche, einem Schlafzimmer, Wohn- und Esszimmer mit ausziehbarer Couch, SAT-TV, WLAN, Bad mit Dusche\/WC.<\/p>\n<p><strong>Wohnung 1<\/strong> bietet f\u00fcr <strong>bis zu 4 Personen<\/strong> Platz und in <strong>Wohnung 2<\/strong>\u00a0k\u00f6nnen\u00a0<strong>bis zu<\/strong> <strong>6 Personen<\/strong>\u00a0\u00fcbernachten.<br \/>\nWeiters kann\u00a0<strong>ein Zimmer<\/strong>\u00a0mit Doppelbett, SAT-TV, WLAN und Bad mit Dusche\/WC f\u00fcr\u00a0<strong>2 Personen\u00a0<\/strong>angemietet werden!<br \/>\nZu Fu\u00df (in wenigen Gehminuten) erreichen Sie <strong>die Riegersburg<\/strong>, das <strong>Seebad Riegersburg, <\/strong>die B\u00e4ckerei, einen Kinderspielplatz und den Klettergarten, gegen\u00fcber befindet sich ein Spar-Lebensmittelmarkt sowie &#8220;Pizza Burg&#8221;.<\/p>\n<p><strong>Preis Wohnung 1 oder 2:<\/strong><br \/>\nf\u00fcr 2 Personen: \u20ac 85,00<br \/>\njede weitere Person: \u20ac 17,00<br \/>\nEndreinigung: \u20ac 55<\/p>\n<p><strong>Preis f\u00fcr das Zimmer:<\/strong><br \/>\npro Person: \u20ac 29,00<br \/>\nPauschale f\u00fcr eine Nacht: \u20ac 58,00Preise exkl. \u00dcbernachtungsabgabe<br \/>\nIm Falle einer Stornierung 4 Tage vor Anreisetermin fallen f\u00fcr den Gast Stornokosten in der H\u00f6he von 20% vom Gesamtbetrag an.<br \/>\nIm Falle einer Stornierung am Anreisetag nach 10:00 Uhr oder Nicht-Erscheinen fallen f\u00fcr den Gast Stornokosten in der H\u00f6he von 90% vom Gesamtbetrag an.<\/p>","protected":false},"excerpt":{"rendered":"<p>Die Riegersburg gilt als die gr\u00f6\u00dfte Burg der Steiermark und ist eines der beliebtesten Ausflugsziele des Landes. Als uneinnehmbare Festung thront sie hoch oben am Felsen und ist nicht umsonst eine der beliebtesten Sehensw\u00fcrdigkeiten der Region. Dank ihrer imposanten Befestigungsanlage und der einzigartigen Lage der Burg, z\u00e4hlte sie schon anno dazumal zur st\u00e4rksten Festung des [&hellip;]<\/p>\n","protected":false},"featured_media":0,"comment_status":"open","ping_status":"closed","template":"","meta":[],"product_brand":[],"product_cat":[22],"product_tag":[],"class_list":{"0":"post-51476","1":"product","2":"type-product","3":"status-publish","5":"product_cat-listeo-booking","7":"first","8":"instock","9":"virtual","10":"sold-individually","11":"taxable","12":"purchasable","13":"product-type-listing_booking"},"_links":{"self":[{"href":"https:\/\/historicrooms.com\/de\/wp-json\/wp\/v2\/product\/51476","targetHints":{"allow":["GET"]}}],"collection":[{"href":"https:\/\/historicrooms.com\/de\/wp-json\/wp\/v2\/product"}],"about":[{"href":"https:\/\/historicrooms.com\/de\/wp-json\/wp\/v2\/types\/product"}],"replies":[{"embeddable":true,"href":"https:\/\/historicrooms.com\/de\/wp-json\/wp\/v2\/comments?post=51476"}],"wp:attachment":[{"href":"https:\/\/historicrooms.com\/de\/wp-json\/wp\/v2\/media?parent=51476"}],"wp:term":[{"taxonomy":"product_brand","embeddable":true,"href":"https:\/\/historicrooms.com\/de\/wp-json\/wp\/v2\/product_brand?post=51476"},{"taxonomy":"product_cat","embeddable":true,"href":"https:\/\/historicrooms.com\/de\/wp-json\/wp\/v2\/product_cat?post=51476"},{"taxonomy":"product_tag","embeddable":true,"href":"https:\/\/historicrooms.com\/de\/wp-json\/wp\/v2\/product_tag?post=51476"}],"curies":[{"name":"wp","href":"https:\/\/api.w.org\/{rel}","templated":true}]}}