{"id":50598,"date":"2023-11-13T18:13:22","date_gmt":"2023-11-13T17:13:22","guid":{"rendered":"https:\/\/sz.alpsware.dev\/product\/burg-landskron\/"},"modified":"2023-11-13T18:13:22","modified_gmt":"2023-11-13T17:13:22","slug":"burg-landskron","status":"publish","type":"product","link":"https:\/\/historicrooms.com\/de\/produkt\/burg-landskron\/","title":{"rendered":"Burg Landskron"},"content":{"rendered":"<h1>Ob privat oder beruflich, die Burg Landskron ist immer eine besondere Location<\/h1>\n<p>&nbsp;<\/p>\n<p>Die Burg Landskron bietet die einzigartige M\u00f6glichkeit, inmitten einer historischen Kulisse, Seminare abzuhalten und Events zu kreieren. Die restaurierten R\u00e4umlichkeiten in der Burg bieten Ihren G\u00e4sten einen exklusiven Rahmen. Durch die hervorragende technische Ausstattung wird jeder Anlass zu einem perfekten Erlebnis. Zus\u00e4tzlich zu den R\u00e4umen bietet die Burg Landskron attraktive Au\u00dfenbereiche an, die fu\u0308r Teamaktivit\u00e4ten oder Pausen genutzt werden k\u00f6nnen. Die Teilnehmer haben hier die Gelegenheit, die beeindruckende Aussicht zu genie\u00dfen und sich von der Atmosph\u00e4re inspirieren zu lassen. Um Sie und Ihre G\u00e4ste kulinarisch zu verw\u00f6hnen, zaubert Ihnen die \u201eBurg Ku\u0308che\u201c fu\u0308rstliche Gerichte aus der Region. Fu\u0308r einen reibungslosen Ablauf begleitet Sie das Burg Team von Anfang an und sorgt fu\u0308r eine professionelle Betreuung vor Ort.<\/p>\n<p>&nbsp;<\/p>\n<p><strong>R\u00e4ume: bei Kinobestuhlung:<\/strong><\/p>\n<p>Turmsaal:\u00a0 \u00a0 \u00a0 \u00a0 \u00a0 \u00a0 105m2 f\u00fcr max. 110 Personen<\/p>\n<p>Kronensaal:\u00a0 \u00a0 \u00a0 \u00a0 103m2 f\u00fcr max. 72 Personen<\/p>\n<p>Burgst\u00fcberl:\u00a0 \u00a0 \u00a0 \u00a0 \u00a058m2 f\u00fcr max. 32 Personen<\/p>\n<p>Mareschsaal:\u00a0 \u00a0 \u00a0 \u00a0 93m2 f\u00fcr max. 40 Personen<\/p>\n<p>&nbsp;<\/p>\n<p class=\"translation-block\">Eine <strong>Kapelle<\/strong> steht f\u00fcr Hochzeiten zur Verf\u00fcgung.<\/p>\n<p>&nbsp;<\/p>\n<p><strong>Rahmenprogramm auf der Burg<\/strong><\/p>\n<p>Adlerarena<\/p>\n<p>Affenberg<\/p>\n<p>&nbsp;<\/p>","protected":false},"excerpt":{"rendered":"<p>Ob privat oder beruflich, die Burg Landskron ist immer eine besondere Location &nbsp; Die Burg Landskron bietet die einzigartige M\u00f6glichkeit, inmitten einer historischen Kulisse, Seminare abzuhalten und Events zu kreieren. Die restaurierten R\u00e4umlichkeiten in der Burg bieten Ihren G\u00e4sten einen exklusiven Rahmen. Durch die hervorragende technische Ausstattung wird jeder Anlass zu einem perfekten Erlebnis. Zus\u00e4tzlich [&hellip;]<\/p>\n","protected":false},"featured_media":0,"comment_status":"open","ping_status":"closed","template":"","meta":[],"product_brand":[],"product_cat":[],"product_tag":[],"class_list":{"0":"post-50598","1":"product","2":"type-product","3":"status-publish","6":"first","7":"instock","8":"taxable","9":"shipping-taxable","10":"product-type-simple"},"_links":{"self":[{"href":"https:\/\/historicrooms.com\/de\/wp-json\/wp\/v2\/product\/50598","targetHints":{"allow":["GET"]}}],"collection":[{"href":"https:\/\/historicrooms.com\/de\/wp-json\/wp\/v2\/product"}],"about":[{"href":"https:\/\/historicrooms.com\/de\/wp-json\/wp\/v2\/types\/product"}],"replies":[{"embeddable":true,"href":"https:\/\/historicrooms.com\/de\/wp-json\/wp\/v2\/comments?post=50598"}],"wp:attachment":[{"href":"https:\/\/historicrooms.com\/de\/wp-json\/wp\/v2\/media?parent=50598"}],"wp:term":[{"taxonomy":"product_brand","embeddable":true,"href":"https:\/\/historicrooms.com\/de\/wp-json\/wp\/v2\/product_brand?post=50598"},{"taxonomy":"product_cat","embeddable":true,"href":"https:\/\/historicrooms.com\/de\/wp-json\/wp\/v2\/product_cat?post=50598"},{"taxonomy":"product_tag","embeddable":true,"href":"https:\/\/historicrooms.com\/de\/wp-json\/wp\/v2\/product_tag?post=50598"}],"curies":[{"name":"wp","href":"https:\/\/api.w.org\/{rel}","templated":true}]}}