{"id":50560,"date":"2023-11-13T16:19:29","date_gmt":"2023-11-13T15:19:29","guid":{"rendered":"https:\/\/sz.alpsware.dev\/product\/insel\/"},"modified":"2023-11-13T16:19:29","modified_gmt":"2023-11-13T15:19:29","slug":"insel","status":"publish","type":"product","link":"https:\/\/historicrooms.com\/de\/produkt\/insel\/","title":{"rendered":"Inselhotel am Faakersee"},"content":{"rendered":"<h1 style=\"font-weight: 400\">Ein Paradies auf Erden mit 80.000 qm\u00b2 Natur pur<\/h1>\n<p style=\"font-weight: 400\" class=\"translation-block\"><span style=\"font-weight: 400\">Wie es bereits der Name verr\u00e4t, liegt dieses au\u00dfergew\u00f6hnliche Urlaubsdomizil auf einer idyllischen <strong>autofreien<\/strong> <strong>Insel<\/strong> \u2013 mitten in \u00d6sterreichs s\u00fcdlichstem See \u2013 &nbsp;dem Faaker See in K\u00e4rnten. <\/span>Von diesem T\u00fcrkisblau, welches sich mit einem Smaragdgr\u00fcn an manchen Wasserstellen trifft, werden Sie noch lange tr\u00e4umen.<\/p>\n<p style=\"font-weight: 400\">Auf der Terrasse des Hauses, wo schon Ludwig Wittgenstein oder der Villacher Chronist Carl Ghon sa\u00dfen, werden unsere G\u00e4ste mit schmackhaften, regionalen und internationalen K\u00f6stlichkeiten verw\u00f6hnt. Ein besonderes Highlight ist die antike, unter Denkmalschutz stehende Badeanstalt. Hier sp\u00fcrt man noch den Geist der Sommerfrische der Jahrhundertwende und genie\u00dft dennoch moderne Comfort.<\/p>\n<p style=\"font-weight: 400\" class=\"translation-block\"><strong>Alle Zimmer und Juniorsuiten<\/strong> sind mit Seeblick, Bad oder Dusche, WC, Telefon, Sat-TV, F\u00f6n, Safe und Bademantel ausgestattet. Viele unserer Doppelzimmer und Suiten haben einen Balkon Richtung S\u00fcden oder Westen.<\/p>\n<p style=\"font-weight: 400\">Badetasche, Badet\u00fccher, Sonnenschirme und Strandliegen stehen Ihnen w\u00e4hrend Ihres Aufenthaltes zur Verf\u00fcgung.<\/p>\n<div>\n<p class=\"translation-block\"><b>HUNDE: <\/b>\u20ac 20,- pro Nacht (ohne Futter), aus hygienischen Gr\u00fcnden am Strand und im Restaurant nicht erlaubt. Endreinigung bei Hunden im Zimmer \u20ac 40,-.<\/p>\n<div>\n<p class=\"translation-block\"><b>EINZELBELEGUNG: <\/b>Vor- und Nachsaison: 25% Einzelzimmerzuschlag, Hauptsaison und Harleytime: 50% Einzelzimmerzuschlag<\/p>\n<div>\n<p class=\"translation-block\"><b>AUFENTHALT NUR MIT FR\u00dcHST\u00dcCK: <\/b>auf Anfrage<\/p>\n<div>\n<p class=\"translation-block\"><b>ANZAHLUNGSBEDINGUNGEN: <\/b>Ihre Reservierung wird mit dem Eingang einer Anzahlung in der H\u00f6he von 30 % des gesamten vereinbarten Arrangementpreises fix.<\/p>\n<p>Ihre Harley-Time Reservierung wird mit dem Eingang einer 100%igen Anzahlung bis 15.7. fix.<\/p>\n<div>\n<h4>Check in<\/h4>\n<p>Anreise: ab 15:00 Uhr<\/p>\n<p>Abreise: bis 11:00 Uhr; sehr gerne k\u00f6nnen Sie am Abreisetag unseren Badestrand und alle sportlichen Aktivit\u00e4ten bis 18 Uhr n\u00fctzen.<\/p>\n<div>\n<h4><b>STORNOBEDINGUNGEN:\u00a0<\/b><\/h4>\n<\/div>\n<\/div>\n<div>\n<p style=\"font-weight: 400\">&#8211; Bis 3 Monate vor dem Ankunftstag kann der Beherbergungsvertrag ohne Entrichtung einer Stornogeb\u00fchr aufgel\u00f6st werden.<\/p>\n<p style=\"font-weight: 400\" class=\"translation-block\">\u2013 Bis 1 Monat vor dem Ankunftstag 40 % vom gesamten Arrangementpreis;<br>\r\n\u2013 Bis 1 Woche vor dem Ankunftstag 70 % vom gesamten Arrangementpreis;<br>\r\n\u2013 In der letzten Woche vor dem Ankunftstag 90 % vom gesamten Arrangementpreis. Im \u00dcbrigen gelten die <a style=\"font-style: inherit;font-weight: inherit\" href=\"http:\/\/www.hotelverband.at\/down\/AGBH_061115.pdf\" target=\"_self\">\u00d6sterreichischen Hotelvertragsbedingungen<\/a>&nbsp;(\u00d6HVB).<\/p>\n<p style=\"font-weight: 400\">\n<\/div>\n<div><\/div>\n<div><\/div>\n<\/div>\n<\/div>\n<\/div>\n<\/div>\n<p>&nbsp;<\/p>","protected":false},"excerpt":{"rendered":"<p>Ein Paradies auf Erden mit 80.000 qm\u00b2 Natur pur Wie es bereits der Name verr\u00e4t, liegt dieses au\u00dfergew\u00f6hnliche Urlaubsdomizil auf einer idyllischen autofreien Insel &#8211; mitten in \u00d6sterreichs s\u00fcdlichstem See &#8211; \u00a0dem Faaker See in K\u00e4rnten. Von diesem T\u00fcrkisblau, welches sich mit einem Smaragdgr\u00fcn an manchen Wasserstellen trifft, werden Sie noch lange tr\u00e4umen. Auf der [&hellip;]<\/p>\n","protected":false},"featured_media":0,"comment_status":"open","ping_status":"closed","template":"","meta":[],"product_brand":[],"product_cat":[],"product_tag":[],"class_list":{"0":"post-50560","1":"product","2":"type-product","3":"status-publish","6":"first","7":"instock","8":"taxable","9":"shipping-taxable","10":"product-type-simple"},"_links":{"self":[{"href":"https:\/\/historicrooms.com\/de\/wp-json\/wp\/v2\/product\/50560","targetHints":{"allow":["GET"]}}],"collection":[{"href":"https:\/\/historicrooms.com\/de\/wp-json\/wp\/v2\/product"}],"about":[{"href":"https:\/\/historicrooms.com\/de\/wp-json\/wp\/v2\/types\/product"}],"replies":[{"embeddable":true,"href":"https:\/\/historicrooms.com\/de\/wp-json\/wp\/v2\/comments?post=50560"}],"wp:attachment":[{"href":"https:\/\/historicrooms.com\/de\/wp-json\/wp\/v2\/media?parent=50560"}],"wp:term":[{"taxonomy":"product_brand","embeddable":true,"href":"https:\/\/historicrooms.com\/de\/wp-json\/wp\/v2\/product_brand?post=50560"},{"taxonomy":"product_cat","embeddable":true,"href":"https:\/\/historicrooms.com\/de\/wp-json\/wp\/v2\/product_cat?post=50560"},{"taxonomy":"product_tag","embeddable":true,"href":"https:\/\/historicrooms.com\/de\/wp-json\/wp\/v2\/product_tag?post=50560"}],"curies":[{"name":"wp","href":"https:\/\/api.w.org\/{rel}","templated":true}]}}