{"id":50538,"date":"2023-11-09T11:50:52","date_gmt":"2023-11-09T10:50:52","guid":{"rendered":"https:\/\/sz.alpsware.dev\/product\/schloshof-weisenbach\/"},"modified":"2023-11-09T11:50:52","modified_gmt":"2023-11-09T10:50:52","slug":"schloshof-weisenbach","status":"publish","type":"product","link":"https:\/\/historicrooms.com\/de\/produkt\/schloshof-weisenbach\/","title":{"rendered":"Rentei von Schloss Wei\u00dfenbach"},"content":{"rendered":"<h1>Das Ferienidyll im Schlo\u00dfhof Wei\u00dfenbach<\/h1>\n<p>&nbsp;<\/p>\n<p style=\"font-weight: 400\" class=\"translation-block\">Das Ferienidyll geh\u00f6rt zum barocken Schlosskomplex in der gleichnamigen Ortschaft Wei\u00dfenbach in der unterfr\u00e4nkischen Gemeinde Zeitlofs im Landkreis Bad Kissingen. Die <strong>Ferienwohnung<\/strong> befindet sich in der <strong>historischen Rentei<\/strong>, in der Sie der ganz besondere Charme eines historischen Baudenkmals erwartet, erg\u00e4nzt mit den modernen Bequemlichkeiten des Lebens.<\/p>\n<p>&nbsp;<\/p>\n<p style=\"font-weight: 400\" class=\"translation-block\">Die Ferienwohnung, mit genug Freiraum f\u00fcr alle G\u00e4ste, bietet <strong>Platz f\u00fcr bis zu 12 Personen<\/strong> auf zwei Stockwerken in 5 Schlafzimmern, 3 B\u00e4der sowie 2 G\u00e4ste-WC. Vom vollausgestatteten K\u00fcchen-Essbereich kann man sich f\u00fcr Spiele oder Gespr\u00e4che vor dem Kamin im Wohnzimmer zusammenfinden. R\u00fcckzugsorte zum Lesen bieten die gro\u00dfz\u00fcgigen Schlafzimmer oder der Lesebereich. Ein Glasfaseranschluss sorgt f\u00fcr den n\u00f6tigen Draht zur Au\u00dfenwelt.<\/p>\n<p>&nbsp;<\/p>\n<p style=\"font-weight: 400\">Hier ist der ideale Ort zum Abschalten, um (im Sommer) im Garten oder auf der Terrasse die Ruhe der Nacht oder vom wohnungseigenen Bootssteg den klaren Sternenhimmel zu genie\u00dfen. Auch ein Ruderboot steht f\u00fcr kleine Runden auf dem \u00a0Weiher zur Verf\u00fcgung. Im Winter bietet der Weiher bei passender Witterung die M\u00f6glichkeit Schlittschuh zu laufen. Anschlie\u00dfend w\u00e4rmt die private Sauna wieder auf.<\/p>\n<p>&nbsp;<\/p>\n<p style=\"font-weight: 400\">Bis zu 4 PKW lassen sich problemlos direkt vor dem Haus parken. F\u00fcr E-Bikes steht ein abschlie\u00dfbarer Schuppen zur Verf\u00fcgung, der auch \u00fcber die n\u00f6tigen Steckdosen verf\u00fcgt, um am n\u00e4chsten Tag mit vollem Akku eine Erkundungstour durch die sch\u00f6ne Rh\u00f6n unternehmen zu k\u00f6nnen.<\/p>\n<p>&nbsp;<\/p>\n<p style=\"font-weight: 400\">Die Ferienwohnung wird, wie auch der Rest des Hofes, nachhaltig mit Holz aus dem eigenen Wald beheizt. Gr\u00fcnen Strom produzieren wir seit dem Fr\u00fchjahr 2023 auf einem der D\u00e4cher mit einer Photovoltaikanlage.<\/p>\n<p>&nbsp;<\/p>\n<p style=\"font-weight: 400\"><strong>In aller K\u00fcrze:<\/strong><\/p>\n<p>* \u00a0Buchbar ab 2 N\u00e4chten, ab 6 N\u00e4chten gew\u00e4hren wir einen Rabatt von 25%<\/p>\n<p>* \u00a0Grundpreis f\u00fcr bis zu 8 Personen \u20ac 590,&#8211;\/\u00dcN, \u00a0jeder weitere Gast \u20ac 22,&#8211;\/\u00dcN<\/p>\n<p>* \u00a0Die Miete versteht sich inkl. Heizkosten, Strom und Wasser, sowie einer Endreinigung. Reinigung und W\u00e4schetausch w\u00e4hrend des Aufenthaltes auf Wunsch gegen Extraverrechnung m\u00f6glich,<\/p>\n<p>* \u00a0Haustier \u20ac 5,&#8211;\/\u00dcN<\/p>\n<p>* \u00a0Auf dem Hof steht Brennholz f\u00fcr den Kamin bereit<\/p>\n<p style=\"font-weight: 400\">*\u00a0 Mindestaufenthaltsdauer 2 N\u00e4chte<\/p>\n<p>&nbsp;<\/p>\n<p><strong>Check in:<\/strong><\/p>\n<p>Anreise: ab 17:00 Uhr oder nach Vereinbarung<\/p>\n<p>Abreise: bis 10:00 Uhr oder nach Vereinbarung<\/p>\n<p>&nbsp;<\/p>\n<p><strong>Entfernungen<\/strong><\/p>\n<p>Einkaufen (regional): im Ort<\/p>\n<p>Bus: Bad Br\u00fcckenau 10km<\/p>\n<p>Bahnhof: ICE &#8211; Fulda ca. 40 min, W\u00fcrzburg ca. 50min<\/p>\n<p>&nbsp;<\/p>\n<p><strong>Ausflugsziele<\/strong>:<\/p>\n<p>Naturschwimmbad Altengronau, Tennisplatz\/-halle, Kino (Rh\u00f6n-Lichtspiele, Bad Bru\u0308ckenau), Hochseilgarten Bad Bru\u0308ckenau, Wasserskianlage\/Wakepark Thulba, Wildpark Klaushof Bad Kisingen, Erlebnispark Steinau, Kanuverleih Hammelburg<\/p>","protected":false},"excerpt":{"rendered":"<p>Das Ferienidyll im Schlo\u00dfhof Wei\u00dfenbach &nbsp; Das Ferienidyll geh\u00f6rt zum barocken Schlosskomplex in der gleichnamigen Ortschaft Wei\u00dfenbach in der unterfr\u00e4nkischen Gemeinde Zeitlofs im Landkreis Bad Kissingen. Die Ferienwohnung befindet sich in der historischen Rentei, in der Sie der ganz besondere Charme eines historischen Baudenkmals erwartet, erg\u00e4nzt mit den modernen Bequemlichkeiten des Lebens. &nbsp; Die Ferienwohnung, [&hellip;]<\/p>\n","protected":false},"featured_media":0,"comment_status":"open","ping_status":"closed","template":"","meta":[],"product_brand":[],"product_cat":[],"product_tag":[],"class_list":{"0":"post-50538","1":"product","2":"type-product","3":"status-publish","6":"first","7":"instock","8":"taxable","9":"shipping-taxable","10":"product-type-simple"},"_links":{"self":[{"href":"https:\/\/historicrooms.com\/de\/wp-json\/wp\/v2\/product\/50538","targetHints":{"allow":["GET"]}}],"collection":[{"href":"https:\/\/historicrooms.com\/de\/wp-json\/wp\/v2\/product"}],"about":[{"href":"https:\/\/historicrooms.com\/de\/wp-json\/wp\/v2\/types\/product"}],"replies":[{"embeddable":true,"href":"https:\/\/historicrooms.com\/de\/wp-json\/wp\/v2\/comments?post=50538"}],"wp:attachment":[{"href":"https:\/\/historicrooms.com\/de\/wp-json\/wp\/v2\/media?parent=50538"}],"wp:term":[{"taxonomy":"product_brand","embeddable":true,"href":"https:\/\/historicrooms.com\/de\/wp-json\/wp\/v2\/product_brand?post=50538"},{"taxonomy":"product_cat","embeddable":true,"href":"https:\/\/historicrooms.com\/de\/wp-json\/wp\/v2\/product_cat?post=50538"},{"taxonomy":"product_tag","embeddable":true,"href":"https:\/\/historicrooms.com\/de\/wp-json\/wp\/v2\/product_tag?post=50538"}],"curies":[{"name":"wp","href":"https:\/\/api.w.org\/{rel}","templated":true}]}}