{"id":50482,"date":"2023-10-18T08:48:12","date_gmt":"2023-10-18T07:48:12","guid":{"rendered":"https:\/\/sz.alpsware.dev\/product\/castello-di-aiello\/"},"modified":"2023-10-18T08:48:12","modified_gmt":"2023-10-18T07:48:12","slug":"castello-di-aiello","status":"publish","type":"product","link":"https:\/\/historicrooms.com\/de\/produkt\/castello-di-aiello\/","title":{"rendered":"Castello di Aiello"},"content":{"rendered":"<h1>Al Castello di Aiello &#8211; \u00a0ein Geheimtipp zwischen Udine und Grado<\/h1>\n<p>Das Feriendomizil \u201cAl Castello\u201c hei\u00dft Sie in Aiello herzlich willkommen. Ein kleiner Ort im Friaul, der es wert ist, entdeckt zu werden. Die Geschichte ist eng mit dem Habsburger Reich, den Sonnenuhren und dem Museum der b\u00e4uerlichen Kultur des kaiserlichen Friauls verbunden.<span class=\"Apple-converted-space\">\u00a0<\/span><\/p>\n<p>&nbsp;<\/p>\n<p>Vom <strong>Belvedere-Turm<\/strong> reicht der Blick Richtung S\u00fcden \u00fcber die niedrige Friaul-Ebene und Richtung Norden auf die hohen Gipfel der Julischen Alpen.<span class=\"Apple-converted-space\">\u00a0<\/span><\/p>\n<p>&nbsp;<\/p>\n<p>F\u00fcr G\u00e4ste hat der Eigent\u00fcmer einen Seitenfl\u00fcgel mit allem Komfort ausgestattet. Die Zimmer sind auf zwei Etagen verteilt. Der markante Turm dient als Treppenhaus und die oberste Etage wird als Atelier f\u00fcr K\u00fcnstler gen\u00fctzt und ist f\u00fcr die G\u00e4ste jederzeit begehbar.<\/p>\n<p>&nbsp;<\/p>\n<p>Jede Etage verf\u00fcgt \u00fcber 2 Schlafzimmer mit Bad, eines davon kann als Familienzimmer f\u00fcr 4 Personen gen\u00fctzt werden, ein Wohn-Esszimmer und eine K\u00fcche.<span class=\"Apple-converted-space\">\u00a0<\/span><\/p>\n<p>&nbsp;<\/p>\n<p>Die beiden Etagen sind unabh\u00e4ngig voneinander ben\u00fctzbar, haben sehr gro\u00dfe Zimmer jedes mit LCD-Sat-TV und kostenlosem WI-FI.<span class=\"Apple-converted-space\"> Jede Etage kann auch als\u00a0 Ferienwohnung f\u00fcr 4-6 Personen genutzt werden.<\/span><\/p>\n<h2><i>In Aiello finden Sie &#8230;<\/i><\/h2>\n<p>eine angenehme l\u00e4ndliche Umgebung mit \u00fcber 100 Sonnenuhren (die es als das Dorf der Sonnenuhren ausweisen), verschiedene Wander- und Radwege,<span class=\"Apple-converted-space\"> \u00a0<\/span>das Museum der b\u00e4uerlichen Kultur des kaiserlichen Friauls und \u00fcber 90 Gesch\u00e4fte im Outlet Village Palmanova.<\/p>\n<p><strong>Check<\/strong> <strong>In<\/strong>: Jederzeit, nach Vereinbarung<\/p>\n<p><strong>Entfernungen:<\/strong><\/p>\n<p>N\u00e4chster Ort, Einkaufsm\u00f6glichkeit: Aiello 200 m, Cervignano del Friuli 6km<\/p>\n<p>Outlet Palmanova: 2 km<\/p>\n<p>Bahnhof: Cervignano del Friuli 6km<\/p>\n<p>Flughafen: Trieste 20 km<\/p>\n<p>Autobahn Palmanova: 5 km<\/p>\n<p>Restaurant: Aiello, 200 m<\/p>\n<p>&nbsp;<\/p>\n<p>&nbsp;<\/p>\n<p>&nbsp;<\/p>","protected":false},"excerpt":{"rendered":"<p>Al Castello di Aiello &#8211; \u00a0ein Geheimtipp zwischen Udine und Grado Das Feriendomizil \u201cAl Castello\u201c hei\u00dft Sie in Aiello herzlich willkommen. Ein kleiner Ort im Friaul, der es wert ist, entdeckt zu werden. Die Geschichte ist eng mit dem Habsburger Reich, den Sonnenuhren und dem Museum der b\u00e4uerlichen Kultur des kaiserlichen Friauls verbunden.\u00a0 &nbsp; Vom [&hellip;]<\/p>\n","protected":false},"featured_media":0,"comment_status":"open","ping_status":"closed","template":"","meta":[],"product_brand":[],"product_cat":[],"product_tag":[],"class_list":{"0":"post-50482","1":"product","2":"type-product","3":"status-publish","6":"first","7":"instock","8":"taxable","9":"shipping-taxable","10":"product-type-simple"},"_links":{"self":[{"href":"https:\/\/historicrooms.com\/de\/wp-json\/wp\/v2\/product\/50482","targetHints":{"allow":["GET"]}}],"collection":[{"href":"https:\/\/historicrooms.com\/de\/wp-json\/wp\/v2\/product"}],"about":[{"href":"https:\/\/historicrooms.com\/de\/wp-json\/wp\/v2\/types\/product"}],"replies":[{"embeddable":true,"href":"https:\/\/historicrooms.com\/de\/wp-json\/wp\/v2\/comments?post=50482"}],"wp:attachment":[{"href":"https:\/\/historicrooms.com\/de\/wp-json\/wp\/v2\/media?parent=50482"}],"wp:term":[{"taxonomy":"product_brand","embeddable":true,"href":"https:\/\/historicrooms.com\/de\/wp-json\/wp\/v2\/product_brand?post=50482"},{"taxonomy":"product_cat","embeddable":true,"href":"https:\/\/historicrooms.com\/de\/wp-json\/wp\/v2\/product_cat?post=50482"},{"taxonomy":"product_tag","embeddable":true,"href":"https:\/\/historicrooms.com\/de\/wp-json\/wp\/v2\/product_tag?post=50482"}],"curies":[{"name":"wp","href":"https:\/\/api.w.org\/{rel}","templated":true}]}}