{"id":50326,"date":"2023-06-27T08:02:08","date_gmt":"2023-06-27T07:02:08","guid":{"rendered":"https:\/\/sz.alpsware.dev\/product\/hofratshaus-bartenstein\/"},"modified":"2023-06-27T08:02:08","modified_gmt":"2023-06-27T07:02:08","slug":"hofratshaus-bartenstein","status":"publish","type":"product","link":"https:\/\/historicrooms.com\/de\/produkt\/hofratshaus-bartenstein\/","title":{"rendered":"Hofratshaus Bartenstein"},"content":{"rendered":"<h1><strong>In der Genie\u00dferregion Hohenlohe, im Land der Burgen und Schl\u00f6sser<\/strong><\/h1>\n<p>Hohenlohe l\u00e4dt zum Erkunden ein. Ob Wandern, Rad fahren, Schlemmen oder Sightseeing, hier ist f\u00fcr alle etwas dabei. Besonders das kleine \u00e4sthetische Bartenstein, die barocke Perle unter den hohenlohischen Residenzen, strahlt authentische Gem\u00fctlichkeit aus. Hier k\u00f6nnen Sie inmitten der Natur entspannen und den Alltagsstress f\u00fcr kurze Zeit beiseite lassen oder zu naheliegenden Ausflugszielen aufbrechen.<\/p>\n<p>Die <strong>\u00f6kologisch renovierte Ferienwohnung<\/strong> im <strong>Hofratshaus Bartenstein<\/strong> liegt an der Schlossstra\u00dfe des idyllischen St\u00e4dtchens. Zwischen Residenzschloss und Stadttor k\u00f6nnen Sie in die Geschichte der fr\u00fcher bedeutsamen Stadt eintauchen oder auch einfach den Ausblick in das Ettetal genie\u00dfen.<\/p>\n<p>Die Ferienwohnung befindet sich im Erdgeschoss, direkt im historischen Ortskern: vorne Altstadt, hinten freier Talblick! Das Haus von 1749 steht unter Denkmalschutz und bietet eine gem\u00fctliche Mischung aus moderner Ausstattung und klassischer Gestaltung.<\/p>\n<p>Die Wohnung mit etwa 90 qm ist weitestgehend barrierefrei und bietet Platz f\u00fcr 4 Personen. Da das gesamte Haus mit nat\u00fcrlichem Lehmputz renoviert wurde, hat es ein ganz besonders gutes Raumklima, die dicken Mauern halten die Wohnung im Sommer angenehm k\u00fchl.<\/p>\n<p>Der gro\u00dfe Flur wird gemeinsam mit dem Gastgeber als Ein- bzw. Durchgang genutzt. Alle Ferienr\u00e4ume sind aber separat und abschlie\u00dfbar. Kostenlose \u00f6ffentliche Parkm\u00f6glichkeiten gibt es direkt vor dem Haus an der Stra\u00dfe.<\/p>\n<h2 class=\"western\"><strong><span style=\"font-family: var headingsfontfamily, var nv-fallback-ff\">Preise<\/span><\/strong><\/h2>\n<p>130,- Euro pro Nacht f\u00fcr die gesamte FeWo (1-4 Personen), buchbar ab 2 \u00dcbernachtungen<br \/>\nPreis ist inkl. Bettw\u00e4sche, Handt\u00fccher und Endreinigung.<\/p>\n<h2 class=\"western\"><strong><span style=\"font-family: var headingsfontfamily, var nv-fallback-ff\">Zahlungsmodalit\u00e4t & Check in<\/span><\/strong><\/h2>\n<ul>\n<li>Anzahlung: 80% des Reisepreises bis 14 Tage vor Anreise; Restzahlung: \u00dcberweisung vor Anreise oder bar vor Ort<\/li>\n<li>Kaution: keine<\/li>\n<li>Anreisetag: T\u00e4glich Montag bis Sonntag \u2013 fr\u00fcheste Anreisezeit: 16:00 Uhr; Zugang unkompliziert \u00fcber Zutrittscode, erhalten Sie nach Buchung mit Anleitung per Mail<\/li>\n<li>Abreise: bis sp\u00e4testens 11:00 Uhr<\/li>\n<li><em>Spezielle Absprachen jederzeit m\u00f6glich<\/em><\/li>\n<\/ul>\n<p>Stornierungen bis 14 Tage vor Anreise sind kostenfrei m\u00f6glich, sp\u00e4tere Stornierungen werden mit 80% des Reisepreises berechnet.<\/p>\n<p>\u00a0<\/p>\n<p><strong>Entfernungen:<\/strong><\/p>\n<p>Bus: 0,5 km<\/p>\n<p>Bahnhof: 7 km<\/p>\n<p>Flughafen: 140 km<\/p>\n<p>Restaurant: 2 km<\/p>\n<p>Einkaufsm\u00f6glichkeiten: 7 km<\/p>\n<p>\u00a0<\/p>","protected":false},"excerpt":{"rendered":"<p>In der Genie\u00dferregion Hohenlohe, im Land der Burgen und Schl\u00f6sser Hohenlohe l\u00e4dt zum Erkunden ein. Ob Wandern, Rad fahren, Schlemmen oder Sightseeing, hier ist f\u00fcr alle etwas dabei. Besonders das kleine \u00e4sthetische Bartenstein, die barocke Perle unter den hohenlohischen Residenzen, strahlt authentische Gem\u00fctlichkeit aus. Hier k\u00f6nnen Sie inmitten der Natur entspannen und den Alltagsstress f\u00fcr [&hellip;]<\/p>\n","protected":false},"featured_media":0,"comment_status":"open","ping_status":"closed","template":"","meta":[],"product_brand":[],"product_cat":[22],"product_tag":[],"class_list":{"0":"post-50326","1":"product","2":"type-product","3":"status-publish","5":"product_cat-listeo-booking","7":"first","8":"instock","9":"virtual","10":"sold-individually","11":"taxable","12":"purchasable","13":"product-type-listing_booking"},"_links":{"self":[{"href":"https:\/\/historicrooms.com\/de\/wp-json\/wp\/v2\/product\/50326","targetHints":{"allow":["GET"]}}],"collection":[{"href":"https:\/\/historicrooms.com\/de\/wp-json\/wp\/v2\/product"}],"about":[{"href":"https:\/\/historicrooms.com\/de\/wp-json\/wp\/v2\/types\/product"}],"replies":[{"embeddable":true,"href":"https:\/\/historicrooms.com\/de\/wp-json\/wp\/v2\/comments?post=50326"}],"wp:attachment":[{"href":"https:\/\/historicrooms.com\/de\/wp-json\/wp\/v2\/media?parent=50326"}],"wp:term":[{"taxonomy":"product_brand","embeddable":true,"href":"https:\/\/historicrooms.com\/de\/wp-json\/wp\/v2\/product_brand?post=50326"},{"taxonomy":"product_cat","embeddable":true,"href":"https:\/\/historicrooms.com\/de\/wp-json\/wp\/v2\/product_cat?post=50326"},{"taxonomy":"product_tag","embeddable":true,"href":"https:\/\/historicrooms.com\/de\/wp-json\/wp\/v2\/product_tag?post=50326"}],"curies":[{"name":"wp","href":"https:\/\/api.w.org\/{rel}","templated":true}]}}