{"id":34987,"date":"2023-02-16T15:13:59","date_gmt":"2023-02-16T14:13:59","guid":{"rendered":"https:\/\/sz.alpsware.dev\/product\/schlosshotel-see-villa-gemeinsam-fasten\/"},"modified":"2023-02-16T15:13:59","modified_gmt":"2023-02-16T14:13:59","slug":"schlosshotel-see-villa-gemeinsam-fasten","status":"publish","type":"product","link":"https:\/\/historicrooms.com\/de\/produkt\/schlosshotel-see-villa-gemeinsam-fasten\/","title":{"rendered":"Schlosshotel See Villa &#8211; Gemeinsam FASTEN"},"content":{"rendered":"<h1><strong>\u201eFasten am See\u201c<\/strong><\/h1>\n<h2>\u00a013.10. \u2013 20.10.2023<\/h2>\n<p>mit Barbara Ebner und Team (Fastenleiterin seit \u00fcber 18 Jahren &amp; Gesundheitscoach)<\/p>\n<p><strong>\u00a0<\/strong><\/p>\n<p>Unser Partner, das Schloss-Hotel See-Villa Tacoli am Millstaettersee bietet Fastenwochen nach Dr. Buchinger\/ L\u00fctzner an.\u00a0Unter dem Motto \u201eNicht der Wind, sondern DEIN SEGEL bestimmt die Richtung\u201c startet das Hotel mit den Fastenwochen.<\/p>\n<p><strong>Werfen Sie unter professioneller pers\u00f6nlicher Begleitung in einem exklusiven Rahmen alten Ballast \u00fcber Bord.<\/strong><\/p>\n<p>Bei ihrer Fastenwoche begleiten die Trainer:innen Sie zu einer Reise zu sich selbst! Lassen Sie los und geben Sie Ihrem K\u00f6rper die Chance, wieder neu durchzustarten. Wir zeigen Ihnen, wie einfach es ist, K\u00f6rper, Geist &amp; Seele wieder in Einklang zu bringen.<\/p>\n<p>&nbsp;<\/p>\n<p>Erleben Sie die Woche im 4 Sterne Schlosshotel am Millst\u00e4tter See, als perfekte Ruheoase, mit einer ruhigen und traumhaft arrangierten Parkanlage, 200 m Uferl\u00e4nge und einer gro\u00dfen Liegewiese welche gen\u00fcgend Raum zur R\u00fcckkehr zu sich selbst bietet. Mit ganzheitlicher, informativer und professioneller Betreuung in den Bereichen Ern\u00e4hrung \/ Fasten, Bewegung und Entspannung\u00a0sowie zahlreiche Tipps und Tricks f\u00fcr Ihre erfolgreiche Fastenexperience und die darauffolgenden Aufbautagen. Mit dem hauseigenen kleinen Wellnessbereich, welcher exklusiv f\u00fcr die Hotelg\u00e4ste ist, kann der Neustart f\u00fcr Sie und Ihren K\u00f6rper beginnen.<\/p>\n<p>\u200b\u200bJetzt ist Ihre Zeit! Investiere Sie in sich selbst und finden Sie wieder zu mehr Energie, Kraft und Ausdauer!<\/p>\n<p>F\u00fcr Kurzentschlossene SchlossZiummer-Fans bietet das Hotel einen 2:1 Rabat (Kommen sie zu zweit, zahlen Sie nur f\u00fcr eine Person im Doppelzimmer) f\u00fcr ihre erste Fastenwoche exklusiv f\u00fcr Schlosszimmer Freunde am 26.02. \u2013 05.03.2023.<\/p>\n<p>Bitte buchen Sie direkt unter <a href=\"mailto:office@see-villa.at\">office@see-villa.at<\/a>\u00a0 &#8211; Betreff 2:1 Fasten\/SchlossZimmer oder mittels Kontakformular dieser Seite.<\/p>\n<p>&nbsp;<\/p>\n<h1>Unser Angebot beinhaltet:<\/h1>\n<ul>\n<li>Sieben \u00dcbernachtungen in einem der exklusiven und individuellen Zimmer und Suiten des Schlosshotel am Millst\u00e4tter See<\/li>\n<li>Biologisches Entlastungs-bzw. Aufbauabendessen<\/li>\n<li>gemeinsamer Fastenstart mit Einstimmung auf die Fastenwoche nach Dr. Buchinger\/L\u00fctzner mit basischen Suppen, Tees, frischen Obst \u2013 und Gem\u00fcses\u00e4ften<\/li>\n<li>Fastenabschlusszeremonie mit Einstieg in die anschlie\u00dfenden Aufbautage<\/li>\n<li>Einf\u00fchlsame und professionelle Fasten-Begleitung<\/li>\n<li>ganzheitliche, informative und professionelle Betreuung in den Bereichen Ern\u00e4hrung \/ Fasten, Bewegung und Entspannung<\/li>\n<li>zahlreiche Tipps und Tricks f\u00fcr eine erfolgreiche Fastenexperience<\/li>\n<li>t\u00e4gliche Meditationen \/ Bewegungseinheiten, abgestimmt auf die Fastentage<\/li>\n<li>hauseigener Wellness-Bereich exklusiv f\u00fcr Hotelg\u00e4ste<\/li>\n<li>Bootsfahrt am Millst\u00e4tter See<\/li>\n<\/ul>\n<p>&nbsp;<\/p>","protected":false},"excerpt":{"rendered":"<p>\u201eFasten am See\u201c \u00a013.10. \u2013 20.10.2023 mit Barbara Ebner und Team (Fastenleiterin seit \u00fcber 18 Jahren &amp; Gesundheitscoach) \u00a0 Unser Partner, das Schloss-Hotel See-Villa Tacoli am Millstaettersee bietet Fastenwochen nach Dr. Buchinger\/ L\u00fctzner an.\u00a0Unter dem Motto \u201eNicht der Wind, sondern DEIN SEGEL bestimmt die Richtung\u201c startet das Hotel mit den Fastenwochen. Werfen Sie unter professioneller [&hellip;]<\/p>\n","protected":false},"featured_media":0,"comment_status":"open","ping_status":"closed","template":"","meta":[],"product_brand":[],"product_cat":[],"product_tag":[],"class_list":{"0":"post-34987","1":"product","2":"type-product","3":"status-publish","6":"first","7":"instock","8":"taxable","9":"shipping-taxable","10":"product-type-simple"},"_links":{"self":[{"href":"https:\/\/historicrooms.com\/de\/wp-json\/wp\/v2\/product\/34987","targetHints":{"allow":["GET"]}}],"collection":[{"href":"https:\/\/historicrooms.com\/de\/wp-json\/wp\/v2\/product"}],"about":[{"href":"https:\/\/historicrooms.com\/de\/wp-json\/wp\/v2\/types\/product"}],"replies":[{"embeddable":true,"href":"https:\/\/historicrooms.com\/de\/wp-json\/wp\/v2\/comments?post=34987"}],"wp:attachment":[{"href":"https:\/\/historicrooms.com\/de\/wp-json\/wp\/v2\/media?parent=34987"}],"wp:term":[{"taxonomy":"product_brand","embeddable":true,"href":"https:\/\/historicrooms.com\/de\/wp-json\/wp\/v2\/product_brand?post=34987"},{"taxonomy":"product_cat","embeddable":true,"href":"https:\/\/historicrooms.com\/de\/wp-json\/wp\/v2\/product_cat?post=34987"},{"taxonomy":"product_tag","embeddable":true,"href":"https:\/\/historicrooms.com\/de\/wp-json\/wp\/v2\/product_tag?post=34987"}],"curies":[{"name":"wp","href":"https:\/\/api.w.org\/{rel}","templated":true}]}}